{"id":3557,"date":"2025-10-22T11:44:03","date_gmt":"2025-10-22T09:44:03","guid":{"rendered":"https:\/\/igsamcreativo.com\/?page_id=3557"},"modified":"2025-10-22T13:53:56","modified_gmt":"2025-10-22T11:53:56","slug":"politica-de-privacidad","status":"publish","type":"page","link":"https:\/\/igsamcreativo.com\/en\/politica-de-privacidad\/","title":{"rendered":"Privacy Policy"},"content":{"rendered":"<div data-elementor-type=\"wp-page\" data-elementor-id=\"3557\" class=\"elementor elementor-3557\" data-elementor-post-type=\"page\">\n\t\t\t\t\t\t<section class=\"elementor-section elementor-top-section elementor-element elementor-element-5740dc82 elementor-section-boxed elementor-section-height-default elementor-section-height-default\" data-id=\"5740dc82\" data-element_type=\"section\" data-e-type=\"section\">\n\t\t\t\t\t\t<div class=\"elementor-container elementor-column-gap-default\">\n\t\t\t\t\t<div class=\"elementor-column elementor-col-100 elementor-top-column elementor-element elementor-element-14ca7219\" data-id=\"14ca7219\" data-element_type=\"column\" data-e-type=\"column\">\n\t\t\t<div class=\"elementor-widget-wrap elementor-element-populated\">\n\t\t\t\t\t\t<div class=\"elementor-element elementor-element-1c95155 elementor-widget elementor-widget-text-editor\" data-id=\"1c95155\" data-element_type=\"widget\" data-e-type=\"widget\" data-widget_type=\"text-editor.default\">\n\t\t\t\t<div class=\"elementor-widget-container\">\n\t\t\t\t\t\t\t\t\t<p>Whenever we need to obtain information from you, we will always ask you to provide it to us voluntarily and expressly. Any data collected through website forms or other channels will be incorporated into IGSAM CREATIVE\u2019s data-processing systems.<\/p><p>IGSAM CREATIVE will treat your data confidentially and solely for the purpose of providing the services you request, in full compliance with Regulation (EU) 2016\/679 of the European Parliament and of the Council of 27 April 2016, on the protection of natural persons with regard to the processing of personal data and on the free movement of such data, and with Law 34\/2002 of 11 July, on Information Society Services and Electronic Commerce.<\/p>\t\t\t\t\t\t\t\t<\/div>\n\t\t\t\t<\/div>\n\t\t\t\t<div class=\"elementor-element elementor-element-2ecf920 elementor-widget elementor-widget-heading\" data-id=\"2ecf920\" data-element_type=\"widget\" data-e-type=\"widget\" data-widget_type=\"heading.default\">\n\t\t\t\t<div class=\"elementor-widget-container\">\n\t\t\t\t\t<h2 class=\"elementor-heading-title elementor-size-default\">Who is responsible for processing your data?<\/h2>\t\t\t\t<\/div>\n\t\t\t\t<\/div>\n\t\t\t\t<div class=\"elementor-element elementor-element-3bcaa8f elementor-widget elementor-widget-text-editor\" data-id=\"3bcaa8f\" data-element_type=\"widget\" data-e-type=\"widget\" data-widget_type=\"text-editor.default\">\n\t\t\t\t<div class=\"elementor-widget-container\">\n\t\t\t\t\t\t\t\t\t<ul><li>Controller: Ignacio S\u00e1nchez Mart\u00edn<\/li><li>Tax ID (NIF): 02650468V<\/li><li>Address: Calle Garajonay 1, Portal 6, Bajo B, 28701 San Sebasti\u00e1n de los Reyes, Madrid<\/li><li>Email: nacho.sanchez@igsamcreativo.com<\/li><li>Data Protection Officer contact: nacho.sanchez@igsamcreativo.com<\/li><\/ul><p>All notices and communications between users and IGSAM CREATIVE will be deemed effective for all purposes when sent by postal mail or any of the other means listed above.<\/p>\t\t\t\t\t\t\t\t<\/div>\n\t\t\t\t<\/div>\n\t\t\t\t<div class=\"elementor-element elementor-element-75eac58 elementor-widget elementor-widget-heading\" data-id=\"75eac58\" data-element_type=\"widget\" data-e-type=\"widget\" data-widget_type=\"heading.default\">\n\t\t\t\t<div class=\"elementor-widget-container\">\n\t\t\t\t\t<h2 class=\"elementor-heading-title elementor-size-default\">For what purposes do we process your personal data?<\/h2>\t\t\t\t<\/div>\n\t\t\t\t<\/div>\n\t\t\t\t<div class=\"elementor-element elementor-element-a296318 elementor-widget elementor-widget-text-editor\" data-id=\"a296318\" data-element_type=\"widget\" data-e-type=\"widget\" data-widget_type=\"text-editor.default\">\n\t\t\t\t<div class=\"elementor-widget-container\">\n\t\t\t\t\t\t\t\t\t<p>In IGSAM CREATIVE, we process the information you provide us fairly, lawfully, and transparently, in compliance with EU Regulation 2016\/679 of 27 April and Spanish Law 3\/2018 of 5 December on Data Protection and Digital Rights Guarantee.<\/p><p><strong>If you are a CLIENT or SITE USER:<\/strong><\/p><p>We will process the following categories of your personal data:<\/p><ul><li>Identification data: name, surname, national ID, etc.<\/li><li>Contact details: email address, WhatsApp number, etc.<\/li><li>Bank details: account number, credit\/debit card, etc.<\/li><li>Financial information for financing applications: payslips, documents demonstrating solvency, etc.<\/li><li>Other data: any additional information you provide in open forms or communications.<\/li><\/ul><p>We process your data to:<\/p><ul><li>Manage the services, information, commercial relationship, and\/or products you request.<\/li><li>Send you communications of interest (with your prior consent).<\/li><li>Comply with the controller\u2019s legal obligations.<\/li><\/ul><p><strong>If you are an EMPLOYEE or JOB APPLICANT:<\/strong><\/p><p>We will process the following categories of your personal data:<\/p><ul><li>Identification data: name, surname, national ID, etc.<\/li><li>We will process the following categories of your personal data:<\/li><li>Contact details: email address, WhatsApp number, etc.<\/li><li>Bank details: account number, account holder name, SEPA mandate.<\/li><li>Image: photograph.<\/li><li>Other data: any additional information you provide in open forms or communications.<\/li><\/ul><p>We process your data to:<\/p><ul><li>Manage rights and obligations arising from the employment relationship.<\/li><li>Select and evaluate candidates.<\/li><li>Use, reproduce, or publish your image, name, and voice (with your consent).<\/li><li>Comply with the company\u2019s legal obligations.<\/li><\/ul><p><strong>If you are a SUPPLIER to our company:<\/strong><\/p><p>We will process the following categories of your personal data:<\/p><ul><li>Identification data: name, surname, national ID, etc.<\/li><li>Contact details: email address, WhatsApp number, etc.<\/li><li>Bank details: account number, invoicing information.<\/li><li>Other data: any additional information you provide in open forms or communications.<\/li><\/ul><p>We process your data to:<\/p><ul><li>Handle administrative, accounting, and tax management.<\/li><li>Monitor and manage the commercial relationship.<\/li><li>Comply with the company\u2019s legal obligations.<\/li><\/ul>\t\t\t\t\t\t\t\t<\/div>\n\t\t\t\t<\/div>\n\t\t\t\t<div class=\"elementor-element elementor-element-b42f348 elementor-widget elementor-widget-heading\" data-id=\"b42f348\" data-element_type=\"widget\" data-e-type=\"widget\" data-widget_type=\"heading.default\">\n\t\t\t\t<div class=\"elementor-widget-container\">\n\t\t\t\t\t<h2 class=\"elementor-heading-title elementor-size-default\">Are you obliged to provide your personal data?<\/h2>\t\t\t\t<\/div>\n\t\t\t\t<\/div>\n\t\t\t\t<div class=\"elementor-element elementor-element-a22176a elementor-widget elementor-widget-text-editor\" data-id=\"a22176a\" data-element_type=\"widget\" data-e-type=\"widget\" data-widget_type=\"text-editor.default\">\n\t\t\t\t<div class=\"elementor-widget-container\">\n\t\t\t\t\t\t\t\t\t<p>IGSAM CREATIVE will only request the data strictly necessary to fulfill the purpose for which it is collected; if you do not provide it, we will be unable to supply the requested service.<\/p>\t\t\t\t\t\t\t\t<\/div>\n\t\t\t\t<\/div>\n\t\t\t\t<div class=\"elementor-element elementor-element-62ada21 elementor-widget elementor-widget-heading\" data-id=\"62ada21\" data-element_type=\"widget\" data-e-type=\"widget\" data-widget_type=\"heading.default\">\n\t\t\t\t<div class=\"elementor-widget-container\">\n\t\t\t\t\t<h2 class=\"elementor-heading-title elementor-size-default\">How long will we retain your data?<\/h2>\t\t\t\t<\/div>\n\t\t\t\t<\/div>\n\t\t\t\t<div class=\"elementor-element elementor-element-27a8ed5 elementor-widget elementor-widget-text-editor\" data-id=\"27a8ed5\" data-element_type=\"widget\" data-e-type=\"widget\" data-widget_type=\"text-editor.default\">\n\t\t\t\t<div class=\"elementor-widget-container\">\n\t\t\t\t\t\t\t\t\t<p>Your personal data provided and obtained during our relationship will be kept for a maximum of five years from the last confirmation of interest, or as long as a legal requirement obliges us to retain it. In that case, data will be blocked and then deleted once no longer necessary.<\/p>\t\t\t\t\t\t\t\t<\/div>\n\t\t\t\t<\/div>\n\t\t\t\t<div class=\"elementor-element elementor-element-52dda51 elementor-widget elementor-widget-heading\" data-id=\"52dda51\" data-element_type=\"widget\" data-e-type=\"widget\" data-widget_type=\"heading.default\">\n\t\t\t\t<div class=\"elementor-widget-container\">\n\t\t\t\t\t<h2 class=\"elementor-heading-title elementor-size-default\">What is the legal basis for processing your data?<\/h2>\t\t\t\t<\/div>\n\t\t\t\t<\/div>\n\t\t\t\t<div class=\"elementor-element elementor-element-afc8469 elementor-widget elementor-widget-text-editor\" data-id=\"afc8469\" data-element_type=\"widget\" data-e-type=\"widget\" data-widget_type=\"text-editor.default\">\n\t\t\t\t<div class=\"elementor-widget-container\">\n\t\t\t\t\t\t\t\t\t<p>Under Article 6.1 of Regulation (EU) 2016\/679, the legal grounds for processing your data are one or more of the following:<\/p><ul><li>You have given your consent for one or more specific purposes.<\/li><li>Processing is necessary to comply with a legal obligation applicable to the controller.<\/li><li>Processing is necessary for the legitimate interests pursued by the controller or a third party, provided these are not overridden by your rights and freedoms.<\/li><\/ul>\t\t\t\t\t\t\t\t<\/div>\n\t\t\t\t<\/div>\n\t\t\t\t<div class=\"elementor-element elementor-element-dd06e79 elementor-widget elementor-widget-heading\" data-id=\"dd06e79\" data-element_type=\"widget\" data-e-type=\"widget\" data-widget_type=\"heading.default\">\n\t\t\t\t<div class=\"elementor-widget-container\">\n\t\t\t\t\t<h2 class=\"elementor-heading-title elementor-size-default\">To whom will we disclose your data?<\/h2>\t\t\t\t<\/div>\n\t\t\t\t<\/div>\n\t\t\t\t<div class=\"elementor-element elementor-element-3a58d90 elementor-widget elementor-widget-text-editor\" data-id=\"3a58d90\" data-element_type=\"widget\" data-e-type=\"widget\" data-widget_type=\"text-editor.default\">\n\t\t\t\t<div class=\"elementor-widget-container\">\n\t\t\t\t\t\t\t\t\t<div class=\"elementor-element elementor-element-3a58d90 elementor-widget elementor-widget-text-editor\" data-id=\"3a58d90\" data-element_type=\"widget\" data-widget_type=\"text-editor.default\"><div class=\"elementor-widget-container\"><p>We may disclose your data to third parties when required by law.<\/p><p>IGSAM CREATIVE also works with service providers in areas such as administration, accounting, taxation, marketing, and human resources. All such relationships are governed by Article 28 of Regulation (EU) 2016\/679. These providers will only access data strictly necessary to perform their services and will not retain it for other purposes.<\/p><\/div><\/div>\t\t\t\t\t\t\t\t<\/div>\n\t\t\t\t<\/div>\n\t\t\t\t<div class=\"elementor-element elementor-element-2b7ef79 elementor-widget elementor-widget-heading\" data-id=\"2b7ef79\" data-element_type=\"widget\" data-e-type=\"widget\" data-widget_type=\"heading.default\">\n\t\t\t\t<div class=\"elementor-widget-container\">\n\t\t\t\t\t<h2 class=\"elementor-heading-title elementor-size-default\">What rights do you have when you provide us with your data?<\/h2>\t\t\t\t<\/div>\n\t\t\t\t<\/div>\n\t\t\t\t<div class=\"elementor-element elementor-element-2c35734 elementor-widget elementor-widget-text-editor\" data-id=\"2c35734\" data-element_type=\"widget\" data-e-type=\"widget\" data-widget_type=\"text-editor.default\">\n\t\t\t\t<div class=\"elementor-widget-container\">\n\t\t\t\t\t\t\t\t\t<p>Any data subject has the right to obtain confirmation as to whether or not IGSAM CREATIVE is processing their personal data.<\/p><p>Data subjects have the right to access their personal data, as well as to request the rectification of inaccurate data or, where appropriate, request its deletion when, among other reasons, the data is no longer necessary for the purposes for which it was collected.<\/p><p>In certain circumstances, data subjects may request the restriction of the processing of their data, in which case we will only retain it for the exercise or defense of legal claims. Users may also object to the processing of their data. IGSAM CREATIVE will stop processing the data except for compelling legitimate reasons or for the exercise or defense of legal claims.<\/p><p>Users may send a letter to IGSAM CREATIVE, at the address of the data controller, or by email at the address indicated in the header of this Policy, attaching a photocopy of their ID, at any time and free of charge, to:<\/p><ul><li>Revoke the consents granted.<\/li><li>Confirm whether we are processing your personal data.<\/li><li>Access your personal data.<\/li><li>Rectify any inaccurate or incomplete data.<\/li><li>Erase your data when, among other reasons, it is no longer needed for the purposes collected.<\/li><li>Restrict processing under the conditions set out in the regulations.<\/li><li>Object to processing of your data.<\/li><li>Portability: receive your data in a structured, commonly used, machine-readable format.<\/li><li>Withdraw consent at any time (without affecting the lawfulness of processing based on consent before its withdrawal).<\/li><li>Contact the DPO of IGSAM CREATIVE.<\/li><li>Lodge a complaint with the Spanish Data Protection Agency (www.aepd.es) if you believe your rights have been infringed.<\/li><\/ul><p>IGSAM CREATIVE adopts the corresponding security levels required by the aforementioned Personal Data Protection regulations and other applicable regulations. These security levels are mandatory for entities that access our information by virtue of a contractual relationship and\/or the provision of services, pursuant to Article 28 of EU Regulation 2016\/679 (GDPR).<\/p><p>However, it assumes no liability for damages resulting from alterations that third parties may cause to the user\u2019s computer systems, electronic documents, or files.<\/p><p>Cookies may be used during the provision of website services. Cookies are physical files containing personal information stored on the user\u2019s device. Users can configure their browser to prevent the creation of cookies or to be warned about them. Please review our cookie policy via the link found on this website.<\/p><p>If you choose to leave our website via links to websites not belonging to our entity, IGSAM CREATIVE will not be responsible for the privacy policies of those websites or for the cookies they may store on your computer.<\/p><p>Our email policy focuses on sending only communications that you have requested to receive.<\/p><p>If you prefer not to receive these messages by email, we will offer you the opportunity to exercise your right to cancel and opt out of receiving these messages, in accordance with the provisions of Title III, Article 22 of Law 34\/2002 on Information Society Services and Electronic Commerce.<\/p>\t\t\t\t\t\t\t\t<\/div>\n\t\t\t\t<\/div>\n\t\t\t\t\t<\/div>\n\t\t<\/div>\n\t\t\t\t\t<\/div>\n\t\t<\/section>\n\t\t\t\t<\/div>","protected":false},"excerpt":{"rendered":"<p>Cuando precisemos obtener informaci\u00f3n por su parte, siempre le solicitaremos que nos la proporcione voluntariamente de forma expresa. Los datos recabados a trav\u00e9s de los formularios de recogida de datos [&hellip;]<\/p>\n","protected":false},"author":3,"featured_media":0,"parent":0,"menu_order":0,"comment_status":"closed","ping_status":"closed","template":"","meta":{"_joinchat":[],"footnotes":""},"class_list":["post-3557","page","type-page","status-publish","hentry"],"yoast_head":"<!-- This site is optimized with the Yoast SEO plugin v27.3 - https:\/\/yoast.com\/product\/yoast-seo-wordpress\/ -->\n<title>Pol\u00edtica de privacidad | Igsam Creative<\/title>\n<meta name=\"description\" content=\"Pol\u00edtica de privacidad y protecci\u00f3n de datos de Igsam Creative, estudio de fotograf\u00eda en San Sebasti\u00e1n de los Reyes, Madrid \u260e 662 450 142\" \/>\n<meta name=\"robots\" content=\"index, follow, max-snippet:-1, max-image-preview:large, max-video-preview:-1\" \/>\n<link rel=\"canonical\" href=\"https:\/\/igsamcreativo.com\/en\/politica-de-privacidad\/\" \/>\n<meta property=\"og:locale\" content=\"en_GB\" \/>\n<meta property=\"og:type\" content=\"article\" \/>\n<meta property=\"og:title\" content=\"Pol\u00edtica de privacidad | Igsam Creative\" \/>\n<meta property=\"og:description\" content=\"Pol\u00edtica de privacidad y protecci\u00f3n de datos de Igsam Creative, estudio de fotograf\u00eda en San Sebasti\u00e1n de los Reyes, Madrid \u260e 662 450 142\" \/>\n<meta property=\"og:url\" content=\"https:\/\/igsamcreativo.com\/en\/politica-de-privacidad\/\" \/>\n<meta property=\"og:site_name\" content=\"Igsam Creative\" \/>\n<meta property=\"article:modified_time\" content=\"2025-10-22T11:53:56+00:00\" \/>\n<meta name=\"twitter:card\" content=\"summary_large_image\" \/>\n<meta name=\"twitter:label1\" content=\"Estimated reading time\" \/>\n\t<meta name=\"twitter:data1\" content=\"7 minutes\" \/>\n<script type=\"application\/ld+json\" class=\"yoast-schema-graph\">{\"@context\":\"https:\\\/\\\/schema.org\",\"@graph\":[{\"@type\":\"WebPage\",\"@id\":\"https:\\\/\\\/igsamcreativo.com\\\/politica-de-privacidad\\\/\",\"url\":\"https:\\\/\\\/igsamcreativo.com\\\/politica-de-privacidad\\\/\",\"name\":\"Pol\u00edtica de privacidad | Igsam Creative\",\"isPartOf\":{\"@id\":\"https:\\\/\\\/igsamcreativo.com\\\/#website\"},\"datePublished\":\"2025-10-22T09:44:03+00:00\",\"dateModified\":\"2025-10-22T11:53:56+00:00\",\"description\":\"Pol\u00edtica de privacidad y protecci\u00f3n de datos de Igsam Creative, estudio de fotograf\u00eda en San Sebasti\u00e1n de los Reyes, Madrid \u260e 662 450 142\",\"breadcrumb\":{\"@id\":\"https:\\\/\\\/igsamcreativo.com\\\/politica-de-privacidad\\\/#breadcrumb\"},\"inLanguage\":\"en-GB\",\"potentialAction\":[{\"@type\":\"ReadAction\",\"target\":[\"https:\\\/\\\/igsamcreativo.com\\\/politica-de-privacidad\\\/\"]}]},{\"@type\":\"BreadcrumbList\",\"@id\":\"https:\\\/\\\/igsamcreativo.com\\\/politica-de-privacidad\\\/#breadcrumb\",\"itemListElement\":[{\"@type\":\"ListItem\",\"position\":1,\"name\":\"Home\",\"item\":\"https:\\\/\\\/igsamcreativo.com\\\/\"},{\"@type\":\"ListItem\",\"position\":2,\"name\":\"Pol\u00edtica de privacidad\"}]},{\"@type\":\"WebSite\",\"@id\":\"https:\\\/\\\/igsamcreativo.com\\\/#website\",\"url\":\"https:\\\/\\\/igsamcreativo.com\\\/\",\"name\":\"igsamcreativo\",\"description\":\"Estudio de fotograf\u00eda y v\u00eddeo en San Sebasti\u00e1n de los Reyes, especializado en books de actores y modelos, retratos profesionales y fotograf\u00eda para eventos en Madrid.\",\"publisher\":{\"@id\":\"https:\\\/\\\/igsamcreativo.com\\\/#\\\/schema\\\/person\\\/838a11ccfcd03340701a979ffec44c5a\"},\"potentialAction\":[{\"@type\":\"SearchAction\",\"target\":{\"@type\":\"EntryPoint\",\"urlTemplate\":\"https:\\\/\\\/igsamcreativo.com\\\/?s={search_term_string}\"},\"query-input\":{\"@type\":\"PropertyValueSpecification\",\"valueRequired\":true,\"valueName\":\"search_term_string\"}}],\"inLanguage\":\"en-GB\"},{\"@type\":[\"Person\",\"Organization\"],\"@id\":\"https:\\\/\\\/igsamcreativo.com\\\/#\\\/schema\\\/person\\\/838a11ccfcd03340701a979ffec44c5a\",\"name\":\"Nacho\",\"image\":{\"@type\":\"ImageObject\",\"inLanguage\":\"en-GB\",\"@id\":\"https:\\\/\\\/igsamcreativo.com\\\/wp-content\\\/uploads\\\/2021\\\/03\\\/my-business-logoblack.jpg\",\"url\":\"https:\\\/\\\/igsamcreativo.com\\\/wp-content\\\/uploads\\\/2021\\\/03\\\/my-business-logoblack.jpg\",\"contentUrl\":\"https:\\\/\\\/igsamcreativo.com\\\/wp-content\\\/uploads\\\/2021\\\/03\\\/my-business-logoblack.jpg\",\"width\":720,\"height\":720,\"caption\":\"Nacho\"},\"logo\":{\"@id\":\"https:\\\/\\\/igsamcreativo.com\\\/wp-content\\\/uploads\\\/2021\\\/03\\\/my-business-logoblack.jpg\"},\"sameAs\":[\"http:\\\/\\\/igsamcreativo.com\"]}]}<\/script>\n<!-- \/ Yoast SEO plugin. -->","yoast_head_json":{"title":"Pol\u00edtica de privacidad | Igsam Creative","description":"Pol\u00edtica de privacidad y protecci\u00f3n de datos de Igsam Creative, estudio de fotograf\u00eda en San Sebasti\u00e1n de los Reyes, Madrid \u260e 662 450 142","robots":{"index":"index","follow":"follow","max-snippet":"max-snippet:-1","max-image-preview":"max-image-preview:large","max-video-preview":"max-video-preview:-1"},"canonical":"https:\/\/igsamcreativo.com\/en\/politica-de-privacidad\/","og_locale":"en_GB","og_type":"article","og_title":"Pol\u00edtica de privacidad | Igsam Creative","og_description":"Pol\u00edtica de privacidad y protecci\u00f3n de datos de Igsam Creative, estudio de fotograf\u00eda en San Sebasti\u00e1n de los Reyes, Madrid \u260e 662 450 142","og_url":"https:\/\/igsamcreativo.com\/en\/politica-de-privacidad\/","og_site_name":"Igsam Creative","article_modified_time":"2025-10-22T11:53:56+00:00","twitter_card":"summary_large_image","twitter_misc":{"Estimated reading time":"7 minutes"},"schema":{"@context":"https:\/\/schema.org","@graph":[{"@type":"WebPage","@id":"https:\/\/igsamcreativo.com\/politica-de-privacidad\/","url":"https:\/\/igsamcreativo.com\/politica-de-privacidad\/","name":"Pol\u00edtica de privacidad | Igsam Creative","isPartOf":{"@id":"https:\/\/igsamcreativo.com\/#website"},"datePublished":"2025-10-22T09:44:03+00:00","dateModified":"2025-10-22T11:53:56+00:00","description":"Pol\u00edtica de privacidad y protecci\u00f3n de datos de Igsam Creative, estudio de fotograf\u00eda en San Sebasti\u00e1n de los Reyes, Madrid \u260e 662 450 142","breadcrumb":{"@id":"https:\/\/igsamcreativo.com\/politica-de-privacidad\/#breadcrumb"},"inLanguage":"en-GB","potentialAction":[{"@type":"ReadAction","target":["https:\/\/igsamcreativo.com\/politica-de-privacidad\/"]}]},{"@type":"BreadcrumbList","@id":"https:\/\/igsamcreativo.com\/politica-de-privacidad\/#breadcrumb","itemListElement":[{"@type":"ListItem","position":1,"name":"Home","item":"https:\/\/igsamcreativo.com\/"},{"@type":"ListItem","position":2,"name":"Pol\u00edtica de privacidad"}]},{"@type":"WebSite","@id":"https:\/\/igsamcreativo.com\/#website","url":"https:\/\/igsamcreativo.com\/","name":"igsamcreativo","description":"Estudio de fotograf\u00eda y v\u00eddeo en San Sebasti\u00e1n de los Reyes, especializado en books de actores y modelos, retratos profesionales y fotograf\u00eda para eventos en Madrid.","publisher":{"@id":"https:\/\/igsamcreativo.com\/#\/schema\/person\/838a11ccfcd03340701a979ffec44c5a"},"potentialAction":[{"@type":"SearchAction","target":{"@type":"EntryPoint","urlTemplate":"https:\/\/igsamcreativo.com\/?s={search_term_string}"},"query-input":{"@type":"PropertyValueSpecification","valueRequired":true,"valueName":"search_term_string"}}],"inLanguage":"en-GB"},{"@type":["Person","Organization"],"@id":"https:\/\/igsamcreativo.com\/#\/schema\/person\/838a11ccfcd03340701a979ffec44c5a","name":"Nacho","image":{"@type":"ImageObject","inLanguage":"en-GB","@id":"https:\/\/igsamcreativo.com\/wp-content\/uploads\/2021\/03\/my-business-logoblack.jpg","url":"https:\/\/igsamcreativo.com\/wp-content\/uploads\/2021\/03\/my-business-logoblack.jpg","contentUrl":"https:\/\/igsamcreativo.com\/wp-content\/uploads\/2021\/03\/my-business-logoblack.jpg","width":720,"height":720,"caption":"Nacho"},"logo":{"@id":"https:\/\/igsamcreativo.com\/wp-content\/uploads\/2021\/03\/my-business-logoblack.jpg"},"sameAs":["http:\/\/igsamcreativo.com"]}]}},"_links":{"self":[{"href":"https:\/\/igsamcreativo.com\/en\/wp-json\/wp\/v2\/pages\/3557","targetHints":{"allow":["GET"]}}],"collection":[{"href":"https:\/\/igsamcreativo.com\/en\/wp-json\/wp\/v2\/pages"}],"about":[{"href":"https:\/\/igsamcreativo.com\/en\/wp-json\/wp\/v2\/types\/page"}],"author":[{"embeddable":true,"href":"https:\/\/igsamcreativo.com\/en\/wp-json\/wp\/v2\/users\/3"}],"replies":[{"embeddable":true,"href":"https:\/\/igsamcreativo.com\/en\/wp-json\/wp\/v2\/comments?post=3557"}],"version-history":[{"count":4,"href":"https:\/\/igsamcreativo.com\/en\/wp-json\/wp\/v2\/pages\/3557\/revisions"}],"predecessor-version":[{"id":3561,"href":"https:\/\/igsamcreativo.com\/en\/wp-json\/wp\/v2\/pages\/3557\/revisions\/3561"}],"wp:attachment":[{"href":"https:\/\/igsamcreativo.com\/en\/wp-json\/wp\/v2\/media?parent=3557"}],"curies":[{"name":"wp","href":"https:\/\/api.w.org\/{rel}","templated":true}]}}