{"id":3550,"date":"2025-10-22T11:40:29","date_gmt":"2025-10-22T09:40:29","guid":{"rendered":"https:\/\/igsamcreativo.com\/?page_id=3550"},"modified":"2026-03-20T18:54:48","modified_gmt":"2026-03-20T17:54:48","slug":"terminos-y-condiciones-bodas","status":"publish","type":"page","link":"https:\/\/igsamcreativo.com\/en\/servicios\/fotografia-para-bodas\/terminos-y-condiciones-bodas\/","title":{"rendered":"Wedding T&amp;C\u2019s"},"content":{"rendered":"<div data-elementor-type=\"wp-page\" data-elementor-id=\"3550\" class=\"elementor elementor-3550\" data-elementor-post-type=\"page\">\n\t\t\t\t\t\t<section class=\"elementor-section elementor-top-section elementor-element elementor-element-9a09306 elementor-section-boxed elementor-section-height-default elementor-section-height-default\" data-id=\"9a09306\" data-element_type=\"section\" data-e-type=\"section\">\n\t\t\t\t\t\t<div class=\"elementor-container elementor-column-gap-default\">\n\t\t\t\t\t<div class=\"elementor-column elementor-col-100 elementor-top-column elementor-element elementor-element-51964f8\" data-id=\"51964f8\" data-element_type=\"column\" data-e-type=\"column\">\n\t\t\t<div class=\"elementor-widget-wrap elementor-element-populated\">\n\t\t\t\t\t\t<div class=\"elementor-element elementor-element-d37e0f0 elementor-widget elementor-widget-heading\" data-id=\"d37e0f0\" data-element_type=\"widget\" data-e-type=\"widget\" data-widget_type=\"heading.default\">\n\t\t\t\t<div class=\"elementor-widget-container\">\n\t\t\t\t\t<h2 class=\"elementor-heading-title elementor-size-default\">Wedding Photography Terms and Conditions<\/h2>\t\t\t\t<\/div>\n\t\t\t\t<\/div>\n\t\t\t\t<div class=\"elementor-element elementor-element-5499e32 elementor-widget elementor-widget-text-editor\" data-id=\"5499e32\" data-element_type=\"widget\" data-e-type=\"widget\" data-widget_type=\"text-editor.default\">\n\t\t\t\t<div class=\"elementor-widget-container\">\n\t\t\t\t\t\t\t\t\t<p>It is agreed that the following terms set out the total agreement made between the parties and that no variation or modification of this contract shall be effective unless agreed by both parties in writing.<\/p><p>1 \u2013 Booking Fee<br \/>A booking fee of 300 \u20ac secures the time and services of the Photographer for the wedding and is non-refundable or transferable in the event of cancellation.<\/p><p>2 \u2013 Payments<br \/>Following payment of the booking fee, the remaining balance is due is to be paid 4 weeks prior to the wedding. No photographs will be delivered until all payments due have been paid in full. Payment for additional images is to be made when they are ordered.<\/p><p>3 \u2013 Display<br \/>Igsam Creative Photography reserves the right to use the photographs for display, promotion and all other promotional purposes.<\/p><p>4 \u2013 Images<br \/>All image sizes are nominal. The Photographer will provide a pleasing colour balance but cannot guarantee exact colour matching owing to anomalous reflectance caused by a combination of certain dyes and materials especially man-made fibres. It is sometimes impossible to record the exact colour as seen by the human eye.<\/p><p>5 \u2013 Reorders<br \/>All reorders shall be treated as an extension of the contract and no responsibility for error will be accepted unless orders are given in writing.<\/p><p>6 \u2013 Copyright<br \/>All digital files remain the property of the photographer. It is understood that the copyright of all photographs remains with Ignacio Sanchez (Igsam Creative Photography).<\/p><p>7 \u2013 License<br \/>Igsam Creative Photography grant the owner of digital file purchases, license to copy and to have prints made from them for non commercial use, copyright of the images remain the property of Ignacio Sanchez (Igsam Creative Photography).<\/p><p>8 \u2013 Travel Expenses<br \/>Reasonable travel and accommodation expenses will be charged for certain locations.<\/p><p>9 \u2013 Dinner<br \/>A meal will be required during the wedding \u2013 please remember to organise this with your venue.<\/p><p>10 \u2013 Force majeure or Act of God<br \/>Igsam Creative Photography is not liable for failure to perform its contracted obligations if such failure is as a result of Acts of God (including fire, flood, earthquake, storm, hurricane or other natural disaster).<\/p><p>11 \u2013 Attendance<br \/>In the unlikely event of the assigned Photographer being unable to attend your wedding due to unforeseen circumstances, we reserve the right to appoint another photographer to attend your wedding on our behalf to undertake the wedding photography to his\/her best ability.<\/p><p>12 \u2013 Limitation of Liability<br \/>In the unlikely event of a total photographic failure or cancellation of this contract by either party or in any other circumstance the liability of one party to the other shall be limited to the total value of the contract. Neither party shall be liable for indirect or consequential loss.<\/p><p>13 \u2013 Cancellation<br \/>The Client may cancel this contract at any time by giving written notice to The Photographer but in doing so shall forfeit any monies paid (minus any production \/ albums costs). Cancellation less than 12 weeks before the wedding will result in the payment of the package one photography coverage (\u00a3685) to be paid in full.<\/p>\t\t\t\t\t\t\t\t<\/div>\n\t\t\t\t<\/div>\n\t\t\t\t\t<\/div>\n\t\t<\/div>\n\t\t\t\t\t<\/div>\n\t\t<\/section>\n\t\t\t\t<\/div>","protected":false},"excerpt":{"rendered":"<p>Fotograf\u00eda de boda &#8211; T\u00e9rminos y condiciones Se acuerda que los siguientes t\u00e9rminos establecen el acuerdo total entre las partes y que cualquier variaci\u00f3n o modificaci\u00f3n de este contrato no [&hellip;]<\/p>\n","protected":false},"author":3,"featured_media":0,"parent":3527,"menu_order":0,"comment_status":"closed","ping_status":"closed","template":"","meta":{"_joinchat":[],"footnotes":""},"class_list":["post-3550","page","type-page","status-publish","hentry"],"yoast_head":"<!-- This site is optimized with the Yoast SEO plugin v27.3 - https:\/\/yoast.com\/product\/yoast-seo-wordpress\/ -->\n<title>T\u00e9rminos y condiciones de fotograf\u00eda de bodas | Igsam Creative<\/title>\n<meta name=\"description\" content=\"Lea los t\u00e9rminos y condiciones completos de fotograf\u00eda para bodas aqu\u00ed para confirmar su reserva. Si tiene cualquier pregunta, cont\u00e1ctenos.\" \/>\n<meta name=\"robots\" content=\"index, follow, max-snippet:-1, max-image-preview:large, max-video-preview:-1\" \/>\n<link rel=\"canonical\" href=\"https:\/\/igsamcreativo.com\/en\/servicios\/fotografia-para-bodas\/terminos-y-condiciones-bodas\/\" \/>\n<meta property=\"og:locale\" content=\"en_GB\" \/>\n<meta property=\"og:type\" content=\"article\" \/>\n<meta property=\"og:title\" content=\"T\u00e9rminos y condiciones de fotograf\u00eda de bodas | Igsam Creative\" \/>\n<meta property=\"og:description\" content=\"Lea los t\u00e9rminos y condiciones completos de fotograf\u00eda para bodas aqu\u00ed para confirmar su reserva. Si tiene cualquier pregunta, cont\u00e1ctenos.\" \/>\n<meta property=\"og:url\" content=\"https:\/\/igsamcreativo.com\/en\/servicios\/fotografia-para-bodas\/terminos-y-condiciones-bodas\/\" \/>\n<meta property=\"og:site_name\" content=\"Igsam Creative\" \/>\n<meta property=\"article:modified_time\" content=\"2026-03-20T17:54:48+00:00\" \/>\n<meta name=\"twitter:card\" content=\"summary_large_image\" \/>\n<meta name=\"twitter:label1\" content=\"Estimated reading time\" \/>\n\t<meta name=\"twitter:data1\" content=\"3 minutes\" \/>\n<script type=\"application\/ld+json\" class=\"yoast-schema-graph\">{\"@context\":\"https:\\\/\\\/schema.org\",\"@graph\":[{\"@type\":\"WebPage\",\"@id\":\"https:\\\/\\\/igsamcreativo.com\\\/servicios\\\/fotografia-para-bodas\\\/terminos-y-condiciones-bodas\\\/\",\"url\":\"https:\\\/\\\/igsamcreativo.com\\\/servicios\\\/fotografia-para-bodas\\\/terminos-y-condiciones-bodas\\\/\",\"name\":\"T\u00e9rminos y condiciones de fotograf\u00eda de bodas | Igsam Creative\",\"isPartOf\":{\"@id\":\"https:\\\/\\\/igsamcreativo.com\\\/#website\"},\"datePublished\":\"2025-10-22T09:40:29+00:00\",\"dateModified\":\"2026-03-20T17:54:48+00:00\",\"description\":\"Lea los t\u00e9rminos y condiciones completos de fotograf\u00eda para bodas aqu\u00ed para confirmar su reserva. Si tiene cualquier pregunta, cont\u00e1ctenos.\",\"breadcrumb\":{\"@id\":\"https:\\\/\\\/igsamcreativo.com\\\/servicios\\\/fotografia-para-bodas\\\/terminos-y-condiciones-bodas\\\/#breadcrumb\"},\"inLanguage\":\"en-GB\",\"potentialAction\":[{\"@type\":\"ReadAction\",\"target\":[\"https:\\\/\\\/igsamcreativo.com\\\/servicios\\\/fotografia-para-bodas\\\/terminos-y-condiciones-bodas\\\/\"]}]},{\"@type\":\"BreadcrumbList\",\"@id\":\"https:\\\/\\\/igsamcreativo.com\\\/servicios\\\/fotografia-para-bodas\\\/terminos-y-condiciones-bodas\\\/#breadcrumb\",\"itemListElement\":[{\"@type\":\"ListItem\",\"position\":1,\"name\":\"Home\",\"item\":\"https:\\\/\\\/igsamcreativo.com\\\/\"},{\"@type\":\"ListItem\",\"position\":2,\"name\":\"Servicios\",\"item\":\"https:\\\/\\\/igsamcreativo.com\\\/servicios\\\/\"},{\"@type\":\"ListItem\",\"position\":3,\"name\":\"Fotograf\u00eda para bodas\",\"item\":\"https:\\\/\\\/igsamcreativo.com\\\/servicios\\\/fotografia-para-bodas\\\/\"},{\"@type\":\"ListItem\",\"position\":4,\"name\":\"T\u00e9rminos y condiciones de fotograf\u00eda de bodas\"}]},{\"@type\":\"WebSite\",\"@id\":\"https:\\\/\\\/igsamcreativo.com\\\/#website\",\"url\":\"https:\\\/\\\/igsamcreativo.com\\\/\",\"name\":\"igsamcreativo\",\"description\":\"Estudio de fotograf\u00eda y v\u00eddeo en San Sebasti\u00e1n de los Reyes, especializado en books de actores y modelos, retratos profesionales y fotograf\u00eda para eventos en Madrid.\",\"publisher\":{\"@id\":\"https:\\\/\\\/igsamcreativo.com\\\/#\\\/schema\\\/person\\\/838a11ccfcd03340701a979ffec44c5a\"},\"potentialAction\":[{\"@type\":\"SearchAction\",\"target\":{\"@type\":\"EntryPoint\",\"urlTemplate\":\"https:\\\/\\\/igsamcreativo.com\\\/?s={search_term_string}\"},\"query-input\":{\"@type\":\"PropertyValueSpecification\",\"valueRequired\":true,\"valueName\":\"search_term_string\"}}],\"inLanguage\":\"en-GB\"},{\"@type\":[\"Person\",\"Organization\"],\"@id\":\"https:\\\/\\\/igsamcreativo.com\\\/#\\\/schema\\\/person\\\/838a11ccfcd03340701a979ffec44c5a\",\"name\":\"Nacho\",\"image\":{\"@type\":\"ImageObject\",\"inLanguage\":\"en-GB\",\"@id\":\"https:\\\/\\\/igsamcreativo.com\\\/wp-content\\\/uploads\\\/2021\\\/03\\\/my-business-logoblack.jpg\",\"url\":\"https:\\\/\\\/igsamcreativo.com\\\/wp-content\\\/uploads\\\/2021\\\/03\\\/my-business-logoblack.jpg\",\"contentUrl\":\"https:\\\/\\\/igsamcreativo.com\\\/wp-content\\\/uploads\\\/2021\\\/03\\\/my-business-logoblack.jpg\",\"width\":720,\"height\":720,\"caption\":\"Nacho\"},\"logo\":{\"@id\":\"https:\\\/\\\/igsamcreativo.com\\\/wp-content\\\/uploads\\\/2021\\\/03\\\/my-business-logoblack.jpg\"},\"sameAs\":[\"http:\\\/\\\/igsamcreativo.com\"]}]}<\/script>\n<!-- \/ Yoast SEO plugin. -->","yoast_head_json":{"title":"T\u00e9rminos y condiciones de fotograf\u00eda de bodas | Igsam Creative","description":"Lea los t\u00e9rminos y condiciones completos de fotograf\u00eda para bodas aqu\u00ed para confirmar su reserva. Si tiene cualquier pregunta, cont\u00e1ctenos.","robots":{"index":"index","follow":"follow","max-snippet":"max-snippet:-1","max-image-preview":"max-image-preview:large","max-video-preview":"max-video-preview:-1"},"canonical":"https:\/\/igsamcreativo.com\/en\/servicios\/fotografia-para-bodas\/terminos-y-condiciones-bodas\/","og_locale":"en_GB","og_type":"article","og_title":"T\u00e9rminos y condiciones de fotograf\u00eda de bodas | Igsam Creative","og_description":"Lea los t\u00e9rminos y condiciones completos de fotograf\u00eda para bodas aqu\u00ed para confirmar su reserva. Si tiene cualquier pregunta, cont\u00e1ctenos.","og_url":"https:\/\/igsamcreativo.com\/en\/servicios\/fotografia-para-bodas\/terminos-y-condiciones-bodas\/","og_site_name":"Igsam Creative","article_modified_time":"2026-03-20T17:54:48+00:00","twitter_card":"summary_large_image","twitter_misc":{"Estimated reading time":"3 minutes"},"schema":{"@context":"https:\/\/schema.org","@graph":[{"@type":"WebPage","@id":"https:\/\/igsamcreativo.com\/servicios\/fotografia-para-bodas\/terminos-y-condiciones-bodas\/","url":"https:\/\/igsamcreativo.com\/servicios\/fotografia-para-bodas\/terminos-y-condiciones-bodas\/","name":"T\u00e9rminos y condiciones de fotograf\u00eda de bodas | Igsam Creative","isPartOf":{"@id":"https:\/\/igsamcreativo.com\/#website"},"datePublished":"2025-10-22T09:40:29+00:00","dateModified":"2026-03-20T17:54:48+00:00","description":"Lea los t\u00e9rminos y condiciones completos de fotograf\u00eda para bodas aqu\u00ed para confirmar su reserva. Si tiene cualquier pregunta, cont\u00e1ctenos.","breadcrumb":{"@id":"https:\/\/igsamcreativo.com\/servicios\/fotografia-para-bodas\/terminos-y-condiciones-bodas\/#breadcrumb"},"inLanguage":"en-GB","potentialAction":[{"@type":"ReadAction","target":["https:\/\/igsamcreativo.com\/servicios\/fotografia-para-bodas\/terminos-y-condiciones-bodas\/"]}]},{"@type":"BreadcrumbList","@id":"https:\/\/igsamcreativo.com\/servicios\/fotografia-para-bodas\/terminos-y-condiciones-bodas\/#breadcrumb","itemListElement":[{"@type":"ListItem","position":1,"name":"Home","item":"https:\/\/igsamcreativo.com\/"},{"@type":"ListItem","position":2,"name":"Servicios","item":"https:\/\/igsamcreativo.com\/servicios\/"},{"@type":"ListItem","position":3,"name":"Fotograf\u00eda para bodas","item":"https:\/\/igsamcreativo.com\/servicios\/fotografia-para-bodas\/"},{"@type":"ListItem","position":4,"name":"T\u00e9rminos y condiciones de fotograf\u00eda de bodas"}]},{"@type":"WebSite","@id":"https:\/\/igsamcreativo.com\/#website","url":"https:\/\/igsamcreativo.com\/","name":"igsamcreativo","description":"Estudio de fotograf\u00eda y v\u00eddeo en San Sebasti\u00e1n de los Reyes, especializado en books de actores y modelos, retratos profesionales y fotograf\u00eda para eventos en Madrid.","publisher":{"@id":"https:\/\/igsamcreativo.com\/#\/schema\/person\/838a11ccfcd03340701a979ffec44c5a"},"potentialAction":[{"@type":"SearchAction","target":{"@type":"EntryPoint","urlTemplate":"https:\/\/igsamcreativo.com\/?s={search_term_string}"},"query-input":{"@type":"PropertyValueSpecification","valueRequired":true,"valueName":"search_term_string"}}],"inLanguage":"en-GB"},{"@type":["Person","Organization"],"@id":"https:\/\/igsamcreativo.com\/#\/schema\/person\/838a11ccfcd03340701a979ffec44c5a","name":"Nacho","image":{"@type":"ImageObject","inLanguage":"en-GB","@id":"https:\/\/igsamcreativo.com\/wp-content\/uploads\/2021\/03\/my-business-logoblack.jpg","url":"https:\/\/igsamcreativo.com\/wp-content\/uploads\/2021\/03\/my-business-logoblack.jpg","contentUrl":"https:\/\/igsamcreativo.com\/wp-content\/uploads\/2021\/03\/my-business-logoblack.jpg","width":720,"height":720,"caption":"Nacho"},"logo":{"@id":"https:\/\/igsamcreativo.com\/wp-content\/uploads\/2021\/03\/my-business-logoblack.jpg"},"sameAs":["http:\/\/igsamcreativo.com"]}]}},"_links":{"self":[{"href":"https:\/\/igsamcreativo.com\/en\/wp-json\/wp\/v2\/pages\/3550","targetHints":{"allow":["GET"]}}],"collection":[{"href":"https:\/\/igsamcreativo.com\/en\/wp-json\/wp\/v2\/pages"}],"about":[{"href":"https:\/\/igsamcreativo.com\/en\/wp-json\/wp\/v2\/types\/page"}],"author":[{"embeddable":true,"href":"https:\/\/igsamcreativo.com\/en\/wp-json\/wp\/v2\/users\/3"}],"replies":[{"embeddable":true,"href":"https:\/\/igsamcreativo.com\/en\/wp-json\/wp\/v2\/comments?post=3550"}],"version-history":[{"count":7,"href":"https:\/\/igsamcreativo.com\/en\/wp-json\/wp\/v2\/pages\/3550\/revisions"}],"predecessor-version":[{"id":3574,"href":"https:\/\/igsamcreativo.com\/en\/wp-json\/wp\/v2\/pages\/3550\/revisions\/3574"}],"up":[{"embeddable":true,"href":"https:\/\/igsamcreativo.com\/en\/wp-json\/wp\/v2\/pages\/3527"}],"wp:attachment":[{"href":"https:\/\/igsamcreativo.com\/en\/wp-json\/wp\/v2\/media?parent=3550"}],"curies":[{"name":"wp","href":"https:\/\/api.w.org\/{rel}","templated":true}]}}