{"id":3542,"date":"2025-10-22T11:11:00","date_gmt":"2025-10-22T09:11:00","guid":{"rendered":"https:\/\/igsamcreativo.com\/?page_id=3542"},"modified":"2026-02-25T11:15:09","modified_gmt":"2026-02-25T10:15:09","slug":"fotografia-de-gotas-de-agua","status":"publish","type":"page","link":"https:\/\/igsamcreativo.com\/en\/galeria\/fotografia-de-gotas-de-agua\/","title":{"rendered":"Water Drop"},"content":{"rendered":"\t\t<div data-elementor-type=\"wp-page\" data-elementor-id=\"3542\" class=\"elementor elementor-3542\" data-elementor-post-type=\"page\">\n\t\t\t\t\t\t<section class=\"elementor-section elementor-top-section elementor-element elementor-element-f2e6c50 elementor-section-boxed elementor-section-height-default elementor-section-height-default\" data-id=\"f2e6c50\" data-element_type=\"section\" data-e-type=\"section\">\n\t\t\t\t\t\t<div class=\"elementor-container elementor-column-gap-default\">\n\t\t\t\t\t<div class=\"elementor-column elementor-col-100 elementor-top-column elementor-element elementor-element-21eeded\" data-id=\"21eeded\" data-element_type=\"column\" data-e-type=\"column\">\n\t\t\t<div class=\"elementor-widget-wrap elementor-element-populated\">\n\t\t\t\t\t\t<div class=\"elementor-element elementor-element-dc3f361 elementor-widget elementor-widget-image-gallery\" data-id=\"dc3f361\" data-element_type=\"widget\" data-e-type=\"widget\" data-widget_type=\"image-gallery.default\">\n\t\t\t\t<div class=\"elementor-widget-container\">\n\t\t\t\t\t\t\t<div class=\"elementor-image-gallery\">\n\t\t\t\n\t\t<div class=\"row gallery-space pV0H10\">\n\t\t\t\t\t\t\t\t<div class=\"six columns mobile-three space-bottom mobile-fullwidth\">\n\t\t\t\t\t\t<div class=\"row\">\n\t\t\t\t\t\t\t<div class=\"twelve columns pV0H5 gallery_prettyphoto\">\n\t\t\t\t\t\t\t\t<a class=\"gallery_2col image\" rel=\"prettyPhoto[gallery2col]\"  href=\"https:\/\/igsamcreativo.com\/wp-content\/uploads\/2021\/03\/drop-water-splash_-1.jpg\" title=\"drop water splash_-1\">\n\t\t\t\t\t\t\t\t\t\t\t\t\t\t\t<img decoding=\"async\" src=\"https:\/\/igsamcreativo.com\/wp-content\/uploads\/2021\/03\/drop-water-splash_-1-400x250.jpg\" alt=\"drop water splash_-1\" title=\"drop water splash_-1\"\/>\n\t\t\t\t\t\t\t\t\t\t\t\t\t\t\t<\/a>\n\t\t\t\t\t\t\t<\/div>\n\t\t\t\t\t\t<\/div>\n\t\t\t\t\t<\/div>                 \n\t\t\t\t\t\t\n\t\t\t\t\t\t\t\t<div class=\"six columns mobile-three space-bottom mobile-fullwidth\">\n\t\t\t\t\t\t<div class=\"row\">\n\t\t\t\t\t\t\t<div class=\"twelve columns pV0H5 gallery_prettyphoto\">\n\t\t\t\t\t\t\t\t<a class=\"gallery_2col image\" rel=\"prettyPhoto[gallery2col]\"  href=\"https:\/\/igsamcreativo.com\/wp-content\/uploads\/2021\/03\/drop-water-splash_-2-1.jpg\" title=\"drop water splash_-2\">\n\t\t\t\t\t\t\t\t\t\t\t\t\t\t\t<img decoding=\"async\" src=\"https:\/\/igsamcreativo.com\/wp-content\/uploads\/2021\/03\/drop-water-splash_-2-1-400x250.jpg\" alt=\"drop water splash_-2\" title=\"drop water splash_-2\"\/>\n\t\t\t\t\t\t\t\t\t\t\t\t\t\t\t<\/a>\n\t\t\t\t\t\t\t<\/div>\n\t\t\t\t\t\t<\/div>\n\t\t\t\t\t<\/div>                 \n\t\t\t\t\t\t\n\t\t\t\t\t\t\t\t<div class=\"six columns mobile-three space-bottom mobile-fullwidth\">\n\t\t\t\t\t\t<div class=\"row\">\n\t\t\t\t\t\t\t<div class=\"twelve columns pV0H5 gallery_prettyphoto\">\n\t\t\t\t\t\t\t\t<a class=\"gallery_2col image\" rel=\"prettyPhoto[gallery2col]\"  href=\"https:\/\/igsamcreativo.com\/wp-content\/uploads\/2021\/03\/SunsBrid-1.jpg\" title=\"SunsBrid-1\">\n\t\t\t\t\t\t\t\t\t\t\t\t\t\t\t<img decoding=\"async\" src=\"https:\/\/igsamcreativo.com\/wp-content\/uploads\/2021\/03\/SunsBrid-1-400x250.jpg\" alt=\"SunsBrid-1\" title=\"SunsBrid-1\"\/>\n\t\t\t\t\t\t\t\t\t\t\t\t\t\t\t<\/a>\n\t\t\t\t\t\t\t<\/div>\n\t\t\t\t\t\t<\/div>\n\t\t\t\t\t<\/div>                 \n\t\t\t\t\t\t\n\t\t\t\t\t\t\t\t<div class=\"six columns mobile-three space-bottom mobile-fullwidth\">\n\t\t\t\t\t\t<div class=\"row\">\n\t\t\t\t\t\t\t<div class=\"twelve columns pV0H5 gallery_prettyphoto\">\n\t\t\t\t\t\t\t\t<a class=\"gallery_2col image\" rel=\"prettyPhoto[gallery2col]\"  href=\"https:\/\/igsamcreativo.com\/wp-content\/uploads\/2021\/03\/SunsBrid-2.jpg\" title=\"SunsBrid-2\">\n\t\t\t\t\t\t\t\t\t\t\t\t\t\t\t<img decoding=\"async\" src=\"https:\/\/igsamcreativo.com\/wp-content\/uploads\/2021\/03\/SunsBrid-2-400x250.jpg\" alt=\"SunsBrid-2\" title=\"SunsBrid-2\"\/>\n\t\t\t\t\t\t\t\t\t\t\t\t\t\t\t<\/a>\n\t\t\t\t\t\t\t<\/div>\n\t\t\t\t\t\t<\/div>\n\t\t\t\t\t<\/div>                 \n\t\t\t\t\t\t\n\t\t\t\t\t\t\t\t<div class=\"six columns mobile-three space-bottom mobile-fullwidth\">\n\t\t\t\t\t\t<div class=\"row\">\n\t\t\t\t\t\t\t<div class=\"twelve columns pV0H5 gallery_prettyphoto\">\n\t\t\t\t\t\t\t\t<a class=\"gallery_2col image\" rel=\"prettyPhoto[gallery2col]\"  href=\"https:\/\/igsamcreativo.com\/wp-content\/uploads\/2021\/03\/SunsBrid-3.jpg\" title=\"SunsBrid-3\">\n\t\t\t\t\t\t\t\t\t\t\t\t\t\t\t<img decoding=\"async\" src=\"https:\/\/igsamcreativo.com\/wp-content\/uploads\/2021\/03\/SunsBrid-3-400x250.jpg\" alt=\"SunsBrid-3\" title=\"SunsBrid-3\"\/>\n\t\t\t\t\t\t\t\t\t\t\t\t\t\t\t<\/a>\n\t\t\t\t\t\t\t<\/div>\n\t\t\t\t\t\t<\/div>\n\t\t\t\t\t<\/div>                 \n\t\t\t\t\t\t\n\t\t\t\t\t\t\t\t<div class=\"six columns mobile-three space-bottom mobile-fullwidth\">\n\t\t\t\t\t\t<div class=\"row\">\n\t\t\t\t\t\t\t<div class=\"twelve columns pV0H5 gallery_prettyphoto\">\n\t\t\t\t\t\t\t\t<a class=\"gallery_2col image\" rel=\"prettyPhoto[gallery2col]\"  href=\"https:\/\/igsamcreativo.com\/wp-content\/uploads\/2021\/03\/SunsBrid-4-1.jpg\" title=\"SunsBrid-4\">\n\t\t\t\t\t\t\t\t\t\t\t\t\t\t\t<img decoding=\"async\" src=\"https:\/\/igsamcreativo.com\/wp-content\/uploads\/2021\/03\/SunsBrid-4-1-400x250.jpg\" alt=\"SunsBrid-4\" title=\"SunsBrid-4\"\/>\n\t\t\t\t\t\t\t\t\t\t\t\t\t\t\t<\/a>\n\t\t\t\t\t\t\t<\/div>\n\t\t\t\t\t\t<\/div>\n\t\t\t\t\t<\/div>                 \n\t\t\t\t\t\t\n\t\t\t\t\t\t\t\t<div class=\"six columns mobile-three space-bottom mobile-fullwidth\">\n\t\t\t\t\t\t<div class=\"row\">\n\t\t\t\t\t\t\t<div class=\"twelve columns pV0H5 gallery_prettyphoto\">\n\t\t\t\t\t\t\t\t<a class=\"gallery_2col image\" rel=\"prettyPhoto[gallery2col]\"  href=\"https:\/\/igsamcreativo.com\/wp-content\/uploads\/2021\/03\/SunsBrid-5.jpg\" title=\"SunsBrid-5\">\n\t\t\t\t\t\t\t\t\t\t\t\t\t\t\t<img decoding=\"async\" src=\"https:\/\/igsamcreativo.com\/wp-content\/uploads\/2021\/03\/SunsBrid-5-400x250.jpg\" alt=\"SunsBrid-5\" title=\"SunsBrid-5\"\/>\n\t\t\t\t\t\t\t\t\t\t\t\t\t\t\t<\/a>\n\t\t\t\t\t\t\t<\/div>\n\t\t\t\t\t\t<\/div>\n\t\t\t\t\t<\/div>                 \n\t\t\t\t\t\t\n\t\t\t\t\t\t\t\t<div class=\"six columns mobile-three space-bottom mobile-fullwidth\">\n\t\t\t\t\t\t<div class=\"row\">\n\t\t\t\t\t\t\t<div class=\"twelve columns pV0H5 gallery_prettyphoto\">\n\t\t\t\t\t\t\t\t<a class=\"gallery_2col image\" rel=\"prettyPhoto[gallery2col]\"  href=\"https:\/\/igsamcreativo.com\/wp-content\/uploads\/2021\/03\/SunsBrid-6.jpg\" title=\"SunsBrid-6\">\n\t\t\t\t\t\t\t\t\t\t\t\t\t\t\t<img decoding=\"async\" src=\"https:\/\/igsamcreativo.com\/wp-content\/uploads\/2021\/03\/SunsBrid-6-400x250.jpg\" alt=\"SunsBrid-6\" title=\"SunsBrid-6\"\/>\n\t\t\t\t\t\t\t\t\t\t\t\t\t\t\t<\/a>\n\t\t\t\t\t\t\t<\/div>\n\t\t\t\t\t\t<\/div>\n\t\t\t\t\t<\/div>                 \n\t\t\t\t\t\t\n\t\t\t\t\t\t\t\t<div class=\"six columns mobile-three space-bottom mobile-fullwidth\">\n\t\t\t\t\t\t<div class=\"row\">\n\t\t\t\t\t\t\t<div class=\"twelve columns pV0H5 gallery_prettyphoto\">\n\t\t\t\t\t\t\t\t<a class=\"gallery_2col image\" rel=\"prettyPhoto[gallery2col]\"  href=\"https:\/\/igsamcreativo.com\/wp-content\/uploads\/2021\/03\/SunsBrid-9.jpg\" title=\"SunsBrid-9\">\n\t\t\t\t\t\t\t\t\t\t\t\t\t\t\t<img decoding=\"async\" src=\"https:\/\/igsamcreativo.com\/wp-content\/uploads\/2021\/03\/SunsBrid-9-400x250.jpg\" alt=\"SunsBrid-9\" title=\"SunsBrid-9\"\/>\n\t\t\t\t\t\t\t\t\t\t\t\t\t\t\t<\/a>\n\t\t\t\t\t\t\t<\/div>\n\t\t\t\t\t\t<\/div>\n\t\t\t\t\t<\/div>                 \n\t\t\t\t\t\t\n\t\t\t\t\t\t\t\t<div class=\"six columns mobile-three space-bottom mobile-fullwidth\">\n\t\t\t\t\t\t<div class=\"row\">\n\t\t\t\t\t\t\t<div class=\"twelve columns pV0H5 gallery_prettyphoto\">\n\t\t\t\t\t\t\t\t<a class=\"gallery_2col image\" rel=\"prettyPhoto[gallery2col]\"  href=\"https:\/\/igsamcreativo.com\/wp-content\/uploads\/2021\/03\/SunsBrid-10.jpg\" title=\"SunsBrid-10\">\n\t\t\t\t\t\t\t\t\t\t\t\t\t\t\t<img decoding=\"async\" src=\"https:\/\/igsamcreativo.com\/wp-content\/uploads\/2021\/03\/SunsBrid-10-400x250.jpg\" alt=\"SunsBrid-10\" title=\"SunsBrid-10\"\/>\n\t\t\t\t\t\t\t\t\t\t\t\t\t\t\t<\/a>\n\t\t\t\t\t\t\t<\/div>\n\t\t\t\t\t\t<\/div>\n\t\t\t\t\t<\/div>                 \n\t\t\t\t\t\t\n\t\t\t\t\t\t\t\t<div class=\"six columns mobile-three space-bottom mobile-fullwidth\">\n\t\t\t\t\t\t<div class=\"row\">\n\t\t\t\t\t\t\t<div class=\"twelve columns pV0H5 gallery_prettyphoto\">\n\t\t\t\t\t\t\t\t<a class=\"gallery_2col image\" rel=\"prettyPhoto[gallery2col]\"  href=\"https:\/\/igsamcreativo.com\/wp-content\/uploads\/2021\/03\/SunsBrid-11.jpg\" title=\"SunsBrid-11\">\n\t\t\t\t\t\t\t\t\t\t\t\t\t\t\t<img decoding=\"async\" src=\"https:\/\/igsamcreativo.com\/wp-content\/uploads\/2021\/03\/SunsBrid-11-400x250.jpg\" alt=\"SunsBrid-11\" title=\"SunsBrid-11\"\/>\n\t\t\t\t\t\t\t\t\t\t\t\t\t\t\t<\/a>\n\t\t\t\t\t\t\t<\/div>\n\t\t\t\t\t\t<\/div>\n\t\t\t\t\t<\/div>                 \n\t\t\t\t\t\t\n\t\t\t\t\t\t\t\t<div class=\"six columns mobile-three space-bottom mobile-fullwidth\">\n\t\t\t\t\t\t<div class=\"row\">\n\t\t\t\t\t\t\t<div class=\"twelve columns pV0H5 gallery_prettyphoto\">\n\t\t\t\t\t\t\t\t<a class=\"gallery_2col image\" rel=\"prettyPhoto[gallery2col]\"  href=\"https:\/\/igsamcreativo.com\/wp-content\/uploads\/2021\/03\/SunsBrid-12.jpg\" title=\"SunsBrid-12\">\n\t\t\t\t\t\t\t\t\t\t\t\t\t\t\t<img decoding=\"async\" src=\"https:\/\/igsamcreativo.com\/wp-content\/uploads\/2021\/03\/SunsBrid-12-400x250.jpg\" alt=\"SunsBrid-12\" title=\"SunsBrid-12\"\/>\n\t\t\t\t\t\t\t\t\t\t\t\t\t\t\t<\/a>\n\t\t\t\t\t\t\t<\/div>\n\t\t\t\t\t\t<\/div>\n\t\t\t\t\t<\/div>                 \n\t\t\t\t\t\t\n\t\t\t\t\t\t\t\t<div class=\"six columns mobile-three space-bottom mobile-fullwidth\">\n\t\t\t\t\t\t<div class=\"row\">\n\t\t\t\t\t\t\t<div class=\"twelve columns pV0H5 gallery_prettyphoto\">\n\t\t\t\t\t\t\t\t<a class=\"gallery_2col image\" rel=\"prettyPhoto[gallery2col]\"  href=\"https:\/\/igsamcreativo.com\/wp-content\/uploads\/2021\/03\/SunsBrid-14.jpg\" title=\"SunsBrid-14\">\n\t\t\t\t\t\t\t\t\t\t\t\t\t\t\t<img decoding=\"async\" src=\"https:\/\/igsamcreativo.com\/wp-content\/uploads\/2021\/03\/SunsBrid-14-400x250.jpg\" alt=\"SunsBrid-14\" title=\"SunsBrid-14\"\/>\n\t\t\t\t\t\t\t\t\t\t\t\t\t\t\t<\/a>\n\t\t\t\t\t\t\t<\/div>\n\t\t\t\t\t\t<\/div>\n\t\t\t\t\t<\/div>                 \n\t\t\t\t\t\t\n\t\t\t\t\t\t\t\t<div class=\"six columns mobile-three space-bottom mobile-fullwidth\">\n\t\t\t\t\t\t<div class=\"row\">\n\t\t\t\t\t\t\t<div class=\"twelve columns pV0H5 gallery_prettyphoto\">\n\t\t\t\t\t\t\t\t<a class=\"gallery_2col image\" rel=\"prettyPhoto[gallery2col]\"  href=\"https:\/\/igsamcreativo.com\/wp-content\/uploads\/2021\/03\/water-drop-7.jpg\" title=\"water drop-7\">\n\t\t\t\t\t\t\t\t\t\t\t\t\t\t\t<img decoding=\"async\" src=\"https:\/\/igsamcreativo.com\/wp-content\/uploads\/2021\/03\/water-drop-7-400x250.jpg\" alt=\"water drop-7\" title=\"water drop-7\"\/>\n\t\t\t\t\t\t\t\t\t\t\t\t\t\t\t<\/a>\n\t\t\t\t\t\t\t<\/div>\n\t\t\t\t\t\t<\/div>\n\t\t\t\t\t<\/div>                 \n\t\t\t\t\t\t\n\t\t\t\t\n\n\t\t<\/div>            \n\n\t\t\t\t<\/div>\n\t\t\t\t\t\t<\/div>\n\t\t\t\t<\/div>\n\t\t\t\t\t<\/div>\n\t\t<\/div>\n\t\t\t\t\t<\/div>\n\t\t<\/section>\n\t\t\t\t<\/div>\n\t\t","protected":false},"excerpt":{"rendered":"","protected":false},"author":3,"featured_media":0,"parent":3466,"menu_order":0,"comment_status":"closed","ping_status":"closed","template":"template-fancybox.php","meta":{"_joinchat":[],"footnotes":""},"class_list":["post-3542","page","type-page","status-publish","hentry"],"yoast_head":"<!-- This site is optimized with the Yoast SEO plugin v27.3 - https:\/\/yoast.com\/product\/yoast-seo-wordpress\/ -->\n<title>Fotograf\u00eda de gotas de agua | Igsam Creative<\/title>\n<meta name=\"description\" content=\"Descubre nuestra galer\u00eda de fotograf\u00eda de gotas de agua, t\u00e9cnica compleja que permite captar las gotas como si fueran esculturas de cristal.\" \/>\n<meta name=\"robots\" content=\"index, follow, max-snippet:-1, max-image-preview:large, max-video-preview:-1\" \/>\n<link rel=\"canonical\" href=\"https:\/\/igsamcreativo.com\/en\/galeria\/fotografia-de-gotas-de-agua\/\" \/>\n<meta property=\"og:locale\" content=\"en_GB\" \/>\n<meta property=\"og:type\" content=\"article\" \/>\n<meta property=\"og:title\" content=\"Fotograf\u00eda de gotas de agua | Igsam Creative\" \/>\n<meta property=\"og:description\" content=\"Descubre nuestra galer\u00eda de fotograf\u00eda de gotas de agua, t\u00e9cnica compleja que permite captar las gotas como si fueran esculturas de cristal.\" \/>\n<meta property=\"og:url\" content=\"https:\/\/igsamcreativo.com\/en\/galeria\/fotografia-de-gotas-de-agua\/\" \/>\n<meta property=\"og:site_name\" content=\"Igsam Creative\" \/>\n<meta property=\"article:modified_time\" content=\"2026-02-25T10:15:09+00:00\" \/>\n<meta property=\"og:image\" content=\"https:\/\/igsamcreativo.com\/wp-content\/uploads\/2021\/03\/drop-water-splash_-1-300x197.jpg\" \/>\n<meta name=\"twitter:card\" content=\"summary_large_image\" \/>\n<meta name=\"twitter:label1\" content=\"Estimated reading time\" \/>\n\t<meta name=\"twitter:data1\" content=\"3 minutes\" \/>\n<script type=\"application\/ld+json\" class=\"yoast-schema-graph\">{\"@context\":\"https:\\\/\\\/schema.org\",\"@graph\":[{\"@type\":\"WebPage\",\"@id\":\"https:\\\/\\\/igsamcreativo.com\\\/galeria\\\/fotografia-de-gotas-de-agua\\\/\",\"url\":\"https:\\\/\\\/igsamcreativo.com\\\/galeria\\\/fotografia-de-gotas-de-agua\\\/\",\"name\":\"Fotograf\u00eda de gotas de agua | Igsam Creative\",\"isPartOf\":{\"@id\":\"https:\\\/\\\/igsamcreativo.com\\\/#website\"},\"primaryImageOfPage\":{\"@id\":\"https:\\\/\\\/igsamcreativo.com\\\/galeria\\\/fotografia-de-gotas-de-agua\\\/#primaryimage\"},\"image\":{\"@id\":\"https:\\\/\\\/igsamcreativo.com\\\/galeria\\\/fotografia-de-gotas-de-agua\\\/#primaryimage\"},\"thumbnailUrl\":\"https:\\\/\\\/igsamcreativo.com\\\/wp-content\\\/uploads\\\/2021\\\/03\\\/drop-water-splash_-1-300x197.jpg\",\"datePublished\":\"2025-10-22T09:11:00+00:00\",\"dateModified\":\"2026-02-25T10:15:09+00:00\",\"description\":\"Descubre nuestra galer\u00eda de fotograf\u00eda de gotas de agua, t\u00e9cnica compleja que permite captar las gotas como si fueran esculturas de cristal.\",\"breadcrumb\":{\"@id\":\"https:\\\/\\\/igsamcreativo.com\\\/galeria\\\/fotografia-de-gotas-de-agua\\\/#breadcrumb\"},\"inLanguage\":\"en-GB\",\"potentialAction\":[{\"@type\":\"ReadAction\",\"target\":[\"https:\\\/\\\/igsamcreativo.com\\\/galeria\\\/fotografia-de-gotas-de-agua\\\/\"]}]},{\"@type\":\"ImageObject\",\"inLanguage\":\"en-GB\",\"@id\":\"https:\\\/\\\/igsamcreativo.com\\\/galeria\\\/fotografia-de-gotas-de-agua\\\/#primaryimage\",\"url\":\"https:\\\/\\\/igsamcreativo.com\\\/wp-content\\\/uploads\\\/2021\\\/03\\\/drop-water-splash_-1-300x197.jpg\",\"contentUrl\":\"https:\\\/\\\/igsamcreativo.com\\\/wp-content\\\/uploads\\\/2021\\\/03\\\/drop-water-splash_-1-300x197.jpg\"},{\"@type\":\"BreadcrumbList\",\"@id\":\"https:\\\/\\\/igsamcreativo.com\\\/galeria\\\/fotografia-de-gotas-de-agua\\\/#breadcrumb\",\"itemListElement\":[{\"@type\":\"ListItem\",\"position\":1,\"name\":\"Home\",\"item\":\"https:\\\/\\\/igsamcreativo.com\\\/\"},{\"@type\":\"ListItem\",\"position\":2,\"name\":\"Galer\u00eda\",\"item\":\"https:\\\/\\\/igsamcreativo.com\\\/galeria\\\/\"},{\"@type\":\"ListItem\",\"position\":3,\"name\":\"Fotograf\u00eda de gotas de agua\"}]},{\"@type\":\"WebSite\",\"@id\":\"https:\\\/\\\/igsamcreativo.com\\\/#website\",\"url\":\"https:\\\/\\\/igsamcreativo.com\\\/\",\"name\":\"igsamcreativo\",\"description\":\"Estudio de fotograf\u00eda y v\u00eddeo en San Sebasti\u00e1n de los Reyes, especializado en books de actores y modelos, retratos profesionales y fotograf\u00eda para eventos en Madrid.\",\"publisher\":{\"@id\":\"https:\\\/\\\/igsamcreativo.com\\\/#\\\/schema\\\/person\\\/838a11ccfcd03340701a979ffec44c5a\"},\"potentialAction\":[{\"@type\":\"SearchAction\",\"target\":{\"@type\":\"EntryPoint\",\"urlTemplate\":\"https:\\\/\\\/igsamcreativo.com\\\/?s={search_term_string}\"},\"query-input\":{\"@type\":\"PropertyValueSpecification\",\"valueRequired\":true,\"valueName\":\"search_term_string\"}}],\"inLanguage\":\"en-GB\"},{\"@type\":[\"Person\",\"Organization\"],\"@id\":\"https:\\\/\\\/igsamcreativo.com\\\/#\\\/schema\\\/person\\\/838a11ccfcd03340701a979ffec44c5a\",\"name\":\"Nacho\",\"image\":{\"@type\":\"ImageObject\",\"inLanguage\":\"en-GB\",\"@id\":\"https:\\\/\\\/igsamcreativo.com\\\/wp-content\\\/uploads\\\/2021\\\/03\\\/my-business-logoblack.jpg\",\"url\":\"https:\\\/\\\/igsamcreativo.com\\\/wp-content\\\/uploads\\\/2021\\\/03\\\/my-business-logoblack.jpg\",\"contentUrl\":\"https:\\\/\\\/igsamcreativo.com\\\/wp-content\\\/uploads\\\/2021\\\/03\\\/my-business-logoblack.jpg\",\"width\":720,\"height\":720,\"caption\":\"Nacho\"},\"logo\":{\"@id\":\"https:\\\/\\\/igsamcreativo.com\\\/wp-content\\\/uploads\\\/2021\\\/03\\\/my-business-logoblack.jpg\"},\"sameAs\":[\"http:\\\/\\\/igsamcreativo.com\"]}]}<\/script>\n<!-- \/ Yoast SEO plugin. -->","yoast_head_json":{"title":"Fotograf\u00eda de gotas de agua | Igsam Creative","description":"Descubre nuestra galer\u00eda de fotograf\u00eda de gotas de agua, t\u00e9cnica compleja que permite captar las gotas como si fueran esculturas de cristal.","robots":{"index":"index","follow":"follow","max-snippet":"max-snippet:-1","max-image-preview":"max-image-preview:large","max-video-preview":"max-video-preview:-1"},"canonical":"https:\/\/igsamcreativo.com\/en\/galeria\/fotografia-de-gotas-de-agua\/","og_locale":"en_GB","og_type":"article","og_title":"Fotograf\u00eda de gotas de agua | Igsam Creative","og_description":"Descubre nuestra galer\u00eda de fotograf\u00eda de gotas de agua, t\u00e9cnica compleja que permite captar las gotas como si fueran esculturas de cristal.","og_url":"https:\/\/igsamcreativo.com\/en\/galeria\/fotografia-de-gotas-de-agua\/","og_site_name":"Igsam Creative","article_modified_time":"2026-02-25T10:15:09+00:00","og_image":[{"url":"https:\/\/igsamcreativo.com\/wp-content\/uploads\/2021\/03\/drop-water-splash_-1-300x197.jpg","type":"","width":"","height":""}],"twitter_card":"summary_large_image","twitter_misc":{"Estimated reading time":"3 minutes"},"schema":{"@context":"https:\/\/schema.org","@graph":[{"@type":"WebPage","@id":"https:\/\/igsamcreativo.com\/galeria\/fotografia-de-gotas-de-agua\/","url":"https:\/\/igsamcreativo.com\/galeria\/fotografia-de-gotas-de-agua\/","name":"Fotograf\u00eda de gotas de agua | Igsam Creative","isPartOf":{"@id":"https:\/\/igsamcreativo.com\/#website"},"primaryImageOfPage":{"@id":"https:\/\/igsamcreativo.com\/galeria\/fotografia-de-gotas-de-agua\/#primaryimage"},"image":{"@id":"https:\/\/igsamcreativo.com\/galeria\/fotografia-de-gotas-de-agua\/#primaryimage"},"thumbnailUrl":"https:\/\/igsamcreativo.com\/wp-content\/uploads\/2021\/03\/drop-water-splash_-1-300x197.jpg","datePublished":"2025-10-22T09:11:00+00:00","dateModified":"2026-02-25T10:15:09+00:00","description":"Descubre nuestra galer\u00eda de fotograf\u00eda de gotas de agua, t\u00e9cnica compleja que permite captar las gotas como si fueran esculturas de cristal.","breadcrumb":{"@id":"https:\/\/igsamcreativo.com\/galeria\/fotografia-de-gotas-de-agua\/#breadcrumb"},"inLanguage":"en-GB","potentialAction":[{"@type":"ReadAction","target":["https:\/\/igsamcreativo.com\/galeria\/fotografia-de-gotas-de-agua\/"]}]},{"@type":"ImageObject","inLanguage":"en-GB","@id":"https:\/\/igsamcreativo.com\/galeria\/fotografia-de-gotas-de-agua\/#primaryimage","url":"https:\/\/igsamcreativo.com\/wp-content\/uploads\/2021\/03\/drop-water-splash_-1-300x197.jpg","contentUrl":"https:\/\/igsamcreativo.com\/wp-content\/uploads\/2021\/03\/drop-water-splash_-1-300x197.jpg"},{"@type":"BreadcrumbList","@id":"https:\/\/igsamcreativo.com\/galeria\/fotografia-de-gotas-de-agua\/#breadcrumb","itemListElement":[{"@type":"ListItem","position":1,"name":"Home","item":"https:\/\/igsamcreativo.com\/"},{"@type":"ListItem","position":2,"name":"Galer\u00eda","item":"https:\/\/igsamcreativo.com\/galeria\/"},{"@type":"ListItem","position":3,"name":"Fotograf\u00eda de gotas de agua"}]},{"@type":"WebSite","@id":"https:\/\/igsamcreativo.com\/#website","url":"https:\/\/igsamcreativo.com\/","name":"igsamcreativo","description":"Estudio de fotograf\u00eda y v\u00eddeo en San Sebasti\u00e1n de los Reyes, especializado en books de actores y modelos, retratos profesionales y fotograf\u00eda para eventos en Madrid.","publisher":{"@id":"https:\/\/igsamcreativo.com\/#\/schema\/person\/838a11ccfcd03340701a979ffec44c5a"},"potentialAction":[{"@type":"SearchAction","target":{"@type":"EntryPoint","urlTemplate":"https:\/\/igsamcreativo.com\/?s={search_term_string}"},"query-input":{"@type":"PropertyValueSpecification","valueRequired":true,"valueName":"search_term_string"}}],"inLanguage":"en-GB"},{"@type":["Person","Organization"],"@id":"https:\/\/igsamcreativo.com\/#\/schema\/person\/838a11ccfcd03340701a979ffec44c5a","name":"Nacho","image":{"@type":"ImageObject","inLanguage":"en-GB","@id":"https:\/\/igsamcreativo.com\/wp-content\/uploads\/2021\/03\/my-business-logoblack.jpg","url":"https:\/\/igsamcreativo.com\/wp-content\/uploads\/2021\/03\/my-business-logoblack.jpg","contentUrl":"https:\/\/igsamcreativo.com\/wp-content\/uploads\/2021\/03\/my-business-logoblack.jpg","width":720,"height":720,"caption":"Nacho"},"logo":{"@id":"https:\/\/igsamcreativo.com\/wp-content\/uploads\/2021\/03\/my-business-logoblack.jpg"},"sameAs":["http:\/\/igsamcreativo.com"]}]}},"_links":{"self":[{"href":"https:\/\/igsamcreativo.com\/en\/wp-json\/wp\/v2\/pages\/3542","targetHints":{"allow":["GET"]}}],"collection":[{"href":"https:\/\/igsamcreativo.com\/en\/wp-json\/wp\/v2\/pages"}],"about":[{"href":"https:\/\/igsamcreativo.com\/en\/wp-json\/wp\/v2\/types\/page"}],"author":[{"embeddable":true,"href":"https:\/\/igsamcreativo.com\/en\/wp-json\/wp\/v2\/users\/3"}],"replies":[{"embeddable":true,"href":"https:\/\/igsamcreativo.com\/en\/wp-json\/wp\/v2\/comments?post=3542"}],"version-history":[{"count":4,"href":"https:\/\/igsamcreativo.com\/en\/wp-json\/wp\/v2\/pages\/3542\/revisions"}],"predecessor-version":[{"id":3546,"href":"https:\/\/igsamcreativo.com\/en\/wp-json\/wp\/v2\/pages\/3542\/revisions\/3546"}],"up":[{"embeddable":true,"href":"https:\/\/igsamcreativo.com\/en\/wp-json\/wp\/v2\/pages\/3466"}],"wp:attachment":[{"href":"https:\/\/igsamcreativo.com\/en\/wp-json\/wp\/v2\/media?parent=3542"}],"curies":[{"name":"wp","href":"https:\/\/api.w.org\/{rel}","templated":true}]}}