{"id":3537,"date":"2025-10-22T11:46:52","date_gmt":"2025-10-22T09:46:52","guid":{"rendered":"https:\/\/igsamcreativo.com\/?page_id=3537"},"modified":"2026-02-25T11:02:04","modified_gmt":"2026-02-25T10:02:04","slug":"equipo-de-fotografia","status":"publish","type":"page","link":"https:\/\/igsamcreativo.com\/en\/equipo-de-fotografia\/","title":{"rendered":"Photography gear"},"content":{"rendered":"<div data-elementor-type=\"wp-page\" data-elementor-id=\"3537\" class=\"elementor elementor-3537\" data-elementor-post-type=\"page\">\n\t\t\t\t\t\t<section class=\"elementor-section elementor-top-section elementor-element elementor-element-28811e73 elementor-section-boxed elementor-section-height-default elementor-section-height-default\" data-id=\"28811e73\" data-element_type=\"section\" data-e-type=\"section\">\n\t\t\t\t\t\t<div class=\"elementor-container elementor-column-gap-default\">\n\t\t\t\t\t<div class=\"elementor-column elementor-col-100 elementor-top-column elementor-element elementor-element-178c479\" data-id=\"178c479\" data-element_type=\"column\" data-e-type=\"column\">\n\t\t\t<div class=\"elementor-widget-wrap elementor-element-populated\">\n\t\t\t\t\t\t<div class=\"elementor-element elementor-element-d107c83 elementor-widget elementor-widget-image\" data-id=\"d107c83\" data-element_type=\"widget\" data-e-type=\"widget\" data-widget_type=\"image.default\">\n\t\t\t\t<div class=\"elementor-widget-container\">\n\t\t\t\t\t\t\t\t\t\t\t\t\t\t\t<img fetchpriority=\"high\" decoding=\"async\" width=\"768\" height=\"1024\" src=\"https:\/\/igsamcreativo.com\/wp-content\/uploads\/2021\/03\/IMG_4365-768x1024.jpeg\" class=\"attachment-large size-large wp-image-786\" alt=\"\" srcset=\"https:\/\/igsamcreativo.com\/wp-content\/uploads\/2021\/03\/IMG_4365-768x1024.jpeg 768w, https:\/\/igsamcreativo.com\/wp-content\/uploads\/2021\/03\/IMG_4365-600x800.jpeg 600w, https:\/\/igsamcreativo.com\/wp-content\/uploads\/2021\/03\/IMG_4365-225x300.jpeg 225w, https:\/\/igsamcreativo.com\/wp-content\/uploads\/2021\/03\/IMG_4365-1152x1536.jpeg 1152w, https:\/\/igsamcreativo.com\/wp-content\/uploads\/2021\/03\/IMG_4365-9x12.jpeg 9w, https:\/\/igsamcreativo.com\/wp-content\/uploads\/2021\/03\/IMG_4365.jpeg 1200w\" sizes=\"(max-width: 768px) 100vw, 768px\" \/>\t\t\t\t\t\t\t\t\t\t\t\t\t\t\t<\/div>\n\t\t\t\t<\/div>\n\t\t\t\t<div class=\"elementor-element elementor-element-d88d144 elementor-widget elementor-widget-heading\" data-id=\"d88d144\" data-element_type=\"widget\" data-e-type=\"widget\" data-widget_type=\"heading.default\">\n\t\t\t\t<div class=\"elementor-widget-container\">\n\t\t\t\t\t<h2 class=\"elementor-heading-title elementor-size-default\">Our photography equipment<\/h2>\t\t\t\t<\/div>\n\t\t\t\t<\/div>\n\t\t\t\t<div class=\"elementor-element elementor-element-6c3e7f7 elementor-widget elementor-widget-text-editor\" data-id=\"6c3e7f7\" data-element_type=\"widget\" data-e-type=\"widget\" data-widget_type=\"text-editor.default\">\n\t\t\t\t<div class=\"elementor-widget-container\">\n\t\t\t\t\t\t\t\t\t<p>Neewer camera tripod monopod with rotatable centre column for panoramic shooting. Aluminum alloy 75 inches\/191 cm, 360 degree ball head for DSLR camera.  I have been using this tripod for a while now and its never let me down. Strong, sturdy &amp; reliable.<\/p>\n<p>Nikon AF-S Nikkor 50mm f\/1.4 G ED Lens \u2013 This is my favourite lens in the bag and gets the most use.  Nikon\u2019s ED Glass and Nano Crystal Coat.<\/p>\n<p>Sigma 24-70mm f\/2.8 EX DG. Is solidly built but pays some penalty in the form of size and weight.<\/p>\n<p>Tamron 15-30mm f\/2.8 Di VC USD G2 lens is no lightweight. It is a fairly large and heavy lens, but it feels nice in the hands and balances well with a large full-frame DSLR, such as the Nikon D850 I used to test the lens. Beautiful lens which tack sharp images\u2026 I just love using the lens and trust it 100%<\/p>\n<p>Nikon D850 \u2013 This is my main camera, the one I use the most, the one I trust it 100%. Superb image quality and excellent dynamic range.<\/p>\n<p>Nikon D7000 \u2013 is a mid-tier DSLR with a high-resolution 16.2 MP DX-format CMOS sensor and a powerful EXPEED 2 processor at its heart.. My first  camera which records excellent detail in rich tones.<\/p>\n<p class=\"translation-block\">L Bracket \u2013 This allows me to instantly rotate my camera 90\u00ba and is one of those accessories. Once you have it, you\u2019ll never be without it.<\/p>\n<p class=\"translation-block\">DJI Mavic Mini 2 Drone \u2013 What\u2019s notable is the new camera, which can now shoot 4K video at up to 30 frames per second and capture RAW still images. It\u2019s compact and lightweight (249 grams, so you don\u2019t need to register it with the Civil Aviation Authority).<\/p>\n<p class=\"translation-block\">Lee Filters \u2013 Lee 100 Filter Holder with additional spares and pouch, Lee 0.6 Neutral Density medium graduated filter and Lee Big Stopper.<\/p>\n<p class=\"translation-block\">F-Stop Sukha 70L Camera Backpack \u2013 A really solid bag \u2013 this is the one for me, holds everything and has put up with an awful lot of use over the past few years.<\/p>\n<p class=\"translation-block\">Miops Smart Trigger \u2013 Take almost impossible photos by turning your camera into a high-speed capture device! MIOPS Smart Trigger is a versatile camera trigger in a single unit and provides advanced triggering modes like Lightning, Sound, Laser, Timelapse, HDR and more.<\/p>\n<p class=\"translation-block\">Color Checker Passport X-RITE The art of color management is all about getting your colors to match from input to output; meaning your camera captures true colors, your monitor displays them accurately, and your printer produces a photo that matches what you see on screen.<\/p>\t\t\t\t\t\t\t\t<\/div>\n\t\t\t\t<\/div>\n\t\t\t\t\t<\/div>\n\t\t<\/div>\n\t\t\t\t\t<\/div>\n\t\t<\/section>\n\t\t\t\t<\/div>","protected":false},"excerpt":{"rendered":"<p>Nuestros equipos de fotograf\u00eda Tr\u00edpode monopie Neewer con columna central giratoria para fotograf\u00eda panor\u00e1mica. Aleaci\u00f3n de aluminio, 75 pulgadas (191 cm), cabezal de bola de 360 grados para c\u00e1maras DSLR. [&hellip;]<\/p>\n","protected":false},"author":3,"featured_media":0,"parent":0,"menu_order":0,"comment_status":"closed","ping_status":"closed","template":"","meta":{"_joinchat":[],"footnotes":""},"class_list":["post-3537","page","type-page","status-publish","hentry"],"yoast_head":"<!-- This site is optimized with the Yoast SEO plugin v27.4 - https:\/\/yoast.com\/product\/yoast-seo-wordpress\/ -->\n<title>Equipo de fotograf\u00eda | Igsam Creative<\/title>\n<meta name=\"description\" content=\"Descubre el equipo de fotograf\u00eda de Igsam Creative. C\u00e1maras, objetivos, iluminaci\u00f3n y accesorios que necesitas para capturas impresionantes.\" \/>\n<meta name=\"robots\" content=\"index, follow, max-snippet:-1, max-image-preview:large, max-video-preview:-1\" \/>\n<link rel=\"canonical\" href=\"https:\/\/igsamcreativo.com\/en\/equipo-de-fotografia\/\" \/>\n<meta property=\"og:locale\" content=\"en_GB\" \/>\n<meta property=\"og:type\" content=\"article\" \/>\n<meta property=\"og:title\" content=\"Equipo de fotograf\u00eda | Igsam Creative\" \/>\n<meta property=\"og:description\" content=\"Descubre el equipo de fotograf\u00eda de Igsam Creative. C\u00e1maras, objetivos, iluminaci\u00f3n y accesorios que necesitas para capturas impresionantes.\" \/>\n<meta property=\"og:url\" content=\"https:\/\/igsamcreativo.com\/en\/equipo-de-fotografia\/\" \/>\n<meta property=\"og:site_name\" content=\"Igsam Creative\" \/>\n<meta property=\"article:modified_time\" content=\"2026-02-25T10:02:04+00:00\" \/>\n<meta property=\"og:image\" content=\"https:\/\/igsamcreativo.com\/wp-content\/uploads\/2021\/03\/IMG_4365-768x1024.jpeg\" \/>\n<meta name=\"twitter:card\" content=\"summary_large_image\" \/>\n<meta name=\"twitter:label1\" content=\"Estimated reading time\" \/>\n\t<meta name=\"twitter:data1\" content=\"3 minutes\" \/>\n<script type=\"application\/ld+json\" class=\"yoast-schema-graph\">{\"@context\":\"https:\\\/\\\/schema.org\",\"@graph\":[{\"@type\":\"WebPage\",\"@id\":\"https:\\\/\\\/igsamcreativo.com\\\/equipo-de-fotografia\\\/\",\"url\":\"https:\\\/\\\/igsamcreativo.com\\\/equipo-de-fotografia\\\/\",\"name\":\"Equipo de fotograf\u00eda | Igsam Creative\",\"isPartOf\":{\"@id\":\"https:\\\/\\\/igsamcreativo.com\\\/#website\"},\"primaryImageOfPage\":{\"@id\":\"https:\\\/\\\/igsamcreativo.com\\\/equipo-de-fotografia\\\/#primaryimage\"},\"image\":{\"@id\":\"https:\\\/\\\/igsamcreativo.com\\\/equipo-de-fotografia\\\/#primaryimage\"},\"thumbnailUrl\":\"https:\\\/\\\/igsamcreativo.com\\\/wp-content\\\/uploads\\\/2021\\\/03\\\/IMG_4365-768x1024.jpeg\",\"datePublished\":\"2025-10-22T09:46:52+00:00\",\"dateModified\":\"2026-02-25T10:02:04+00:00\",\"description\":\"Descubre el equipo de fotograf\u00eda de Igsam Creative. C\u00e1maras, objetivos, iluminaci\u00f3n y accesorios que necesitas para capturas impresionantes.\",\"breadcrumb\":{\"@id\":\"https:\\\/\\\/igsamcreativo.com\\\/equipo-de-fotografia\\\/#breadcrumb\"},\"inLanguage\":\"en-GB\",\"potentialAction\":[{\"@type\":\"ReadAction\",\"target\":[\"https:\\\/\\\/igsamcreativo.com\\\/equipo-de-fotografia\\\/\"]}]},{\"@type\":\"ImageObject\",\"inLanguage\":\"en-GB\",\"@id\":\"https:\\\/\\\/igsamcreativo.com\\\/equipo-de-fotografia\\\/#primaryimage\",\"url\":\"https:\\\/\\\/igsamcreativo.com\\\/wp-content\\\/uploads\\\/2021\\\/03\\\/IMG_4365-768x1024.jpeg\",\"contentUrl\":\"https:\\\/\\\/igsamcreativo.com\\\/wp-content\\\/uploads\\\/2021\\\/03\\\/IMG_4365-768x1024.jpeg\"},{\"@type\":\"BreadcrumbList\",\"@id\":\"https:\\\/\\\/igsamcreativo.com\\\/equipo-de-fotografia\\\/#breadcrumb\",\"itemListElement\":[{\"@type\":\"ListItem\",\"position\":1,\"name\":\"Home\",\"item\":\"https:\\\/\\\/igsamcreativo.com\\\/\"},{\"@type\":\"ListItem\",\"position\":2,\"name\":\"Equipo de fotograf\u00eda\"}]},{\"@type\":\"WebSite\",\"@id\":\"https:\\\/\\\/igsamcreativo.com\\\/#website\",\"url\":\"https:\\\/\\\/igsamcreativo.com\\\/\",\"name\":\"igsamcreativo\",\"description\":\"Estudio de fotograf\u00eda y v\u00eddeo en San Sebasti\u00e1n de los Reyes, especializado en books de actores y modelos, retratos profesionales y fotograf\u00eda para eventos en Madrid.\",\"publisher\":{\"@id\":\"https:\\\/\\\/igsamcreativo.com\\\/#\\\/schema\\\/person\\\/838a11ccfcd03340701a979ffec44c5a\"},\"potentialAction\":[{\"@type\":\"SearchAction\",\"target\":{\"@type\":\"EntryPoint\",\"urlTemplate\":\"https:\\\/\\\/igsamcreativo.com\\\/?s={search_term_string}\"},\"query-input\":{\"@type\":\"PropertyValueSpecification\",\"valueRequired\":true,\"valueName\":\"search_term_string\"}}],\"inLanguage\":\"en-GB\"},{\"@type\":[\"Person\",\"Organization\"],\"@id\":\"https:\\\/\\\/igsamcreativo.com\\\/#\\\/schema\\\/person\\\/838a11ccfcd03340701a979ffec44c5a\",\"name\":\"Nacho\",\"image\":{\"@type\":\"ImageObject\",\"inLanguage\":\"en-GB\",\"@id\":\"https:\\\/\\\/igsamcreativo.com\\\/wp-content\\\/uploads\\\/2021\\\/03\\\/my-business-logoblack.jpg\",\"url\":\"https:\\\/\\\/igsamcreativo.com\\\/wp-content\\\/uploads\\\/2021\\\/03\\\/my-business-logoblack.jpg\",\"contentUrl\":\"https:\\\/\\\/igsamcreativo.com\\\/wp-content\\\/uploads\\\/2021\\\/03\\\/my-business-logoblack.jpg\",\"width\":720,\"height\":720,\"caption\":\"Nacho\"},\"logo\":{\"@id\":\"https:\\\/\\\/igsamcreativo.com\\\/wp-content\\\/uploads\\\/2021\\\/03\\\/my-business-logoblack.jpg\"},\"sameAs\":[\"http:\\\/\\\/igsamcreativo.com\"]}]}<\/script>\n<!-- \/ Yoast SEO plugin. -->","yoast_head_json":{"title":"Equipo de fotograf\u00eda | Igsam Creative","description":"Descubre el equipo de fotograf\u00eda de Igsam Creative. C\u00e1maras, objetivos, iluminaci\u00f3n y accesorios que necesitas para capturas impresionantes.","robots":{"index":"index","follow":"follow","max-snippet":"max-snippet:-1","max-image-preview":"max-image-preview:large","max-video-preview":"max-video-preview:-1"},"canonical":"https:\/\/igsamcreativo.com\/en\/equipo-de-fotografia\/","og_locale":"en_GB","og_type":"article","og_title":"Equipo de fotograf\u00eda | Igsam Creative","og_description":"Descubre el equipo de fotograf\u00eda de Igsam Creative. C\u00e1maras, objetivos, iluminaci\u00f3n y accesorios que necesitas para capturas impresionantes.","og_url":"https:\/\/igsamcreativo.com\/en\/equipo-de-fotografia\/","og_site_name":"Igsam Creative","article_modified_time":"2026-02-25T10:02:04+00:00","og_image":[{"url":"https:\/\/igsamcreativo.com\/wp-content\/uploads\/2021\/03\/IMG_4365-768x1024.jpeg","type":"","width":"","height":""}],"twitter_card":"summary_large_image","twitter_misc":{"Estimated reading time":"3 minutes"},"schema":{"@context":"https:\/\/schema.org","@graph":[{"@type":"WebPage","@id":"https:\/\/igsamcreativo.com\/equipo-de-fotografia\/","url":"https:\/\/igsamcreativo.com\/equipo-de-fotografia\/","name":"Equipo de fotograf\u00eda | Igsam Creative","isPartOf":{"@id":"https:\/\/igsamcreativo.com\/#website"},"primaryImageOfPage":{"@id":"https:\/\/igsamcreativo.com\/equipo-de-fotografia\/#primaryimage"},"image":{"@id":"https:\/\/igsamcreativo.com\/equipo-de-fotografia\/#primaryimage"},"thumbnailUrl":"https:\/\/igsamcreativo.com\/wp-content\/uploads\/2021\/03\/IMG_4365-768x1024.jpeg","datePublished":"2025-10-22T09:46:52+00:00","dateModified":"2026-02-25T10:02:04+00:00","description":"Descubre el equipo de fotograf\u00eda de Igsam Creative. C\u00e1maras, objetivos, iluminaci\u00f3n y accesorios que necesitas para capturas impresionantes.","breadcrumb":{"@id":"https:\/\/igsamcreativo.com\/equipo-de-fotografia\/#breadcrumb"},"inLanguage":"en-GB","potentialAction":[{"@type":"ReadAction","target":["https:\/\/igsamcreativo.com\/equipo-de-fotografia\/"]}]},{"@type":"ImageObject","inLanguage":"en-GB","@id":"https:\/\/igsamcreativo.com\/equipo-de-fotografia\/#primaryimage","url":"https:\/\/igsamcreativo.com\/wp-content\/uploads\/2021\/03\/IMG_4365-768x1024.jpeg","contentUrl":"https:\/\/igsamcreativo.com\/wp-content\/uploads\/2021\/03\/IMG_4365-768x1024.jpeg"},{"@type":"BreadcrumbList","@id":"https:\/\/igsamcreativo.com\/equipo-de-fotografia\/#breadcrumb","itemListElement":[{"@type":"ListItem","position":1,"name":"Home","item":"https:\/\/igsamcreativo.com\/"},{"@type":"ListItem","position":2,"name":"Equipo de fotograf\u00eda"}]},{"@type":"WebSite","@id":"https:\/\/igsamcreativo.com\/#website","url":"https:\/\/igsamcreativo.com\/","name":"igsamcreativo","description":"Estudio de fotograf\u00eda y v\u00eddeo en San Sebasti\u00e1n de los Reyes, especializado en books de actores y modelos, retratos profesionales y fotograf\u00eda para eventos en Madrid.","publisher":{"@id":"https:\/\/igsamcreativo.com\/#\/schema\/person\/838a11ccfcd03340701a979ffec44c5a"},"potentialAction":[{"@type":"SearchAction","target":{"@type":"EntryPoint","urlTemplate":"https:\/\/igsamcreativo.com\/?s={search_term_string}"},"query-input":{"@type":"PropertyValueSpecification","valueRequired":true,"valueName":"search_term_string"}}],"inLanguage":"en-GB"},{"@type":["Person","Organization"],"@id":"https:\/\/igsamcreativo.com\/#\/schema\/person\/838a11ccfcd03340701a979ffec44c5a","name":"Nacho","image":{"@type":"ImageObject","inLanguage":"en-GB","@id":"https:\/\/igsamcreativo.com\/wp-content\/uploads\/2021\/03\/my-business-logoblack.jpg","url":"https:\/\/igsamcreativo.com\/wp-content\/uploads\/2021\/03\/my-business-logoblack.jpg","contentUrl":"https:\/\/igsamcreativo.com\/wp-content\/uploads\/2021\/03\/my-business-logoblack.jpg","width":720,"height":720,"caption":"Nacho"},"logo":{"@id":"https:\/\/igsamcreativo.com\/wp-content\/uploads\/2021\/03\/my-business-logoblack.jpg"},"sameAs":["http:\/\/igsamcreativo.com"]}]}},"_links":{"self":[{"href":"https:\/\/igsamcreativo.com\/en\/wp-json\/wp\/v2\/pages\/3537","targetHints":{"allow":["GET"]}}],"collection":[{"href":"https:\/\/igsamcreativo.com\/en\/wp-json\/wp\/v2\/pages"}],"about":[{"href":"https:\/\/igsamcreativo.com\/en\/wp-json\/wp\/v2\/types\/page"}],"author":[{"embeddable":true,"href":"https:\/\/igsamcreativo.com\/en\/wp-json\/wp\/v2\/users\/3"}],"replies":[{"embeddable":true,"href":"https:\/\/igsamcreativo.com\/en\/wp-json\/wp\/v2\/comments?post=3537"}],"version-history":[{"count":4,"href":"https:\/\/igsamcreativo.com\/en\/wp-json\/wp\/v2\/pages\/3537\/revisions"}],"predecessor-version":[{"id":3541,"href":"https:\/\/igsamcreativo.com\/en\/wp-json\/wp\/v2\/pages\/3537\/revisions\/3541"}],"wp:attachment":[{"href":"https:\/\/igsamcreativo.com\/en\/wp-json\/wp\/v2\/media?parent=3537"}],"curies":[{"name":"wp","href":"https:\/\/api.w.org\/{rel}","templated":true}]}}