{"id":3485,"date":"2025-10-22T11:50:29","date_gmt":"2025-10-22T09:50:29","guid":{"rendered":"https:\/\/igsamcreativo.com\/?page_id=3485"},"modified":"2025-12-31T10:54:06","modified_gmt":"2025-12-31T09:54:06","slug":"fotografia-de-familia","status":"publish","type":"page","link":"https:\/\/igsamcreativo.com\/en\/galeria\/fotografia-de-familia\/","title":{"rendered":"Family photography"},"content":{"rendered":"\t\t<div data-elementor-type=\"wp-page\" data-elementor-id=\"3485\" class=\"elementor elementor-3485\" data-elementor-post-type=\"page\">\n\t\t\t\t\t\t<section class=\"elementor-section elementor-top-section elementor-element elementor-element-e105af9 elementor-section-boxed elementor-section-height-default elementor-section-height-default\" data-id=\"e105af9\" data-element_type=\"section\" data-e-type=\"section\">\n\t\t\t\t\t\t<div class=\"elementor-container elementor-column-gap-default\">\n\t\t\t\t\t<div class=\"elementor-column elementor-col-100 elementor-top-column elementor-element elementor-element-ee97e58\" data-id=\"ee97e58\" data-element_type=\"column\" data-e-type=\"column\">\n\t\t\t<div class=\"elementor-widget-wrap elementor-element-populated\">\n\t\t\t\t\t\t<div class=\"elementor-element elementor-element-fe2fe3e elementor-widget elementor-widget-image-gallery\" data-id=\"fe2fe3e\" data-element_type=\"widget\" data-e-type=\"widget\" data-widget_type=\"image-gallery.default\">\n\t\t\t\t<div class=\"elementor-widget-container\">\n\t\t\t\t\t\t\t<div class=\"elementor-image-gallery\">\n\t\t\t\n\t\t<div class=\"row gallery-space pV0H10\">\n\t\t\t\t\t\t\t\t<div class=\"six columns mobile-three space-bottom mobile-fullwidth\">\n\t\t\t\t\t\t<div class=\"row\">\n\t\t\t\t\t\t\t<div class=\"twelve columns pV0H5 gallery_prettyphoto\">\n\t\t\t\t\t\t\t\t<a class=\"gallery_2col image\" rel=\"prettyPhoto[gallery2col]\"  href=\"https:\/\/igsamcreativo.com\/wp-content\/uploads\/2024\/06\/IGS5680.jpg\" title=\"_IGS5680\">\n\t\t\t\t\t\t\t\t\t\t\t\t\t\t\t<img decoding=\"async\" src=\"https:\/\/igsamcreativo.com\/wp-content\/uploads\/2024\/06\/IGS5680-400x250.jpg\" alt=\"_IGS5680\" title=\"_IGS5680\"\/>\n\t\t\t\t\t\t\t\t\t\t\t\t\t\t\t<\/a>\n\t\t\t\t\t\t\t<\/div>\n\t\t\t\t\t\t<\/div>\n\t\t\t\t\t<\/div>                 \n\t\t\t\t\t\t\n\t\t\t\t\t\t\t\t<div class=\"six columns mobile-three space-bottom mobile-fullwidth\">\n\t\t\t\t\t\t<div class=\"row\">\n\t\t\t\t\t\t\t<div class=\"twelve columns pV0H5 gallery_prettyphoto\">\n\t\t\t\t\t\t\t\t<a class=\"gallery_2col image\" rel=\"prettyPhoto[gallery2col]\"  href=\"https:\/\/igsamcreativo.com\/wp-content\/uploads\/2021\/03\/NOC9634.jpg\" title=\"_NOC9634\">\n\t\t\t\t\t\t\t\t\t\t\t\t\t\t\t<img decoding=\"async\" src=\"https:\/\/igsamcreativo.com\/wp-content\/uploads\/2021\/03\/NOC9634-400x250.jpg\" alt=\"_NOC9634\" title=\"_NOC9634\"\/>\n\t\t\t\t\t\t\t\t\t\t\t\t\t\t\t<\/a>\n\t\t\t\t\t\t\t<\/div>\n\t\t\t\t\t\t<\/div>\n\t\t\t\t\t<\/div>                 \n\t\t\t\t\t\t\n\t\t\t\t\t\t\t\t<div class=\"six columns mobile-three space-bottom mobile-fullwidth\">\n\t\t\t\t\t\t<div class=\"row\">\n\t\t\t\t\t\t\t<div class=\"twelve columns pV0H5 gallery_prettyphoto\">\n\t\t\t\t\t\t\t\t<a class=\"gallery_2col image\" rel=\"prettyPhoto[gallery2col]\"  href=\"https:\/\/igsamcreativo.com\/wp-content\/uploads\/2021\/03\/gall2_preview_3.jpg\" title=\"gall2_preview_3\">\n\t\t\t\t\t\t\t\t\t\t\t\t\t\t\t<img decoding=\"async\" src=\"https:\/\/igsamcreativo.com\/wp-content\/uploads\/2021\/03\/gall2_preview_3-400x250.jpg\" alt=\"gall2_preview_3\" title=\"gall2_preview_3\"\/>\n\t\t\t\t\t\t\t\t\t\t\t\t\t\t\t<\/a>\n\t\t\t\t\t\t\t<\/div>\n\t\t\t\t\t\t<\/div>\n\t\t\t\t\t<\/div>                 \n\t\t\t\t\t\t\n\t\t\t\t\t\t\t\t<div class=\"six columns mobile-three space-bottom mobile-fullwidth\">\n\t\t\t\t\t\t<div class=\"row\">\n\t\t\t\t\t\t\t<div class=\"twelve columns pV0H5 gallery_prettyphoto\">\n\t\t\t\t\t\t\t\t<a class=\"gallery_2col image\" rel=\"prettyPhoto[gallery2col]\"  href=\"https:\/\/igsamcreativo.com\/wp-content\/uploads\/2021\/03\/gall2_preview_8.jpg\" title=\"gall2_preview_8\">\n\t\t\t\t\t\t\t\t\t\t\t\t\t\t\t<img decoding=\"async\" src=\"https:\/\/igsamcreativo.com\/wp-content\/uploads\/2021\/03\/gall2_preview_8-400x250.jpg\" alt=\"gall2_preview_8\" title=\"gall2_preview_8\"\/>\n\t\t\t\t\t\t\t\t\t\t\t\t\t\t\t<\/a>\n\t\t\t\t\t\t\t<\/div>\n\t\t\t\t\t\t<\/div>\n\t\t\t\t\t<\/div>                 \n\t\t\t\t\t\t\n\t\t\t\t\t\t\t\t<div class=\"six columns mobile-three space-bottom mobile-fullwidth\">\n\t\t\t\t\t\t<div class=\"row\">\n\t\t\t\t\t\t\t<div class=\"twelve columns pV0H5 gallery_prettyphoto\">\n\t\t\t\t\t\t\t\t<a class=\"gallery_2col image\" rel=\"prettyPhoto[gallery2col]\"  href=\"https:\/\/igsamcreativo.com\/wp-content\/uploads\/2021\/03\/gall2_preview_6.jpg\" title=\"gall2_preview_6\">\n\t\t\t\t\t\t\t\t\t\t\t\t\t\t\t<img decoding=\"async\" src=\"https:\/\/igsamcreativo.com\/wp-content\/uploads\/2021\/03\/gall2_preview_6-400x250.jpg\" alt=\"gall2_preview_6\" title=\"gall2_preview_6\"\/>\n\t\t\t\t\t\t\t\t\t\t\t\t\t\t\t<\/a>\n\t\t\t\t\t\t\t<\/div>\n\t\t\t\t\t\t<\/div>\n\t\t\t\t\t<\/div>                 \n\t\t\t\t\t\t\n\t\t\t\t\t\t\t\t<div class=\"six columns mobile-three space-bottom mobile-fullwidth\">\n\t\t\t\t\t\t<div class=\"row\">\n\t\t\t\t\t\t\t<div class=\"twelve columns pV0H5 gallery_prettyphoto\">\n\t\t\t\t\t\t\t\t<a class=\"gallery_2col image\" rel=\"prettyPhoto[gallery2col]\"  href=\"https:\/\/igsamcreativo.com\/wp-content\/uploads\/2021\/03\/NOC9427.jpg\" title=\"_NOC9427\">\n\t\t\t\t\t\t\t\t\t\t\t\t\t\t\t<img decoding=\"async\" src=\"https:\/\/igsamcreativo.com\/wp-content\/uploads\/2021\/03\/NOC9427-400x250.jpg\" alt=\"_NOC9427\" title=\"_NOC9427\"\/>\n\t\t\t\t\t\t\t\t\t\t\t\t\t\t\t<\/a>\n\t\t\t\t\t\t\t<\/div>\n\t\t\t\t\t\t<\/div>\n\t\t\t\t\t<\/div>                 \n\t\t\t\t\t\t\n\t\t\t\t\t\t\t\t<div class=\"six columns mobile-three space-bottom mobile-fullwidth\">\n\t\t\t\t\t\t<div class=\"row\">\n\t\t\t\t\t\t\t<div class=\"twelve columns pV0H5 gallery_prettyphoto\">\n\t\t\t\t\t\t\t\t<a class=\"gallery_2col image\" rel=\"prettyPhoto[gallery2col]\"  href=\"https:\/\/igsamcreativo.com\/wp-content\/uploads\/2021\/03\/gall2_preview_1.jpg\" title=\"gall2_preview_1\">\n\t\t\t\t\t\t\t\t\t\t\t\t\t\t\t<img decoding=\"async\" src=\"https:\/\/igsamcreativo.com\/wp-content\/uploads\/2021\/03\/gall2_preview_1-400x250.jpg\" alt=\"gall2_preview_1\" title=\"gall2_preview_1\"\/>\n\t\t\t\t\t\t\t\t\t\t\t\t\t\t\t<\/a>\n\t\t\t\t\t\t\t<\/div>\n\t\t\t\t\t\t<\/div>\n\t\t\t\t\t<\/div>                 \n\t\t\t\t\t\t\n\t\t\t\t\t\t\t\t<div class=\"six columns mobile-three space-bottom mobile-fullwidth\">\n\t\t\t\t\t\t<div class=\"row\">\n\t\t\t\t\t\t\t<div class=\"twelve columns pV0H5 gallery_prettyphoto\">\n\t\t\t\t\t\t\t\t<a class=\"gallery_2col image\" rel=\"prettyPhoto[gallery2col]\"  href=\"https:\/\/igsamcreativo.com\/wp-content\/uploads\/2024\/06\/IGS0182.jpg\" title=\"_IGS0182\">\n\t\t\t\t\t\t\t\t\t\t\t\t\t\t\t<img decoding=\"async\" src=\"https:\/\/igsamcreativo.com\/wp-content\/uploads\/2024\/06\/IGS0182-400x250.jpg\" alt=\"_IGS0182\" title=\"_IGS0182\"\/>\n\t\t\t\t\t\t\t\t\t\t\t\t\t\t\t<\/a>\n\t\t\t\t\t\t\t<\/div>\n\t\t\t\t\t\t<\/div>\n\t\t\t\t\t<\/div>                 \n\t\t\t\t\t\t\n\t\t\t\t\t\t\t\t<div class=\"six columns mobile-three space-bottom mobile-fullwidth\">\n\t\t\t\t\t\t<div class=\"row\">\n\t\t\t\t\t\t\t<div class=\"twelve columns pV0H5 gallery_prettyphoto\">\n\t\t\t\t\t\t\t\t<a class=\"gallery_2col image\" rel=\"prettyPhoto[gallery2col]\"  href=\"https:\/\/igsamcreativo.com\/wp-content\/uploads\/2021\/03\/NOC9550.jpg\" title=\"_NOC9550\">\n\t\t\t\t\t\t\t\t\t\t\t\t\t\t\t<img decoding=\"async\" src=\"https:\/\/igsamcreativo.com\/wp-content\/uploads\/2021\/03\/NOC9550-400x250.jpg\" alt=\"_NOC9550\" title=\"_NOC9550\"\/>\n\t\t\t\t\t\t\t\t\t\t\t\t\t\t\t<\/a>\n\t\t\t\t\t\t\t<\/div>\n\t\t\t\t\t\t<\/div>\n\t\t\t\t\t<\/div>                 \n\t\t\t\t\t\t\n\t\t\t\t\t\t\t\t<div class=\"six columns mobile-three space-bottom mobile-fullwidth\">\n\t\t\t\t\t\t<div class=\"row\">\n\t\t\t\t\t\t\t<div class=\"twelve columns pV0H5 gallery_prettyphoto\">\n\t\t\t\t\t\t\t\t<a class=\"gallery_2col image\" rel=\"prettyPhoto[gallery2col]\"  href=\"https:\/\/igsamcreativo.com\/wp-content\/uploads\/2021\/03\/gall2_preview_7.jpg\" title=\"Ignacio Sanchez Martin\">\n\t\t\t\t\t\t\t\t\t\t\t\t\t\t\t<img decoding=\"async\" src=\"https:\/\/igsamcreativo.com\/wp-content\/uploads\/2021\/03\/gall2_preview_7-400x250.jpg\" alt=\"Ignacio Sanchez Martin\" title=\"Ignacio Sanchez Martin\"\/>\n\t\t\t\t\t\t\t\t\t\t\t\t\t\t\t<\/a>\n\t\t\t\t\t\t\t<\/div>\n\t\t\t\t\t\t<\/div>\n\t\t\t\t\t<\/div>                 \n\t\t\t\t\t\t\n\t\t\t\t\t\t\t\t<div class=\"six columns mobile-three space-bottom mobile-fullwidth\">\n\t\t\t\t\t\t<div class=\"row\">\n\t\t\t\t\t\t\t<div class=\"twelve columns pV0H5 gallery_prettyphoto\">\n\t\t\t\t\t\t\t\t<a class=\"gallery_2col image\" rel=\"prettyPhoto[gallery2col]\"  href=\"https:\/\/igsamcreativo.com\/wp-content\/uploads\/2021\/03\/NOC9619.jpg\" title=\"_NOC9619\">\n\t\t\t\t\t\t\t\t\t\t\t\t\t\t\t<img decoding=\"async\" src=\"https:\/\/igsamcreativo.com\/wp-content\/uploads\/2021\/03\/NOC9619-400x250.jpg\" alt=\"_NOC9619\" title=\"_NOC9619\"\/>\n\t\t\t\t\t\t\t\t\t\t\t\t\t\t\t<\/a>\n\t\t\t\t\t\t\t<\/div>\n\t\t\t\t\t\t<\/div>\n\t\t\t\t\t<\/div>                 \n\t\t\t\t\t\t\n\t\t\t\t\t\t\t\t<div class=\"six columns mobile-three space-bottom mobile-fullwidth\">\n\t\t\t\t\t\t<div class=\"row\">\n\t\t\t\t\t\t\t<div class=\"twelve columns pV0H5 gallery_prettyphoto\">\n\t\t\t\t\t\t\t\t<a class=\"gallery_2col image\" rel=\"prettyPhoto[gallery2col]\"  href=\"https:\/\/igsamcreativo.com\/wp-content\/uploads\/2021\/03\/gall2_preview_5.jpg\" title=\"gall2_preview_5\">\n\t\t\t\t\t\t\t\t\t\t\t\t\t\t\t<img decoding=\"async\" src=\"https:\/\/igsamcreativo.com\/wp-content\/uploads\/2021\/03\/gall2_preview_5-400x250.jpg\" alt=\"gall2_preview_5\" title=\"gall2_preview_5\"\/>\n\t\t\t\t\t\t\t\t\t\t\t\t\t\t\t<\/a>\n\t\t\t\t\t\t\t<\/div>\n\t\t\t\t\t\t<\/div>\n\t\t\t\t\t<\/div>                 \n\t\t\t\t\t\t\n\t\t\t\t\t\t\t\t<div class=\"six columns mobile-three space-bottom mobile-fullwidth\">\n\t\t\t\t\t\t<div class=\"row\">\n\t\t\t\t\t\t\t<div class=\"twelve columns pV0H5 gallery_prettyphoto\">\n\t\t\t\t\t\t\t\t<a class=\"gallery_2col image\" rel=\"prettyPhoto[gallery2col]\"  href=\"https:\/\/igsamcreativo.com\/wp-content\/uploads\/2021\/03\/gall2_preview_4-1.jpg\" title=\"gall2_preview_4\">\n\t\t\t\t\t\t\t\t\t\t\t\t\t\t\t<img decoding=\"async\" src=\"https:\/\/igsamcreativo.com\/wp-content\/uploads\/2021\/03\/gall2_preview_4-1-400x250.jpg\" alt=\"gall2_preview_4\" title=\"gall2_preview_4\"\/>\n\t\t\t\t\t\t\t\t\t\t\t\t\t\t\t<\/a>\n\t\t\t\t\t\t\t<\/div>\n\t\t\t\t\t\t<\/div>\n\t\t\t\t\t<\/div>                 \n\t\t\t\t\t\t\n\t\t\t\t\t\t\t\t<div class=\"six columns mobile-three space-bottom mobile-fullwidth\">\n\t\t\t\t\t\t<div class=\"row\">\n\t\t\t\t\t\t\t<div class=\"twelve columns pV0H5 gallery_prettyphoto\">\n\t\t\t\t\t\t\t\t<a class=\"gallery_2col image\" rel=\"prettyPhoto[gallery2col]\"  href=\"https:\/\/igsamcreativo.com\/wp-content\/uploads\/2021\/03\/gall2_preview_2.jpg\" title=\"gall2_preview_2\">\n\t\t\t\t\t\t\t\t\t\t\t\t\t\t\t<img decoding=\"async\" src=\"https:\/\/igsamcreativo.com\/wp-content\/uploads\/2021\/03\/gall2_preview_2-400x250.jpg\" alt=\"gall2_preview_2\" title=\"gall2_preview_2\"\/>\n\t\t\t\t\t\t\t\t\t\t\t\t\t\t\t<\/a>\n\t\t\t\t\t\t\t<\/div>\n\t\t\t\t\t\t<\/div>\n\t\t\t\t\t<\/div>                 \n\t\t\t\t\t\t\n\t\t\t\t\t\t\t\t<div class=\"six columns mobile-three space-bottom mobile-fullwidth\">\n\t\t\t\t\t\t<div class=\"row\">\n\t\t\t\t\t\t\t<div class=\"twelve columns pV0H5 gallery_prettyphoto\">\n\t\t\t\t\t\t\t\t<a class=\"gallery_2col image\" rel=\"prettyPhoto[gallery2col]\"  href=\"https:\/\/igsamcreativo.com\/wp-content\/uploads\/2024\/06\/DSC4012-scaled.jpg\" title=\"_DSC4012\">\n\t\t\t\t\t\t\t\t\t\t\t\t\t\t\t<img decoding=\"async\" src=\"https:\/\/igsamcreativo.com\/wp-content\/uploads\/2024\/06\/DSC4012-scaled-400x250.jpg\" alt=\"_DSC4012\" title=\"_DSC4012\"\/>\n\t\t\t\t\t\t\t\t\t\t\t\t\t\t\t<\/a>\n\t\t\t\t\t\t\t<\/div>\n\t\t\t\t\t\t<\/div>\n\t\t\t\t\t<\/div>                 \n\t\t\t\t\t\t\n\t\t\t\t\t\t\t\t<div class=\"six columns mobile-three space-bottom mobile-fullwidth\">\n\t\t\t\t\t\t<div class=\"row\">\n\t\t\t\t\t\t\t<div class=\"twelve columns pV0H5 gallery_prettyphoto\">\n\t\t\t\t\t\t\t\t<a class=\"gallery_2col image\" rel=\"prettyPhoto[gallery2col]\"  href=\"https:\/\/igsamcreativo.com\/wp-content\/uploads\/2021\/03\/gall2_preview_9.jpg\" title=\"gall2_preview_9\">\n\t\t\t\t\t\t\t\t\t\t\t\t\t\t\t<img decoding=\"async\" src=\"https:\/\/igsamcreativo.com\/wp-content\/uploads\/2021\/03\/gall2_preview_9-400x250.jpg\" alt=\"gall2_preview_9\" title=\"gall2_preview_9\"\/>\n\t\t\t\t\t\t\t\t\t\t\t\t\t\t\t<\/a>\n\t\t\t\t\t\t\t<\/div>\n\t\t\t\t\t\t<\/div>\n\t\t\t\t\t<\/div>                 \n\t\t\t\t\t\t\n\t\t\t\t\t\t\t\t<div class=\"six columns mobile-three space-bottom mobile-fullwidth\">\n\t\t\t\t\t\t<div class=\"row\">\n\t\t\t\t\t\t\t<div class=\"twelve columns pV0H5 gallery_prettyphoto\">\n\t\t\t\t\t\t\t\t<a class=\"gallery_2col image\" rel=\"prettyPhoto[gallery2col]\"  href=\"https:\/\/igsamcreativo.com\/wp-content\/uploads\/2021\/03\/gall2_preview_10.jpg\" title=\"gall2_preview_10\">\n\t\t\t\t\t\t\t\t\t\t\t\t\t\t\t<img decoding=\"async\" src=\"https:\/\/igsamcreativo.com\/wp-content\/uploads\/2021\/03\/gall2_preview_10-400x250.jpg\" alt=\"gall2_preview_10\" title=\"gall2_preview_10\"\/>\n\t\t\t\t\t\t\t\t\t\t\t\t\t\t\t<\/a>\n\t\t\t\t\t\t\t<\/div>\n\t\t\t\t\t\t<\/div>\n\t\t\t\t\t<\/div>                 \n\t\t\t\t\t\t\n\t\t\t\t\t\t\t\t<div class=\"six columns mobile-three space-bottom mobile-fullwidth\">\n\t\t\t\t\t\t<div class=\"row\">\n\t\t\t\t\t\t\t<div class=\"twelve columns pV0H5 gallery_prettyphoto\">\n\t\t\t\t\t\t\t\t<a class=\"gallery_2col image\" rel=\"prettyPhoto[gallery2col]\"  href=\"https:\/\/igsamcreativo.com\/wp-content\/uploads\/2024\/06\/DSC4055-scaled.jpg\" title=\"_DSC4055\">\n\t\t\t\t\t\t\t\t\t\t\t\t\t\t\t<img decoding=\"async\" src=\"https:\/\/igsamcreativo.com\/wp-content\/uploads\/2024\/06\/DSC4055-scaled-400x250.jpg\" alt=\"_DSC4055\" title=\"_DSC4055\"\/>\n\t\t\t\t\t\t\t\t\t\t\t\t\t\t\t<\/a>\n\t\t\t\t\t\t\t<\/div>\n\t\t\t\t\t\t<\/div>\n\t\t\t\t\t<\/div>                 \n\t\t\t\t\t\t\n\t\t\t\t\t\t\t\t<div class=\"six columns mobile-three space-bottom mobile-fullwidth\">\n\t\t\t\t\t\t<div class=\"row\">\n\t\t\t\t\t\t\t<div class=\"twelve columns pV0H5 gallery_prettyphoto\">\n\t\t\t\t\t\t\t\t<a class=\"gallery_2col image\" rel=\"prettyPhoto[gallery2col]\"  href=\"https:\/\/igsamcreativo.com\/wp-content\/uploads\/2024\/06\/IGS0173.jpg\" title=\"_IGS0173\">\n\t\t\t\t\t\t\t\t\t\t\t\t\t\t\t<img decoding=\"async\" src=\"https:\/\/igsamcreativo.com\/wp-content\/uploads\/2024\/06\/IGS0173-400x250.jpg\" alt=\"_IGS0173\" title=\"_IGS0173\"\/>\n\t\t\t\t\t\t\t\t\t\t\t\t\t\t\t<\/a>\n\t\t\t\t\t\t\t<\/div>\n\t\t\t\t\t\t<\/div>\n\t\t\t\t\t<\/div>                 \n\t\t\t\t\t\t\n\t\t\t\t\t\t\t\t<div class=\"six columns mobile-three space-bottom mobile-fullwidth\">\n\t\t\t\t\t\t<div class=\"row\">\n\t\t\t\t\t\t\t<div class=\"twelve columns pV0H5 gallery_prettyphoto\">\n\t\t\t\t\t\t\t\t<a class=\"gallery_2col image\" rel=\"prettyPhoto[gallery2col]\"  href=\"https:\/\/igsamcreativo.com\/wp-content\/uploads\/2024\/06\/DSC0145.jpg\" title=\"_DSC0145\">\n\t\t\t\t\t\t\t\t\t\t\t\t\t\t\t<img decoding=\"async\" src=\"https:\/\/igsamcreativo.com\/wp-content\/uploads\/2024\/06\/DSC0145-400x250.jpg\" alt=\"_DSC0145\" title=\"_DSC0145\"\/>\n\t\t\t\t\t\t\t\t\t\t\t\t\t\t\t<\/a>\n\t\t\t\t\t\t\t<\/div>\n\t\t\t\t\t\t<\/div>\n\t\t\t\t\t<\/div>                 \n\t\t\t\t\t\t\n\t\t\t\t\n\n\t\t<\/div>            \n\n\t\t\t\t<\/div>\n\t\t\t\t\t\t<\/div>\n\t\t\t\t<\/div>\n\t\t\t\t\t<\/div>\n\t\t<\/div>\n\t\t\t\t\t<\/div>\n\t\t<\/section>\n\t\t\t\t<\/div>\n\t\t","protected":false},"excerpt":{"rendered":"<p>#gallery-3 { margin: auto; } #gallery-3 .gallery-item { float: left; margin-top: 10px; text-align: center; width: 50%; } #gallery-3 img { border: 2px solid #cfcfcf; } #gallery-3 .gallery-caption { margin-left: 0; [&hellip;]<\/p>\n","protected":false},"author":3,"featured_media":0,"parent":3466,"menu_order":0,"comment_status":"closed","ping_status":"closed","template":"template-fancybox.php","meta":{"_joinchat":[],"footnotes":""},"class_list":["post-3485","page","type-page","status-publish","hentry"],"yoast_head":"<!-- This site is optimized with the Yoast SEO plugin v27.3 - https:\/\/yoast.com\/product\/yoast-seo-wordpress\/ -->\n<title>Fotograf\u00eda de familia | Igsam Creative<\/title>\n<meta name=\"description\" content=\"Convierte tus retratos familiares en tesoros atemporales con una sesi\u00f3n de fotograf\u00eda de familia. Creatividad, estilo y ubicaciones perfectas\" \/>\n<meta name=\"robots\" content=\"index, follow, max-snippet:-1, max-image-preview:large, max-video-preview:-1\" \/>\n<link rel=\"canonical\" href=\"https:\/\/igsamcreativo.com\/en\/galeria\/fotografia-de-familia\/\" \/>\n<meta property=\"og:locale\" content=\"en_GB\" \/>\n<meta property=\"og:type\" content=\"article\" \/>\n<meta property=\"og:title\" content=\"Fotograf\u00eda de familia | Igsam Creative\" \/>\n<meta property=\"og:description\" content=\"Convierte tus retratos familiares en tesoros atemporales con una sesi\u00f3n de fotograf\u00eda de familia. Creatividad, estilo y ubicaciones perfectas\" \/>\n<meta property=\"og:url\" content=\"https:\/\/igsamcreativo.com\/en\/galeria\/fotografia-de-familia\/\" \/>\n<meta property=\"og:site_name\" content=\"Igsam Creative\" \/>\n<meta property=\"article:modified_time\" content=\"2025-12-31T09:54:06+00:00\" \/>\n<meta property=\"og:image\" content=\"https:\/\/igsamcreativo.com\/wp-content\/uploads\/2024\/06\/IGS5680-300x284.jpg\" \/>\n<meta name=\"twitter:card\" content=\"summary_large_image\" \/>\n<meta name=\"twitter:label1\" content=\"Estimated reading time\" \/>\n\t<meta name=\"twitter:data1\" content=\"5 minutes\" \/>\n<script type=\"application\/ld+json\" class=\"yoast-schema-graph\">{\"@context\":\"https:\\\/\\\/schema.org\",\"@graph\":[{\"@type\":\"WebPage\",\"@id\":\"https:\\\/\\\/igsamcreativo.com\\\/galeria\\\/fotografia-de-familia\\\/\",\"url\":\"https:\\\/\\\/igsamcreativo.com\\\/galeria\\\/fotografia-de-familia\\\/\",\"name\":\"Fotograf\u00eda de familia | Igsam Creative\",\"isPartOf\":{\"@id\":\"https:\\\/\\\/igsamcreativo.com\\\/#website\"},\"primaryImageOfPage\":{\"@id\":\"https:\\\/\\\/igsamcreativo.com\\\/galeria\\\/fotografia-de-familia\\\/#primaryimage\"},\"image\":{\"@id\":\"https:\\\/\\\/igsamcreativo.com\\\/galeria\\\/fotografia-de-familia\\\/#primaryimage\"},\"thumbnailUrl\":\"https:\\\/\\\/igsamcreativo.com\\\/wp-content\\\/uploads\\\/2024\\\/06\\\/IGS5680-300x284.jpg\",\"datePublished\":\"2025-10-22T09:50:29+00:00\",\"dateModified\":\"2025-12-31T09:54:06+00:00\",\"description\":\"Convierte tus retratos familiares en tesoros atemporales con una sesi\u00f3n de fotograf\u00eda de familia. Creatividad, estilo y ubicaciones perfectas\",\"breadcrumb\":{\"@id\":\"https:\\\/\\\/igsamcreativo.com\\\/galeria\\\/fotografia-de-familia\\\/#breadcrumb\"},\"inLanguage\":\"en-GB\",\"potentialAction\":[{\"@type\":\"ReadAction\",\"target\":[\"https:\\\/\\\/igsamcreativo.com\\\/galeria\\\/fotografia-de-familia\\\/\"]}]},{\"@type\":\"ImageObject\",\"inLanguage\":\"en-GB\",\"@id\":\"https:\\\/\\\/igsamcreativo.com\\\/galeria\\\/fotografia-de-familia\\\/#primaryimage\",\"url\":\"https:\\\/\\\/igsamcreativo.com\\\/wp-content\\\/uploads\\\/2024\\\/06\\\/IGS5680-300x284.jpg\",\"contentUrl\":\"https:\\\/\\\/igsamcreativo.com\\\/wp-content\\\/uploads\\\/2024\\\/06\\\/IGS5680-300x284.jpg\"},{\"@type\":\"BreadcrumbList\",\"@id\":\"https:\\\/\\\/igsamcreativo.com\\\/galeria\\\/fotografia-de-familia\\\/#breadcrumb\",\"itemListElement\":[{\"@type\":\"ListItem\",\"position\":1,\"name\":\"Home\",\"item\":\"https:\\\/\\\/igsamcreativo.com\\\/\"},{\"@type\":\"ListItem\",\"position\":2,\"name\":\"Galer\u00eda\",\"item\":\"https:\\\/\\\/igsamcreativo.com\\\/galeria\\\/\"},{\"@type\":\"ListItem\",\"position\":3,\"name\":\"Fotograf\u00eda de familia\"}]},{\"@type\":\"WebSite\",\"@id\":\"https:\\\/\\\/igsamcreativo.com\\\/#website\",\"url\":\"https:\\\/\\\/igsamcreativo.com\\\/\",\"name\":\"igsamcreativo\",\"description\":\"Estudio de fotograf\u00eda y v\u00eddeo en San Sebasti\u00e1n de los Reyes, especializado en books de actores y modelos, retratos profesionales y fotograf\u00eda para eventos en Madrid.\",\"publisher\":{\"@id\":\"https:\\\/\\\/igsamcreativo.com\\\/#\\\/schema\\\/person\\\/838a11ccfcd03340701a979ffec44c5a\"},\"potentialAction\":[{\"@type\":\"SearchAction\",\"target\":{\"@type\":\"EntryPoint\",\"urlTemplate\":\"https:\\\/\\\/igsamcreativo.com\\\/?s={search_term_string}\"},\"query-input\":{\"@type\":\"PropertyValueSpecification\",\"valueRequired\":true,\"valueName\":\"search_term_string\"}}],\"inLanguage\":\"en-GB\"},{\"@type\":[\"Person\",\"Organization\"],\"@id\":\"https:\\\/\\\/igsamcreativo.com\\\/#\\\/schema\\\/person\\\/838a11ccfcd03340701a979ffec44c5a\",\"name\":\"Nacho\",\"image\":{\"@type\":\"ImageObject\",\"inLanguage\":\"en-GB\",\"@id\":\"https:\\\/\\\/igsamcreativo.com\\\/wp-content\\\/uploads\\\/2021\\\/03\\\/my-business-logoblack.jpg\",\"url\":\"https:\\\/\\\/igsamcreativo.com\\\/wp-content\\\/uploads\\\/2021\\\/03\\\/my-business-logoblack.jpg\",\"contentUrl\":\"https:\\\/\\\/igsamcreativo.com\\\/wp-content\\\/uploads\\\/2021\\\/03\\\/my-business-logoblack.jpg\",\"width\":720,\"height\":720,\"caption\":\"Nacho\"},\"logo\":{\"@id\":\"https:\\\/\\\/igsamcreativo.com\\\/wp-content\\\/uploads\\\/2021\\\/03\\\/my-business-logoblack.jpg\"},\"sameAs\":[\"http:\\\/\\\/igsamcreativo.com\"]}]}<\/script>\n<!-- \/ Yoast SEO plugin. -->","yoast_head_json":{"title":"Fotograf\u00eda de familia | Igsam Creative","description":"Convierte tus retratos familiares en tesoros atemporales con una sesi\u00f3n de fotograf\u00eda de familia. Creatividad, estilo y ubicaciones perfectas","robots":{"index":"index","follow":"follow","max-snippet":"max-snippet:-1","max-image-preview":"max-image-preview:large","max-video-preview":"max-video-preview:-1"},"canonical":"https:\/\/igsamcreativo.com\/en\/galeria\/fotografia-de-familia\/","og_locale":"en_GB","og_type":"article","og_title":"Fotograf\u00eda de familia | Igsam Creative","og_description":"Convierte tus retratos familiares en tesoros atemporales con una sesi\u00f3n de fotograf\u00eda de familia. Creatividad, estilo y ubicaciones perfectas","og_url":"https:\/\/igsamcreativo.com\/en\/galeria\/fotografia-de-familia\/","og_site_name":"Igsam Creative","article_modified_time":"2025-12-31T09:54:06+00:00","og_image":[{"url":"https:\/\/igsamcreativo.com\/wp-content\/uploads\/2024\/06\/IGS5680-300x284.jpg","type":"","width":"","height":""}],"twitter_card":"summary_large_image","twitter_misc":{"Estimated reading time":"5 minutes"},"schema":{"@context":"https:\/\/schema.org","@graph":[{"@type":"WebPage","@id":"https:\/\/igsamcreativo.com\/galeria\/fotografia-de-familia\/","url":"https:\/\/igsamcreativo.com\/galeria\/fotografia-de-familia\/","name":"Fotograf\u00eda de familia | Igsam Creative","isPartOf":{"@id":"https:\/\/igsamcreativo.com\/#website"},"primaryImageOfPage":{"@id":"https:\/\/igsamcreativo.com\/galeria\/fotografia-de-familia\/#primaryimage"},"image":{"@id":"https:\/\/igsamcreativo.com\/galeria\/fotografia-de-familia\/#primaryimage"},"thumbnailUrl":"https:\/\/igsamcreativo.com\/wp-content\/uploads\/2024\/06\/IGS5680-300x284.jpg","datePublished":"2025-10-22T09:50:29+00:00","dateModified":"2025-12-31T09:54:06+00:00","description":"Convierte tus retratos familiares en tesoros atemporales con una sesi\u00f3n de fotograf\u00eda de familia. Creatividad, estilo y ubicaciones perfectas","breadcrumb":{"@id":"https:\/\/igsamcreativo.com\/galeria\/fotografia-de-familia\/#breadcrumb"},"inLanguage":"en-GB","potentialAction":[{"@type":"ReadAction","target":["https:\/\/igsamcreativo.com\/galeria\/fotografia-de-familia\/"]}]},{"@type":"ImageObject","inLanguage":"en-GB","@id":"https:\/\/igsamcreativo.com\/galeria\/fotografia-de-familia\/#primaryimage","url":"https:\/\/igsamcreativo.com\/wp-content\/uploads\/2024\/06\/IGS5680-300x284.jpg","contentUrl":"https:\/\/igsamcreativo.com\/wp-content\/uploads\/2024\/06\/IGS5680-300x284.jpg"},{"@type":"BreadcrumbList","@id":"https:\/\/igsamcreativo.com\/galeria\/fotografia-de-familia\/#breadcrumb","itemListElement":[{"@type":"ListItem","position":1,"name":"Home","item":"https:\/\/igsamcreativo.com\/"},{"@type":"ListItem","position":2,"name":"Galer\u00eda","item":"https:\/\/igsamcreativo.com\/galeria\/"},{"@type":"ListItem","position":3,"name":"Fotograf\u00eda de familia"}]},{"@type":"WebSite","@id":"https:\/\/igsamcreativo.com\/#website","url":"https:\/\/igsamcreativo.com\/","name":"igsamcreativo","description":"Estudio de fotograf\u00eda y v\u00eddeo en San Sebasti\u00e1n de los Reyes, especializado en books de actores y modelos, retratos profesionales y fotograf\u00eda para eventos en Madrid.","publisher":{"@id":"https:\/\/igsamcreativo.com\/#\/schema\/person\/838a11ccfcd03340701a979ffec44c5a"},"potentialAction":[{"@type":"SearchAction","target":{"@type":"EntryPoint","urlTemplate":"https:\/\/igsamcreativo.com\/?s={search_term_string}"},"query-input":{"@type":"PropertyValueSpecification","valueRequired":true,"valueName":"search_term_string"}}],"inLanguage":"en-GB"},{"@type":["Person","Organization"],"@id":"https:\/\/igsamcreativo.com\/#\/schema\/person\/838a11ccfcd03340701a979ffec44c5a","name":"Nacho","image":{"@type":"ImageObject","inLanguage":"en-GB","@id":"https:\/\/igsamcreativo.com\/wp-content\/uploads\/2021\/03\/my-business-logoblack.jpg","url":"https:\/\/igsamcreativo.com\/wp-content\/uploads\/2021\/03\/my-business-logoblack.jpg","contentUrl":"https:\/\/igsamcreativo.com\/wp-content\/uploads\/2021\/03\/my-business-logoblack.jpg","width":720,"height":720,"caption":"Nacho"},"logo":{"@id":"https:\/\/igsamcreativo.com\/wp-content\/uploads\/2021\/03\/my-business-logoblack.jpg"},"sameAs":["http:\/\/igsamcreativo.com"]}]}},"_links":{"self":[{"href":"https:\/\/igsamcreativo.com\/en\/wp-json\/wp\/v2\/pages\/3485","targetHints":{"allow":["GET"]}}],"collection":[{"href":"https:\/\/igsamcreativo.com\/en\/wp-json\/wp\/v2\/pages"}],"about":[{"href":"https:\/\/igsamcreativo.com\/en\/wp-json\/wp\/v2\/types\/page"}],"author":[{"embeddable":true,"href":"https:\/\/igsamcreativo.com\/en\/wp-json\/wp\/v2\/users\/3"}],"replies":[{"embeddable":true,"href":"https:\/\/igsamcreativo.com\/en\/wp-json\/wp\/v2\/comments?post=3485"}],"version-history":[{"count":1,"href":"https:\/\/igsamcreativo.com\/en\/wp-json\/wp\/v2\/pages\/3485\/revisions"}],"predecessor-version":[{"id":3486,"href":"https:\/\/igsamcreativo.com\/en\/wp-json\/wp\/v2\/pages\/3485\/revisions\/3486"}],"up":[{"embeddable":true,"href":"https:\/\/igsamcreativo.com\/en\/wp-json\/wp\/v2\/pages\/3466"}],"wp:attachment":[{"href":"https:\/\/igsamcreativo.com\/en\/wp-json\/wp\/v2\/media?parent=3485"}],"curies":[{"name":"wp","href":"https:\/\/api.w.org\/{rel}","templated":true}]}}