{"id":3483,"date":"2025-10-22T11:47:54","date_gmt":"2025-10-22T09:47:54","guid":{"rendered":"https:\/\/igsamcreativo.com\/?page_id=3483"},"modified":"2026-02-25T11:55:55","modified_gmt":"2026-02-25T10:55:55","slug":"fotografia-y-video-para-books","status":"publish","type":"page","link":"https:\/\/igsamcreativo.com\/en\/galeria\/fotografia-y-video-para-books\/","title":{"rendered":"Photography and video for books"},"content":{"rendered":"\t\t<div data-elementor-type=\"wp-page\" data-elementor-id=\"3483\" class=\"elementor elementor-3483\" data-elementor-post-type=\"page\">\n\t\t\t\t\t\t<section class=\"elementor-section elementor-top-section elementor-element elementor-element-6253091 elementor-section-boxed elementor-section-height-default elementor-section-height-default\" data-id=\"6253091\" data-element_type=\"section\" data-e-type=\"section\">\n\t\t\t\t\t\t<div class=\"elementor-container elementor-column-gap-default\">\n\t\t\t\t\t<div class=\"elementor-column elementor-col-100 elementor-top-column elementor-element elementor-element-e0f0014\" data-id=\"e0f0014\" data-element_type=\"column\" data-e-type=\"column\">\n\t\t\t<div class=\"elementor-widget-wrap elementor-element-populated\">\n\t\t\t\t\t\t<div class=\"elementor-element elementor-element-7a947ff elementor-widget elementor-widget-image-gallery\" data-id=\"7a947ff\" data-element_type=\"widget\" data-e-type=\"widget\" data-widget_type=\"image-gallery.default\">\n\t\t\t\t<div class=\"elementor-widget-container\">\n\t\t\t\t\t\t\t<div class=\"elementor-image-gallery\">\n\t\t\t\n\t\t<div class=\"row gallery-space pV0H10\">\n\t\t\t\t\t\t\t\t<div class=\"six columns mobile-three space-bottom mobile-fullwidth\">\n\t\t\t\t\t\t<div class=\"row\">\n\t\t\t\t\t\t\t<div class=\"twelve columns pV0H5 gallery_prettyphoto\">\n\t\t\t\t\t\t\t\t<a class=\"gallery_2col image\" rel=\"prettyPhoto[gallery2col]\"  href=\"https:\/\/igsamcreativo.com\/wp-content\/uploads\/2021\/03\/DSC3926-ByN.jpg\" title=\"Ignacio S\u00e1nchez Mart\u00edn\">\n\t\t\t\t\t\t\t\t\t\t\t\t\t\t\t<img decoding=\"async\" src=\"https:\/\/igsamcreativo.com\/wp-content\/uploads\/2021\/03\/DSC3926-ByN-400x250.jpg\" alt=\"Ignacio S\u00e1nchez Mart\u00edn\" title=\"Ignacio S\u00e1nchez Mart\u00edn\"\/>\n\t\t\t\t\t\t\t\t\t\t\t\t\t\t\t<\/a>\n\t\t\t\t\t\t\t<\/div>\n\t\t\t\t\t\t<\/div>\n\t\t\t\t\t<\/div>                 \n\t\t\t\t\t\t\n\t\t\t\t\t\t\t\t<div class=\"six columns mobile-three space-bottom mobile-fullwidth\">\n\t\t\t\t\t\t<div class=\"row\">\n\t\t\t\t\t\t\t<div class=\"twelve columns pV0H5 gallery_prettyphoto\">\n\t\t\t\t\t\t\t\t<a class=\"gallery_2col image\" rel=\"prettyPhoto[gallery2col]\"  href=\"https:\/\/igsamcreativo.com\/wp-content\/uploads\/2021\/03\/gall3_preview_3.jpg\" title=\"Ignacio Sanchez Martin\">\n\t\t\t\t\t\t\t\t\t\t\t\t\t\t\t<img decoding=\"async\" src=\"https:\/\/igsamcreativo.com\/wp-content\/uploads\/2021\/03\/gall3_preview_3-400x250.jpg\" alt=\"Ignacio Sanchez Martin\" title=\"Ignacio Sanchez Martin\"\/>\n\t\t\t\t\t\t\t\t\t\t\t\t\t\t\t<\/a>\n\t\t\t\t\t\t\t<\/div>\n\t\t\t\t\t\t<\/div>\n\t\t\t\t\t<\/div>                 \n\t\t\t\t\t\t\n\t\t\t\t\t\t\t\t<div class=\"six columns mobile-three space-bottom mobile-fullwidth\">\n\t\t\t\t\t\t<div class=\"row\">\n\t\t\t\t\t\t\t<div class=\"twelve columns pV0H5 gallery_prettyphoto\">\n\t\t\t\t\t\t\t\t<a class=\"gallery_2col image\" rel=\"prettyPhoto[gallery2col]\"  href=\"https:\/\/igsamcreativo.com\/wp-content\/uploads\/2021\/03\/DSC3963.jpg\" title=\"Ignacio S\u00e1nchez Mart\u00edn\">\n\t\t\t\t\t\t\t\t\t\t\t\t\t\t\t<img decoding=\"async\" src=\"https:\/\/igsamcreativo.com\/wp-content\/uploads\/2021\/03\/DSC3963-400x250.jpg\" alt=\"Ignacio S\u00e1nchez Mart\u00edn\" title=\"Ignacio S\u00e1nchez Mart\u00edn\"\/>\n\t\t\t\t\t\t\t\t\t\t\t\t\t\t\t<\/a>\n\t\t\t\t\t\t\t<\/div>\n\t\t\t\t\t\t<\/div>\n\t\t\t\t\t<\/div>                 \n\t\t\t\t\t\t\n\t\t\t\t\t\t\t\t<div class=\"six columns mobile-three space-bottom mobile-fullwidth\">\n\t\t\t\t\t\t<div class=\"row\">\n\t\t\t\t\t\t\t<div class=\"twelve columns pV0H5 gallery_prettyphoto\">\n\t\t\t\t\t\t\t\t<a class=\"gallery_2col image\" rel=\"prettyPhoto[gallery2col]\"  href=\"https:\/\/igsamcreativo.com\/wp-content\/uploads\/2021\/03\/gall3_preview_4-1.jpg\" title=\"Ignacio Sanchez Martin\">\n\t\t\t\t\t\t\t\t\t\t\t\t\t\t\t<img decoding=\"async\" src=\"https:\/\/igsamcreativo.com\/wp-content\/uploads\/2021\/03\/gall3_preview_4-1-400x250.jpg\" alt=\"Ignacio Sanchez Martin\" title=\"Ignacio Sanchez Martin\"\/>\n\t\t\t\t\t\t\t\t\t\t\t\t\t\t\t<\/a>\n\t\t\t\t\t\t\t<\/div>\n\t\t\t\t\t\t<\/div>\n\t\t\t\t\t<\/div>                 \n\t\t\t\t\t\t\n\t\t\t\t\t\t\t\t<div class=\"six columns mobile-three space-bottom mobile-fullwidth\">\n\t\t\t\t\t\t<div class=\"row\">\n\t\t\t\t\t\t\t<div class=\"twelve columns pV0H5 gallery_prettyphoto\">\n\t\t\t\t\t\t\t\t<a class=\"gallery_2col image\" rel=\"prettyPhoto[gallery2col]\"  href=\"https:\/\/igsamcreativo.com\/wp-content\/uploads\/2021\/03\/DSC4030.jpg\" title=\"Ignacio S\u00e1nchez Mart\u00edn\">\n\t\t\t\t\t\t\t\t\t\t\t\t\t\t\t<img decoding=\"async\" src=\"https:\/\/igsamcreativo.com\/wp-content\/uploads\/2021\/03\/DSC4030-400x250.jpg\" alt=\"Ignacio S\u00e1nchez Mart\u00edn\" title=\"Ignacio S\u00e1nchez Mart\u00edn\"\/>\n\t\t\t\t\t\t\t\t\t\t\t\t\t\t\t<\/a>\n\t\t\t\t\t\t\t<\/div>\n\t\t\t\t\t\t<\/div>\n\t\t\t\t\t<\/div>                 \n\t\t\t\t\t\t\n\t\t\t\t\t\t\t\t<div class=\"six columns mobile-three space-bottom mobile-fullwidth\">\n\t\t\t\t\t\t<div class=\"row\">\n\t\t\t\t\t\t\t<div class=\"twelve columns pV0H5 gallery_prettyphoto\">\n\t\t\t\t\t\t\t\t<a class=\"gallery_2col image\" rel=\"prettyPhoto[gallery2col]\"  href=\"https:\/\/igsamcreativo.com\/wp-content\/uploads\/2021\/03\/gall3_preview_6.jpg\" title=\"Ignacio Sanchez Martin\">\n\t\t\t\t\t\t\t\t\t\t\t\t\t\t\t<img decoding=\"async\" src=\"https:\/\/igsamcreativo.com\/wp-content\/uploads\/2021\/03\/gall3_preview_6-400x250.jpg\" alt=\"Ignacio Sanchez Martin\" title=\"Ignacio Sanchez Martin\"\/>\n\t\t\t\t\t\t\t\t\t\t\t\t\t\t\t<\/a>\n\t\t\t\t\t\t\t<\/div>\n\t\t\t\t\t\t<\/div>\n\t\t\t\t\t<\/div>                 \n\t\t\t\t\t\t\n\t\t\t\t\t\t\t\t<div class=\"six columns mobile-three space-bottom mobile-fullwidth\">\n\t\t\t\t\t\t<div class=\"row\">\n\t\t\t\t\t\t\t<div class=\"twelve columns pV0H5 gallery_prettyphoto\">\n\t\t\t\t\t\t\t\t<a class=\"gallery_2col image\" rel=\"prettyPhoto[gallery2col]\"  href=\"https:\/\/igsamcreativo.com\/wp-content\/uploads\/2021\/03\/DSC4245.jpg\" title=\"Ignacio S\u00e1nchez Mart\u00edn\">\n\t\t\t\t\t\t\t\t\t\t\t\t\t\t\t<img decoding=\"async\" src=\"https:\/\/igsamcreativo.com\/wp-content\/uploads\/2021\/03\/DSC4245-400x250.jpg\" alt=\"Ignacio S\u00e1nchez Mart\u00edn\" title=\"Ignacio S\u00e1nchez Mart\u00edn\"\/>\n\t\t\t\t\t\t\t\t\t\t\t\t\t\t\t<\/a>\n\t\t\t\t\t\t\t<\/div>\n\t\t\t\t\t\t<\/div>\n\t\t\t\t\t<\/div>                 \n\t\t\t\t\t\t\n\t\t\t\t\t\t\t\t<div class=\"six columns mobile-three space-bottom mobile-fullwidth\">\n\t\t\t\t\t\t<div class=\"row\">\n\t\t\t\t\t\t\t<div class=\"twelve columns pV0H5 gallery_prettyphoto\">\n\t\t\t\t\t\t\t\t<a class=\"gallery_2col image\" rel=\"prettyPhoto[gallery2col]\"  href=\"https:\/\/igsamcreativo.com\/wp-content\/uploads\/2021\/03\/gall3_preview_10.jpg\" title=\"Ignacio Sanchez Martin\">\n\t\t\t\t\t\t\t\t\t\t\t\t\t\t\t<img decoding=\"async\" src=\"https:\/\/igsamcreativo.com\/wp-content\/uploads\/2021\/03\/gall3_preview_10-400x250.jpg\" alt=\"Ignacio Sanchez Martin\" title=\"Ignacio Sanchez Martin\"\/>\n\t\t\t\t\t\t\t\t\t\t\t\t\t\t\t<\/a>\n\t\t\t\t\t\t\t<\/div>\n\t\t\t\t\t\t<\/div>\n\t\t\t\t\t<\/div>                 \n\t\t\t\t\t\t\n\t\t\t\t\t\t\t\t<div class=\"six columns mobile-three space-bottom mobile-fullwidth\">\n\t\t\t\t\t\t<div class=\"row\">\n\t\t\t\t\t\t\t<div class=\"twelve columns pV0H5 gallery_prettyphoto\">\n\t\t\t\t\t\t\t\t<a class=\"gallery_2col image\" rel=\"prettyPhoto[gallery2col]\"  href=\"https:\/\/igsamcreativo.com\/wp-content\/uploads\/2021\/03\/DSC4279.jpg\" title=\"Ignacio S\u00e1nchez Mart\u00edn\">\n\t\t\t\t\t\t\t\t\t\t\t\t\t\t\t<img decoding=\"async\" src=\"https:\/\/igsamcreativo.com\/wp-content\/uploads\/2021\/03\/DSC4279-400x250.jpg\" alt=\"Ignacio S\u00e1nchez Mart\u00edn\" title=\"Ignacio S\u00e1nchez Mart\u00edn\"\/>\n\t\t\t\t\t\t\t\t\t\t\t\t\t\t\t<\/a>\n\t\t\t\t\t\t\t<\/div>\n\t\t\t\t\t\t<\/div>\n\t\t\t\t\t<\/div>                 \n\t\t\t\t\t\t\n\t\t\t\t\t\t\t\t<div class=\"six columns mobile-three space-bottom mobile-fullwidth\">\n\t\t\t\t\t\t<div class=\"row\">\n\t\t\t\t\t\t\t<div class=\"twelve columns pV0H5 gallery_prettyphoto\">\n\t\t\t\t\t\t\t\t<a class=\"gallery_2col image\" rel=\"prettyPhoto[gallery2col]\"  href=\"https:\/\/igsamcreativo.com\/wp-content\/uploads\/2021\/03\/gall3_preview_1.jpg\" title=\"gall3_preview_1\">\n\t\t\t\t\t\t\t\t\t\t\t\t\t\t\t<img decoding=\"async\" src=\"https:\/\/igsamcreativo.com\/wp-content\/uploads\/2021\/03\/gall3_preview_1-400x250.jpg\" alt=\"gall3_preview_1\" title=\"gall3_preview_1\"\/>\n\t\t\t\t\t\t\t\t\t\t\t\t\t\t\t<\/a>\n\t\t\t\t\t\t\t<\/div>\n\t\t\t\t\t\t<\/div>\n\t\t\t\t\t<\/div>                 \n\t\t\t\t\t\t\n\t\t\t\t\t\t\t\t<div class=\"six columns mobile-three space-bottom mobile-fullwidth\">\n\t\t\t\t\t\t<div class=\"row\">\n\t\t\t\t\t\t\t<div class=\"twelve columns pV0H5 gallery_prettyphoto\">\n\t\t\t\t\t\t\t\t<a class=\"gallery_2col image\" rel=\"prettyPhoto[gallery2col]\"  href=\"https:\/\/igsamcreativo.com\/wp-content\/uploads\/2021\/03\/gall3_preview_5.jpg\" title=\"Ignacio S\u00e1nchez Mart\u00edn\">\n\t\t\t\t\t\t\t\t\t\t\t\t\t\t\t<img decoding=\"async\" src=\"https:\/\/igsamcreativo.com\/wp-content\/uploads\/2021\/03\/gall3_preview_5-400x250.jpg\" alt=\"Ignacio S\u00e1nchez Mart\u00edn\" title=\"Ignacio S\u00e1nchez Mart\u00edn\"\/>\n\t\t\t\t\t\t\t\t\t\t\t\t\t\t\t<\/a>\n\t\t\t\t\t\t\t<\/div>\n\t\t\t\t\t\t<\/div>\n\t\t\t\t\t<\/div>                 \n\t\t\t\t\t\t\n\t\t\t\t\t\t\t\t<div class=\"six columns mobile-three space-bottom mobile-fullwidth\">\n\t\t\t\t\t\t<div class=\"row\">\n\t\t\t\t\t\t\t<div class=\"twelve columns pV0H5 gallery_prettyphoto\">\n\t\t\t\t\t\t\t\t<a class=\"gallery_2col image\" rel=\"prettyPhoto[gallery2col]\"  href=\"https:\/\/igsamcreativo.com\/wp-content\/uploads\/2021\/03\/gall3_preview_7.jpg\" title=\"gall3_preview_7\">\n\t\t\t\t\t\t\t\t\t\t\t\t\t\t\t<img decoding=\"async\" src=\"https:\/\/igsamcreativo.com\/wp-content\/uploads\/2021\/03\/gall3_preview_7-400x250.jpg\" alt=\"gall3_preview_7\" title=\"gall3_preview_7\"\/>\n\t\t\t\t\t\t\t\t\t\t\t\t\t\t\t<\/a>\n\t\t\t\t\t\t\t<\/div>\n\t\t\t\t\t\t<\/div>\n\t\t\t\t\t<\/div>                 \n\t\t\t\t\t\t\n\t\t\t\t\t\t\t\t<div class=\"six columns mobile-three space-bottom mobile-fullwidth\">\n\t\t\t\t\t\t<div class=\"row\">\n\t\t\t\t\t\t\t<div class=\"twelve columns pV0H5 gallery_prettyphoto\">\n\t\t\t\t\t\t\t\t<a class=\"gallery_2col image\" rel=\"prettyPhoto[gallery2col]\"  href=\"https:\/\/igsamcreativo.com\/wp-content\/uploads\/2021\/03\/gall3_preview_8.jpg\" title=\"Ignacio Sanchez Martin\">\n\t\t\t\t\t\t\t\t\t\t\t\t\t\t\t<img decoding=\"async\" src=\"https:\/\/igsamcreativo.com\/wp-content\/uploads\/2021\/03\/gall3_preview_8-400x250.jpg\" alt=\"Ignacio Sanchez Martin\" title=\"Ignacio Sanchez Martin\"\/>\n\t\t\t\t\t\t\t\t\t\t\t\t\t\t\t<\/a>\n\t\t\t\t\t\t\t<\/div>\n\t\t\t\t\t\t<\/div>\n\t\t\t\t\t<\/div>                 \n\t\t\t\t\t\t\n\t\t\t\t\t\t\t\t<div class=\"six columns mobile-three space-bottom mobile-fullwidth\">\n\t\t\t\t\t\t<div class=\"row\">\n\t\t\t\t\t\t\t<div class=\"twelve columns pV0H5 gallery_prettyphoto\">\n\t\t\t\t\t\t\t\t<a class=\"gallery_2col image\" rel=\"prettyPhoto[gallery2col]\"  href=\"https:\/\/igsamcreativo.com\/wp-content\/uploads\/2021\/03\/gall3_preview_2.jpg\" title=\"gall3_preview_2\">\n\t\t\t\t\t\t\t\t\t\t\t\t\t\t\t<img decoding=\"async\" src=\"https:\/\/igsamcreativo.com\/wp-content\/uploads\/2021\/03\/gall3_preview_2-400x250.jpg\" alt=\"gall3_preview_2\" title=\"gall3_preview_2\"\/>\n\t\t\t\t\t\t\t\t\t\t\t\t\t\t\t<\/a>\n\t\t\t\t\t\t\t<\/div>\n\t\t\t\t\t\t<\/div>\n\t\t\t\t\t<\/div>                 \n\t\t\t\t\t\t\n\t\t\t\t\n\n\t\t<\/div>            \n\n\t\t\t\t<\/div>\n\t\t\t\t\t\t<\/div>\n\t\t\t\t<\/div>\n\t\t\t\t\t<\/div>\n\t\t<\/div>\n\t\t\t\t\t<\/div>\n\t\t<\/section>\n\t\t\t\t<\/div>\n\t\t","protected":false},"excerpt":{"rendered":"<p>#gallery-1 { margin: auto; } #gallery-1 .gallery-item { float: left; margin-top: 10px; text-align: center; width: 50%; } #gallery-1 img { border: 2px solid #cfcfcf; } #gallery-1 .gallery-caption { margin-left: 0; [&hellip;]<\/p>\n","protected":false},"author":3,"featured_media":0,"parent":3466,"menu_order":0,"comment_status":"closed","ping_status":"closed","template":"template-fancybox.php","meta":{"_joinchat":[],"footnotes":""},"class_list":["post-3483","page","type-page","status-publish","hentry"],"yoast_head":"<!-- This site is optimized with the Yoast SEO plugin v27.3 - https:\/\/yoast.com\/product\/yoast-seo-wordpress\/ -->\n<title>Fotograf\u00eda y v\u00eddeo para books | Igsam Creative<\/title>\n<meta name=\"description\" content=\"En Igsam Creative somos expertos en fotograf\u00eda y v\u00eddeo para books de actores, actrices y modelos en Madrid y alrededores. \u00a1Desc\u00fabrelo!\" \/>\n<meta name=\"robots\" content=\"index, follow, max-snippet:-1, max-image-preview:large, max-video-preview:-1\" \/>\n<link rel=\"canonical\" href=\"https:\/\/igsamcreativo.com\/en\/galeria\/fotografia-y-video-para-books\/\" \/>\n<meta property=\"og:locale\" content=\"en_GB\" \/>\n<meta property=\"og:type\" content=\"article\" \/>\n<meta property=\"og:title\" content=\"Fotograf\u00eda y v\u00eddeo para books | Igsam Creative\" \/>\n<meta property=\"og:description\" content=\"En Igsam Creative somos expertos en fotograf\u00eda y v\u00eddeo para books de actores, actrices y modelos en Madrid y alrededores. \u00a1Desc\u00fabrelo!\" \/>\n<meta property=\"og:url\" content=\"https:\/\/igsamcreativo.com\/en\/galeria\/fotografia-y-video-para-books\/\" \/>\n<meta property=\"og:site_name\" content=\"Igsam Creative\" \/>\n<meta property=\"article:modified_time\" content=\"2026-02-25T10:55:55+00:00\" \/>\n<meta property=\"og:image\" content=\"http:\/\/igsamcreativo.com\/wp-content\/uploads\/2021\/03\/DSC3926-ByN-300x199.jpg\" \/>\n<meta name=\"twitter:card\" content=\"summary_large_image\" \/>\n<meta name=\"twitter:label1\" content=\"Estimated reading time\" \/>\n\t<meta name=\"twitter:data1\" content=\"3 minutes\" \/>\n<script type=\"application\/ld+json\" class=\"yoast-schema-graph\">{\"@context\":\"https:\\\/\\\/schema.org\",\"@graph\":[{\"@type\":\"WebPage\",\"@id\":\"https:\\\/\\\/igsamcreativo.com\\\/galeria\\\/fotografia-y-video-para-books\\\/\",\"url\":\"https:\\\/\\\/igsamcreativo.com\\\/galeria\\\/fotografia-y-video-para-books\\\/\",\"name\":\"Fotograf\u00eda y v\u00eddeo para books | Igsam Creative\",\"isPartOf\":{\"@id\":\"https:\\\/\\\/igsamcreativo.com\\\/#website\"},\"primaryImageOfPage\":{\"@id\":\"https:\\\/\\\/igsamcreativo.com\\\/galeria\\\/fotografia-y-video-para-books\\\/#primaryimage\"},\"image\":{\"@id\":\"https:\\\/\\\/igsamcreativo.com\\\/galeria\\\/fotografia-y-video-para-books\\\/#primaryimage\"},\"thumbnailUrl\":\"http:\\\/\\\/igsamcreativo.com\\\/wp-content\\\/uploads\\\/2021\\\/03\\\/DSC3926-ByN-300x199.jpg\",\"datePublished\":\"2025-10-22T09:47:54+00:00\",\"dateModified\":\"2026-02-25T10:55:55+00:00\",\"description\":\"En Igsam Creative somos expertos en fotograf\u00eda y v\u00eddeo para books de actores, actrices y modelos en Madrid y alrededores. \u00a1Desc\u00fabrelo!\",\"breadcrumb\":{\"@id\":\"https:\\\/\\\/igsamcreativo.com\\\/galeria\\\/fotografia-y-video-para-books\\\/#breadcrumb\"},\"inLanguage\":\"en-GB\",\"potentialAction\":[{\"@type\":\"ReadAction\",\"target\":[\"https:\\\/\\\/igsamcreativo.com\\\/galeria\\\/fotografia-y-video-para-books\\\/\"]}]},{\"@type\":\"ImageObject\",\"inLanguage\":\"en-GB\",\"@id\":\"https:\\\/\\\/igsamcreativo.com\\\/galeria\\\/fotografia-y-video-para-books\\\/#primaryimage\",\"url\":\"http:\\\/\\\/igsamcreativo.com\\\/wp-content\\\/uploads\\\/2021\\\/03\\\/DSC3926-ByN-300x199.jpg\",\"contentUrl\":\"http:\\\/\\\/igsamcreativo.com\\\/wp-content\\\/uploads\\\/2021\\\/03\\\/DSC3926-ByN-300x199.jpg\"},{\"@type\":\"BreadcrumbList\",\"@id\":\"https:\\\/\\\/igsamcreativo.com\\\/galeria\\\/fotografia-y-video-para-books\\\/#breadcrumb\",\"itemListElement\":[{\"@type\":\"ListItem\",\"position\":1,\"name\":\"Home\",\"item\":\"https:\\\/\\\/igsamcreativo.com\\\/\"},{\"@type\":\"ListItem\",\"position\":2,\"name\":\"Galer\u00eda\",\"item\":\"https:\\\/\\\/igsamcreativo.com\\\/galeria\\\/\"},{\"@type\":\"ListItem\",\"position\":3,\"name\":\"Fotograf\u00eda y v\u00eddeo para books\"}]},{\"@type\":\"WebSite\",\"@id\":\"https:\\\/\\\/igsamcreativo.com\\\/#website\",\"url\":\"https:\\\/\\\/igsamcreativo.com\\\/\",\"name\":\"igsamcreativo\",\"description\":\"Estudio de fotograf\u00eda y v\u00eddeo en San Sebasti\u00e1n de los Reyes, especializado en books de actores y modelos, retratos profesionales y fotograf\u00eda para eventos en Madrid.\",\"publisher\":{\"@id\":\"https:\\\/\\\/igsamcreativo.com\\\/#\\\/schema\\\/person\\\/838a11ccfcd03340701a979ffec44c5a\"},\"potentialAction\":[{\"@type\":\"SearchAction\",\"target\":{\"@type\":\"EntryPoint\",\"urlTemplate\":\"https:\\\/\\\/igsamcreativo.com\\\/?s={search_term_string}\"},\"query-input\":{\"@type\":\"PropertyValueSpecification\",\"valueRequired\":true,\"valueName\":\"search_term_string\"}}],\"inLanguage\":\"en-GB\"},{\"@type\":[\"Person\",\"Organization\"],\"@id\":\"https:\\\/\\\/igsamcreativo.com\\\/#\\\/schema\\\/person\\\/838a11ccfcd03340701a979ffec44c5a\",\"name\":\"Nacho\",\"image\":{\"@type\":\"ImageObject\",\"inLanguage\":\"en-GB\",\"@id\":\"https:\\\/\\\/igsamcreativo.com\\\/wp-content\\\/uploads\\\/2021\\\/03\\\/my-business-logoblack.jpg\",\"url\":\"https:\\\/\\\/igsamcreativo.com\\\/wp-content\\\/uploads\\\/2021\\\/03\\\/my-business-logoblack.jpg\",\"contentUrl\":\"https:\\\/\\\/igsamcreativo.com\\\/wp-content\\\/uploads\\\/2021\\\/03\\\/my-business-logoblack.jpg\",\"width\":720,\"height\":720,\"caption\":\"Nacho\"},\"logo\":{\"@id\":\"https:\\\/\\\/igsamcreativo.com\\\/wp-content\\\/uploads\\\/2021\\\/03\\\/my-business-logoblack.jpg\"},\"sameAs\":[\"http:\\\/\\\/igsamcreativo.com\"]}]}<\/script>\n<!-- \/ Yoast SEO plugin. -->","yoast_head_json":{"title":"Fotograf\u00eda y v\u00eddeo para books | Igsam Creative","description":"En Igsam Creative somos expertos en fotograf\u00eda y v\u00eddeo para books de actores, actrices y modelos en Madrid y alrededores. \u00a1Desc\u00fabrelo!","robots":{"index":"index","follow":"follow","max-snippet":"max-snippet:-1","max-image-preview":"max-image-preview:large","max-video-preview":"max-video-preview:-1"},"canonical":"https:\/\/igsamcreativo.com\/en\/galeria\/fotografia-y-video-para-books\/","og_locale":"en_GB","og_type":"article","og_title":"Fotograf\u00eda y v\u00eddeo para books | Igsam Creative","og_description":"En Igsam Creative somos expertos en fotograf\u00eda y v\u00eddeo para books de actores, actrices y modelos en Madrid y alrededores. \u00a1Desc\u00fabrelo!","og_url":"https:\/\/igsamcreativo.com\/en\/galeria\/fotografia-y-video-para-books\/","og_site_name":"Igsam Creative","article_modified_time":"2026-02-25T10:55:55+00:00","og_image":[{"url":"http:\/\/igsamcreativo.com\/wp-content\/uploads\/2021\/03\/DSC3926-ByN-300x199.jpg","type":"","width":"","height":""}],"twitter_card":"summary_large_image","twitter_misc":{"Estimated reading time":"3 minutes"},"schema":{"@context":"https:\/\/schema.org","@graph":[{"@type":"WebPage","@id":"https:\/\/igsamcreativo.com\/galeria\/fotografia-y-video-para-books\/","url":"https:\/\/igsamcreativo.com\/galeria\/fotografia-y-video-para-books\/","name":"Fotograf\u00eda y v\u00eddeo para books | Igsam Creative","isPartOf":{"@id":"https:\/\/igsamcreativo.com\/#website"},"primaryImageOfPage":{"@id":"https:\/\/igsamcreativo.com\/galeria\/fotografia-y-video-para-books\/#primaryimage"},"image":{"@id":"https:\/\/igsamcreativo.com\/galeria\/fotografia-y-video-para-books\/#primaryimage"},"thumbnailUrl":"http:\/\/igsamcreativo.com\/wp-content\/uploads\/2021\/03\/DSC3926-ByN-300x199.jpg","datePublished":"2025-10-22T09:47:54+00:00","dateModified":"2026-02-25T10:55:55+00:00","description":"En Igsam Creative somos expertos en fotograf\u00eda y v\u00eddeo para books de actores, actrices y modelos en Madrid y alrededores. \u00a1Desc\u00fabrelo!","breadcrumb":{"@id":"https:\/\/igsamcreativo.com\/galeria\/fotografia-y-video-para-books\/#breadcrumb"},"inLanguage":"en-GB","potentialAction":[{"@type":"ReadAction","target":["https:\/\/igsamcreativo.com\/galeria\/fotografia-y-video-para-books\/"]}]},{"@type":"ImageObject","inLanguage":"en-GB","@id":"https:\/\/igsamcreativo.com\/galeria\/fotografia-y-video-para-books\/#primaryimage","url":"http:\/\/igsamcreativo.com\/wp-content\/uploads\/2021\/03\/DSC3926-ByN-300x199.jpg","contentUrl":"http:\/\/igsamcreativo.com\/wp-content\/uploads\/2021\/03\/DSC3926-ByN-300x199.jpg"},{"@type":"BreadcrumbList","@id":"https:\/\/igsamcreativo.com\/galeria\/fotografia-y-video-para-books\/#breadcrumb","itemListElement":[{"@type":"ListItem","position":1,"name":"Home","item":"https:\/\/igsamcreativo.com\/"},{"@type":"ListItem","position":2,"name":"Galer\u00eda","item":"https:\/\/igsamcreativo.com\/galeria\/"},{"@type":"ListItem","position":3,"name":"Fotograf\u00eda y v\u00eddeo para books"}]},{"@type":"WebSite","@id":"https:\/\/igsamcreativo.com\/#website","url":"https:\/\/igsamcreativo.com\/","name":"igsamcreativo","description":"Estudio de fotograf\u00eda y v\u00eddeo en San Sebasti\u00e1n de los Reyes, especializado en books de actores y modelos, retratos profesionales y fotograf\u00eda para eventos en Madrid.","publisher":{"@id":"https:\/\/igsamcreativo.com\/#\/schema\/person\/838a11ccfcd03340701a979ffec44c5a"},"potentialAction":[{"@type":"SearchAction","target":{"@type":"EntryPoint","urlTemplate":"https:\/\/igsamcreativo.com\/?s={search_term_string}"},"query-input":{"@type":"PropertyValueSpecification","valueRequired":true,"valueName":"search_term_string"}}],"inLanguage":"en-GB"},{"@type":["Person","Organization"],"@id":"https:\/\/igsamcreativo.com\/#\/schema\/person\/838a11ccfcd03340701a979ffec44c5a","name":"Nacho","image":{"@type":"ImageObject","inLanguage":"en-GB","@id":"https:\/\/igsamcreativo.com\/wp-content\/uploads\/2021\/03\/my-business-logoblack.jpg","url":"https:\/\/igsamcreativo.com\/wp-content\/uploads\/2021\/03\/my-business-logoblack.jpg","contentUrl":"https:\/\/igsamcreativo.com\/wp-content\/uploads\/2021\/03\/my-business-logoblack.jpg","width":720,"height":720,"caption":"Nacho"},"logo":{"@id":"https:\/\/igsamcreativo.com\/wp-content\/uploads\/2021\/03\/my-business-logoblack.jpg"},"sameAs":["http:\/\/igsamcreativo.com"]}]}},"_links":{"self":[{"href":"https:\/\/igsamcreativo.com\/en\/wp-json\/wp\/v2\/pages\/3483","targetHints":{"allow":["GET"]}}],"collection":[{"href":"https:\/\/igsamcreativo.com\/en\/wp-json\/wp\/v2\/pages"}],"about":[{"href":"https:\/\/igsamcreativo.com\/en\/wp-json\/wp\/v2\/types\/page"}],"author":[{"embeddable":true,"href":"https:\/\/igsamcreativo.com\/en\/wp-json\/wp\/v2\/users\/3"}],"replies":[{"embeddable":true,"href":"https:\/\/igsamcreativo.com\/en\/wp-json\/wp\/v2\/comments?post=3483"}],"version-history":[{"count":1,"href":"https:\/\/igsamcreativo.com\/en\/wp-json\/wp\/v2\/pages\/3483\/revisions"}],"predecessor-version":[{"id":3484,"href":"https:\/\/igsamcreativo.com\/en\/wp-json\/wp\/v2\/pages\/3483\/revisions\/3484"}],"up":[{"embeddable":true,"href":"https:\/\/igsamcreativo.com\/en\/wp-json\/wp\/v2\/pages\/3466"}],"wp:attachment":[{"href":"https:\/\/igsamcreativo.com\/en\/wp-json\/wp\/v2\/media?parent=3483"}],"curies":[{"name":"wp","href":"https:\/\/api.w.org\/{rel}","templated":true}]}}