{"id":3477,"date":"2025-10-22T11:23:01","date_gmt":"2025-10-22T09:23:01","guid":{"rendered":"https:\/\/igsamcreativo.com\/?page_id=3477"},"modified":"2026-02-25T11:39:39","modified_gmt":"2026-02-25T10:39:39","slug":"fotografia-nocturna","status":"publish","type":"page","link":"https:\/\/igsamcreativo.com\/en\/galeria\/fotografia-nocturna\/","title":{"rendered":"Night photography"},"content":{"rendered":"\t\t<div data-elementor-type=\"wp-page\" data-elementor-id=\"3477\" class=\"elementor elementor-3477\" data-elementor-post-type=\"page\">\n\t\t\t\t\t\t<section class=\"elementor-section elementor-top-section elementor-element elementor-element-cfcbbc0 elementor-section-boxed elementor-section-height-default elementor-section-height-default\" data-id=\"cfcbbc0\" data-element_type=\"section\" data-e-type=\"section\">\n\t\t\t\t\t\t<div class=\"elementor-container elementor-column-gap-default\">\n\t\t\t\t\t<div class=\"elementor-column elementor-col-100 elementor-top-column elementor-element elementor-element-e237ca1\" data-id=\"e237ca1\" data-element_type=\"column\" data-e-type=\"column\">\n\t\t\t<div class=\"elementor-widget-wrap elementor-element-populated\">\n\t\t\t\t\t\t<div class=\"elementor-element elementor-element-ef92e78 elementor-widget elementor-widget-image-gallery\" data-id=\"ef92e78\" data-element_type=\"widget\" data-e-type=\"widget\" data-widget_type=\"image-gallery.default\">\n\t\t\t\t<div class=\"elementor-widget-container\">\n\t\t\t\t\t\t\t<div class=\"elementor-image-gallery\">\n\t\t\t\n\t\t<div class=\"row gallery-space pV0H10\">\n\t\t\t\t\t\t\t\t<div class=\"six columns mobile-three space-bottom mobile-fullwidth\">\n\t\t\t\t\t\t<div class=\"row\">\n\t\t\t\t\t\t\t<div class=\"twelve columns pV0H5 gallery_prettyphoto\">\n\t\t\t\t\t\t\t\t<a class=\"gallery_2col image\" rel=\"prettyPhoto[gallery2col]\"  href=\"https:\/\/igsamcreativo.com\/wp-content\/uploads\/2024\/04\/IGS3228.jpg\" title=\"Fireworks Painting the Sky\">\n\t\t\t\t\t\t\t\t\t\t\t\t\t\t\t<img decoding=\"async\" src=\"https:\/\/igsamcreativo.com\/wp-content\/uploads\/2024\/04\/IGS3228-400x250.jpg\" alt=\"Fireworks Painting the Sky\" title=\"Fireworks Painting the Sky\"\/>\n\t\t\t\t\t\t\t\t\t\t\t\t\t\t\t<\/a>\n\t\t\t\t\t\t\t<\/div>\n\t\t\t\t\t\t<\/div>\n\t\t\t\t\t<\/div>                 \n\t\t\t\t\t\t\n\t\t\t\t\t\t\t\t<div class=\"six columns mobile-three space-bottom mobile-fullwidth\">\n\t\t\t\t\t\t<div class=\"row\">\n\t\t\t\t\t\t\t<div class=\"twelve columns pV0H5 gallery_prettyphoto\">\n\t\t\t\t\t\t\t\t<a class=\"gallery_2col image\" rel=\"prettyPhoto[gallery2col]\"  href=\"https:\/\/igsamcreativo.com\/wp-content\/uploads\/2021\/04\/IGS0452.jpg\" title=\"_IGS0452\">\n\t\t\t\t\t\t\t\t\t\t\t\t\t\t\t<img decoding=\"async\" src=\"https:\/\/igsamcreativo.com\/wp-content\/uploads\/2021\/04\/IGS0452-400x250.jpg\" alt=\"_IGS0452\" title=\"_IGS0452\"\/>\n\t\t\t\t\t\t\t\t\t\t\t\t\t\t\t<\/a>\n\t\t\t\t\t\t\t<\/div>\n\t\t\t\t\t\t<\/div>\n\t\t\t\t\t<\/div>                 \n\t\t\t\t\t\t\n\t\t\t\t\t\t\t\t<div class=\"six columns mobile-three space-bottom mobile-fullwidth\">\n\t\t\t\t\t\t<div class=\"row\">\n\t\t\t\t\t\t\t<div class=\"twelve columns pV0H5 gallery_prettyphoto\">\n\t\t\t\t\t\t\t\t<a class=\"gallery_2col image\" rel=\"prettyPhoto[gallery2col]\"  href=\"https:\/\/igsamcreativo.com\/wp-content\/uploads\/2021\/03\/DSC0429-1.jpg\" title=\"IgsamCreativo\">\n\t\t\t\t\t\t\t\t\t\t\t\t\t\t\t<img decoding=\"async\" src=\"https:\/\/igsamcreativo.com\/wp-content\/uploads\/2021\/03\/DSC0429-1-400x250.jpg\" alt=\"IgsamCreativo\" title=\"IgsamCreativo\"\/>\n\t\t\t\t\t\t\t\t\t\t\t\t\t\t\t<\/a>\n\t\t\t\t\t\t\t<\/div>\n\t\t\t\t\t\t<\/div>\n\t\t\t\t\t<\/div>                 \n\t\t\t\t\t\t\n\t\t\t\t\t\t\t\t<div class=\"six columns mobile-three space-bottom mobile-fullwidth\">\n\t\t\t\t\t\t<div class=\"row\">\n\t\t\t\t\t\t\t<div class=\"twelve columns pV0H5 gallery_prettyphoto\">\n\t\t\t\t\t\t\t\t<a class=\"gallery_2col image\" rel=\"prettyPhoto[gallery2col]\"  href=\"https:\/\/igsamcreativo.com\/wp-content\/uploads\/2024\/04\/IGS5046.jpg\" title=\"_IGS5046\">\n\t\t\t\t\t\t\t\t\t\t\t\t\t\t\t<img decoding=\"async\" src=\"https:\/\/igsamcreativo.com\/wp-content\/uploads\/2024\/04\/IGS5046-400x250.jpg\" alt=\"_IGS5046\" title=\"_IGS5046\"\/>\n\t\t\t\t\t\t\t\t\t\t\t\t\t\t\t<\/a>\n\t\t\t\t\t\t\t<\/div>\n\t\t\t\t\t\t<\/div>\n\t\t\t\t\t<\/div>                 \n\t\t\t\t\t\t\n\t\t\t\t\t\t\t\t<div class=\"six columns mobile-three space-bottom mobile-fullwidth\">\n\t\t\t\t\t\t<div class=\"row\">\n\t\t\t\t\t\t\t<div class=\"twelve columns pV0H5 gallery_prettyphoto\">\n\t\t\t\t\t\t\t\t<a class=\"gallery_2col image\" rel=\"prettyPhoto[gallery2col]\"  href=\"https:\/\/igsamcreativo.com\/wp-content\/uploads\/2021\/04\/IGS0445.jpg\" title=\"_IGS0445\">\n\t\t\t\t\t\t\t\t\t\t\t\t\t\t\t<img decoding=\"async\" src=\"https:\/\/igsamcreativo.com\/wp-content\/uploads\/2021\/04\/IGS0445-400x250.jpg\" alt=\"_IGS0445\" title=\"_IGS0445\"\/>\n\t\t\t\t\t\t\t\t\t\t\t\t\t\t\t<\/a>\n\t\t\t\t\t\t\t<\/div>\n\t\t\t\t\t\t<\/div>\n\t\t\t\t\t<\/div>                 \n\t\t\t\t\t\t\n\t\t\t\t\t\t\t\t<div class=\"six columns mobile-three space-bottom mobile-fullwidth\">\n\t\t\t\t\t\t<div class=\"row\">\n\t\t\t\t\t\t\t<div class=\"twelve columns pV0H5 gallery_prettyphoto\">\n\t\t\t\t\t\t\t\t<a class=\"gallery_2col image\" rel=\"prettyPhoto[gallery2col]\"  href=\"https:\/\/igsamcreativo.com\/wp-content\/uploads\/2021\/04\/IGS0450.jpg\" title=\"_IGS0450\">\n\t\t\t\t\t\t\t\t\t\t\t\t\t\t\t<img decoding=\"async\" src=\"https:\/\/igsamcreativo.com\/wp-content\/uploads\/2021\/04\/IGS0450-400x250.jpg\" alt=\"_IGS0450\" title=\"_IGS0450\"\/>\n\t\t\t\t\t\t\t\t\t\t\t\t\t\t\t<\/a>\n\t\t\t\t\t\t\t<\/div>\n\t\t\t\t\t\t<\/div>\n\t\t\t\t\t<\/div>                 \n\t\t\t\t\t\t\n\t\t\t\t\t\t\t\t<div class=\"six columns mobile-three space-bottom mobile-fullwidth\">\n\t\t\t\t\t\t<div class=\"row\">\n\t\t\t\t\t\t\t<div class=\"twelve columns pV0H5 gallery_prettyphoto\">\n\t\t\t\t\t\t\t\t<a class=\"gallery_2col image\" rel=\"prettyPhoto[gallery2col]\"  href=\"https:\/\/igsamcreativo.com\/wp-content\/uploads\/2024\/04\/IGS2992.jpg\" title=\"Fireworks Painting the Sky\">\n\t\t\t\t\t\t\t\t\t\t\t\t\t\t\t<img decoding=\"async\" src=\"https:\/\/igsamcreativo.com\/wp-content\/uploads\/2024\/04\/IGS2992-400x250.jpg\" alt=\"Fireworks Painting the Sky\" title=\"Fireworks Painting the Sky\"\/>\n\t\t\t\t\t\t\t\t\t\t\t\t\t\t\t<\/a>\n\t\t\t\t\t\t\t<\/div>\n\t\t\t\t\t\t<\/div>\n\t\t\t\t\t<\/div>                 \n\t\t\t\t\t\t\n\t\t\t\t\t\t\t\t<div class=\"six columns mobile-three space-bottom mobile-fullwidth\">\n\t\t\t\t\t\t<div class=\"row\">\n\t\t\t\t\t\t\t<div class=\"twelve columns pV0H5 gallery_prettyphoto\">\n\t\t\t\t\t\t\t\t<a class=\"gallery_2col image\" rel=\"prettyPhoto[gallery2col]\"  href=\"https:\/\/igsamcreativo.com\/wp-content\/uploads\/2021\/04\/IGS0442.jpg\" title=\"_IGS0442\">\n\t\t\t\t\t\t\t\t\t\t\t\t\t\t\t<img decoding=\"async\" src=\"https:\/\/igsamcreativo.com\/wp-content\/uploads\/2021\/04\/IGS0442-400x250.jpg\" alt=\"_IGS0442\" title=\"_IGS0442\"\/>\n\t\t\t\t\t\t\t\t\t\t\t\t\t\t\t<\/a>\n\t\t\t\t\t\t\t<\/div>\n\t\t\t\t\t\t<\/div>\n\t\t\t\t\t<\/div>                 \n\t\t\t\t\t\t\n\t\t\t\t\t\t\t\t<div class=\"six columns mobile-three space-bottom mobile-fullwidth\">\n\t\t\t\t\t\t<div class=\"row\">\n\t\t\t\t\t\t\t<div class=\"twelve columns pV0H5 gallery_prettyphoto\">\n\t\t\t\t\t\t\t\t<a class=\"gallery_2col image\" rel=\"prettyPhoto[gallery2col]\"  href=\"https:\/\/igsamcreativo.com\/wp-content\/uploads\/2024\/04\/IGS3707.jpg\" title=\"Fireworks Painting the Sky\">\n\t\t\t\t\t\t\t\t\t\t\t\t\t\t\t<img decoding=\"async\" src=\"https:\/\/igsamcreativo.com\/wp-content\/uploads\/2024\/04\/IGS3707-400x250.jpg\" alt=\"Fireworks Painting the Sky\" title=\"Fireworks Painting the Sky\"\/>\n\t\t\t\t\t\t\t\t\t\t\t\t\t\t\t<\/a>\n\t\t\t\t\t\t\t<\/div>\n\t\t\t\t\t\t<\/div>\n\t\t\t\t\t<\/div>                 \n\t\t\t\t\t\t\n\t\t\t\t\t\t\t\t<div class=\"six columns mobile-three space-bottom mobile-fullwidth\">\n\t\t\t\t\t\t<div class=\"row\">\n\t\t\t\t\t\t\t<div class=\"twelve columns pV0H5 gallery_prettyphoto\">\n\t\t\t\t\t\t\t\t<a class=\"gallery_2col image\" rel=\"prettyPhoto[gallery2col]\"  href=\"https:\/\/igsamcreativo.com\/wp-content\/uploads\/2021\/04\/IGS0434.jpg\" title=\"_IGS0434\">\n\t\t\t\t\t\t\t\t\t\t\t\t\t\t\t<img decoding=\"async\" src=\"https:\/\/igsamcreativo.com\/wp-content\/uploads\/2021\/04\/IGS0434-400x250.jpg\" alt=\"_IGS0434\" title=\"_IGS0434\"\/>\n\t\t\t\t\t\t\t\t\t\t\t\t\t\t\t<\/a>\n\t\t\t\t\t\t\t<\/div>\n\t\t\t\t\t\t<\/div>\n\t\t\t\t\t<\/div>                 \n\t\t\t\t\t\t\n\t\t\t\t\t\t\t\t<div class=\"six columns mobile-three space-bottom mobile-fullwidth\">\n\t\t\t\t\t\t<div class=\"row\">\n\t\t\t\t\t\t\t<div class=\"twelve columns pV0H5 gallery_prettyphoto\">\n\t\t\t\t\t\t\t\t<a class=\"gallery_2col image\" rel=\"prettyPhoto[gallery2col]\"  href=\"https:\/\/igsamcreativo.com\/wp-content\/uploads\/2024\/04\/IGS5048.jpg\" title=\"_IGS5048\">\n\t\t\t\t\t\t\t\t\t\t\t\t\t\t\t<img decoding=\"async\" src=\"https:\/\/igsamcreativo.com\/wp-content\/uploads\/2024\/04\/IGS5048-400x250.jpg\" alt=\"_IGS5048\" title=\"_IGS5048\"\/>\n\t\t\t\t\t\t\t\t\t\t\t\t\t\t\t<\/a>\n\t\t\t\t\t\t\t<\/div>\n\t\t\t\t\t\t<\/div>\n\t\t\t\t\t<\/div>                 \n\t\t\t\t\t\t\n\t\t\t\t\t\t\t\t<div class=\"six columns mobile-three space-bottom mobile-fullwidth\">\n\t\t\t\t\t\t<div class=\"row\">\n\t\t\t\t\t\t\t<div class=\"twelve columns pV0H5 gallery_prettyphoto\">\n\t\t\t\t\t\t\t\t<a class=\"gallery_2col image\" rel=\"prettyPhoto[gallery2col]\"  href=\"https:\/\/igsamcreativo.com\/wp-content\/uploads\/2024\/04\/IGS0453.jpg\" title=\"_IGS0453\">\n\t\t\t\t\t\t\t\t\t\t\t\t\t\t\t<img decoding=\"async\" src=\"https:\/\/igsamcreativo.com\/wp-content\/uploads\/2024\/04\/IGS0453-400x250.jpg\" alt=\"_IGS0453\" title=\"_IGS0453\"\/>\n\t\t\t\t\t\t\t\t\t\t\t\t\t\t\t<\/a>\n\t\t\t\t\t\t\t<\/div>\n\t\t\t\t\t\t<\/div>\n\t\t\t\t\t<\/div>                 \n\t\t\t\t\t\t\n\t\t\t\t\t\t\t\t<div class=\"six columns mobile-three space-bottom mobile-fullwidth\">\n\t\t\t\t\t\t<div class=\"row\">\n\t\t\t\t\t\t\t<div class=\"twelve columns pV0H5 gallery_prettyphoto\">\n\t\t\t\t\t\t\t\t<a class=\"gallery_2col image\" rel=\"prettyPhoto[gallery2col]\"  href=\"https:\/\/igsamcreativo.com\/wp-content\/uploads\/2024\/04\/IGS5734.jpg\" title=\"Milky Way\">\n\t\t\t\t\t\t\t\t\t\t\t\t\t\t\t<img decoding=\"async\" src=\"https:\/\/igsamcreativo.com\/wp-content\/uploads\/2024\/04\/IGS5734-400x250.jpg\" alt=\"Milky Way\" title=\"Milky Way\"\/>\n\t\t\t\t\t\t\t\t\t\t\t\t\t\t\t<\/a>\n\t\t\t\t\t\t\t<\/div>\n\t\t\t\t\t\t<\/div>\n\t\t\t\t\t<\/div>                 \n\t\t\t\t\t\t\n\t\t\t\t\t\t\t\t<div class=\"six columns mobile-three space-bottom mobile-fullwidth\">\n\t\t\t\t\t\t<div class=\"row\">\n\t\t\t\t\t\t\t<div class=\"twelve columns pV0H5 gallery_prettyphoto\">\n\t\t\t\t\t\t\t\t<a class=\"gallery_2col image\" rel=\"prettyPhoto[gallery2col]\"  href=\"https:\/\/igsamcreativo.com\/wp-content\/uploads\/2021\/03\/gall5_preview_5-1.jpg\" title=\"gall5_preview_5\">\n\t\t\t\t\t\t\t\t\t\t\t\t\t\t\t<img decoding=\"async\" src=\"https:\/\/igsamcreativo.com\/wp-content\/uploads\/2021\/03\/gall5_preview_5-1-400x250.jpg\" alt=\"gall5_preview_5\" title=\"gall5_preview_5\"\/>\n\t\t\t\t\t\t\t\t\t\t\t\t\t\t\t<\/a>\n\t\t\t\t\t\t\t<\/div>\n\t\t\t\t\t\t<\/div>\n\t\t\t\t\t<\/div>                 \n\t\t\t\t\t\t\n\t\t\t\t\t\t\t\t<div class=\"six columns mobile-three space-bottom mobile-fullwidth\">\n\t\t\t\t\t\t<div class=\"row\">\n\t\t\t\t\t\t\t<div class=\"twelve columns pV0H5 gallery_prettyphoto\">\n\t\t\t\t\t\t\t\t<a class=\"gallery_2col image\" rel=\"prettyPhoto[gallery2col]\"  href=\"https:\/\/igsamcreativo.com\/wp-content\/uploads\/2024\/04\/IGS5744.jpg\" title=\"Milky Way\">\n\t\t\t\t\t\t\t\t\t\t\t\t\t\t\t<img decoding=\"async\" src=\"https:\/\/igsamcreativo.com\/wp-content\/uploads\/2024\/04\/IGS5744-400x250.jpg\" alt=\"Milky Way\" title=\"Milky Way\"\/>\n\t\t\t\t\t\t\t\t\t\t\t\t\t\t\t<\/a>\n\t\t\t\t\t\t\t<\/div>\n\t\t\t\t\t\t<\/div>\n\t\t\t\t\t<\/div>                 \n\t\t\t\t\t\t\n\t\t\t\t\t\t\t\t<div class=\"six columns mobile-three space-bottom mobile-fullwidth\">\n\t\t\t\t\t\t<div class=\"row\">\n\t\t\t\t\t\t\t<div class=\"twelve columns pV0H5 gallery_prettyphoto\">\n\t\t\t\t\t\t\t\t<a class=\"gallery_2col image\" rel=\"prettyPhoto[gallery2col]\"  href=\"https:\/\/igsamcreativo.com\/wp-content\/uploads\/2021\/03\/DSC2421.jpg\" title=\"Ignacio Sanchez Martin\">\n\t\t\t\t\t\t\t\t\t\t\t\t\t\t\t<img decoding=\"async\" src=\"https:\/\/igsamcreativo.com\/wp-content\/uploads\/2021\/03\/DSC2421-400x250.jpg\" alt=\"Ignacio Sanchez Martin\" title=\"Ignacio Sanchez Martin\"\/>\n\t\t\t\t\t\t\t\t\t\t\t\t\t\t\t<\/a>\n\t\t\t\t\t\t\t<\/div>\n\t\t\t\t\t\t<\/div>\n\t\t\t\t\t<\/div>                 \n\t\t\t\t\t\t\n\t\t\t\t\t\t\t\t<div class=\"six columns mobile-three space-bottom mobile-fullwidth\">\n\t\t\t\t\t\t<div class=\"row\">\n\t\t\t\t\t\t\t<div class=\"twelve columns pV0H5 gallery_prettyphoto\">\n\t\t\t\t\t\t\t\t<a class=\"gallery_2col image\" rel=\"prettyPhoto[gallery2col]\"  href=\"https:\/\/igsamcreativo.com\/wp-content\/uploads\/2024\/04\/IGS5738.jpg\" title=\"Milky Way\">\n\t\t\t\t\t\t\t\t\t\t\t\t\t\t\t<img decoding=\"async\" src=\"https:\/\/igsamcreativo.com\/wp-content\/uploads\/2024\/04\/IGS5738-400x250.jpg\" alt=\"Milky Way\" title=\"Milky Way\"\/>\n\t\t\t\t\t\t\t\t\t\t\t\t\t\t\t<\/a>\n\t\t\t\t\t\t\t<\/div>\n\t\t\t\t\t\t<\/div>\n\t\t\t\t\t<\/div>                 \n\t\t\t\t\t\t\n\t\t\t\t\t\t\t\t<div class=\"six columns mobile-three space-bottom mobile-fullwidth\">\n\t\t\t\t\t\t<div class=\"row\">\n\t\t\t\t\t\t\t<div class=\"twelve columns pV0H5 gallery_prettyphoto\">\n\t\t\t\t\t\t\t\t<a class=\"gallery_2col image\" rel=\"prettyPhoto[gallery2col]\"  href=\"https:\/\/igsamcreativo.com\/wp-content\/uploads\/2024\/04\/IGS3700.jpg\" title=\"Fireworks Painting the Sky\">\n\t\t\t\t\t\t\t\t\t\t\t\t\t\t\t<img decoding=\"async\" src=\"https:\/\/igsamcreativo.com\/wp-content\/uploads\/2024\/04\/IGS3700-400x250.jpg\" alt=\"Fireworks Painting the Sky\" title=\"Fireworks Painting the Sky\"\/>\n\t\t\t\t\t\t\t\t\t\t\t\t\t\t\t<\/a>\n\t\t\t\t\t\t\t<\/div>\n\t\t\t\t\t\t<\/div>\n\t\t\t\t\t<\/div>                 \n\t\t\t\t\t\t\n\t\t\t\t\n\n\t\t<\/div>            \n\n\t\t\t\t<\/div>\n\t\t\t\t\t\t<\/div>\n\t\t\t\t<\/div>\n\t\t\t\t\t<\/div>\n\t\t<\/div>\n\t\t\t\t\t<\/div>\n\t\t<\/section>\n\t\t\t\t<\/div>\n\t\t","protected":false},"excerpt":{"rendered":"<p>#gallery-3 { margin: auto; } #gallery-3 .gallery-item { float: left; margin-top: 10px; text-align: center; width: 50%; } #gallery-3 img { border: 2px solid #cfcfcf; } #gallery-3 .gallery-caption { margin-left: 0; [&hellip;]<\/p>\n","protected":false},"author":3,"featured_media":0,"parent":3466,"menu_order":0,"comment_status":"closed","ping_status":"closed","template":"template-fancybox.php","meta":{"_joinchat":[],"footnotes":""},"class_list":["post-3477","page","type-page","status-publish","hentry"],"yoast_head":"<!-- This site is optimized with the Yoast SEO plugin v27.3 - https:\/\/yoast.com\/product\/yoast-seo-wordpress\/ -->\n<title>Fotograf\u00eda nocturna | Igsam Creative<\/title>\n<meta name=\"description\" content=\"La fotograf\u00eda nocturna es un tipo de fotograf\u00eda muy atractiva y espectacular, distinta a la tradicional, al aire libre y durante la noche.\" \/>\n<meta name=\"robots\" content=\"index, follow, max-snippet:-1, max-image-preview:large, max-video-preview:-1\" \/>\n<link rel=\"canonical\" href=\"https:\/\/igsamcreativo.com\/en\/galeria\/fotografia-nocturna\/\" \/>\n<meta property=\"og:locale\" content=\"en_GB\" \/>\n<meta property=\"og:type\" content=\"article\" \/>\n<meta property=\"og:title\" content=\"Fotograf\u00eda nocturna | Igsam Creative\" \/>\n<meta property=\"og:description\" content=\"La fotograf\u00eda nocturna es un tipo de fotograf\u00eda muy atractiva y espectacular, distinta a la tradicional, al aire libre y durante la noche.\" \/>\n<meta property=\"og:url\" content=\"https:\/\/igsamcreativo.com\/en\/galeria\/fotografia-nocturna\/\" \/>\n<meta property=\"og:site_name\" content=\"Igsam Creative\" \/>\n<meta property=\"article:modified_time\" content=\"2026-02-25T10:39:39+00:00\" \/>\n<meta property=\"og:image\" content=\"https:\/\/igsamcreativo.com\/wp-content\/uploads\/2024\/04\/IGS3228-300x219.jpg\" \/>\n<meta name=\"twitter:card\" content=\"summary_large_image\" \/>\n<meta name=\"twitter:label1\" content=\"Estimated reading time\" \/>\n\t<meta name=\"twitter:data1\" content=\"4 minutes\" \/>\n<script type=\"application\/ld+json\" class=\"yoast-schema-graph\">{\"@context\":\"https:\\\/\\\/schema.org\",\"@graph\":[{\"@type\":\"WebPage\",\"@id\":\"https:\\\/\\\/igsamcreativo.com\\\/galeria\\\/fotografia-nocturna\\\/\",\"url\":\"https:\\\/\\\/igsamcreativo.com\\\/galeria\\\/fotografia-nocturna\\\/\",\"name\":\"Fotograf\u00eda nocturna | Igsam Creative\",\"isPartOf\":{\"@id\":\"https:\\\/\\\/igsamcreativo.com\\\/#website\"},\"primaryImageOfPage\":{\"@id\":\"https:\\\/\\\/igsamcreativo.com\\\/galeria\\\/fotografia-nocturna\\\/#primaryimage\"},\"image\":{\"@id\":\"https:\\\/\\\/igsamcreativo.com\\\/galeria\\\/fotografia-nocturna\\\/#primaryimage\"},\"thumbnailUrl\":\"https:\\\/\\\/igsamcreativo.com\\\/wp-content\\\/uploads\\\/2024\\\/04\\\/IGS3228-300x219.jpg\",\"datePublished\":\"2025-10-22T09:23:01+00:00\",\"dateModified\":\"2026-02-25T10:39:39+00:00\",\"description\":\"La fotograf\u00eda nocturna es un tipo de fotograf\u00eda muy atractiva y espectacular, distinta a la tradicional, al aire libre y durante la noche.\",\"breadcrumb\":{\"@id\":\"https:\\\/\\\/igsamcreativo.com\\\/galeria\\\/fotografia-nocturna\\\/#breadcrumb\"},\"inLanguage\":\"en-GB\",\"potentialAction\":[{\"@type\":\"ReadAction\",\"target\":[\"https:\\\/\\\/igsamcreativo.com\\\/galeria\\\/fotografia-nocturna\\\/\"]}]},{\"@type\":\"ImageObject\",\"inLanguage\":\"en-GB\",\"@id\":\"https:\\\/\\\/igsamcreativo.com\\\/galeria\\\/fotografia-nocturna\\\/#primaryimage\",\"url\":\"https:\\\/\\\/igsamcreativo.com\\\/wp-content\\\/uploads\\\/2024\\\/04\\\/IGS3228-300x219.jpg\",\"contentUrl\":\"https:\\\/\\\/igsamcreativo.com\\\/wp-content\\\/uploads\\\/2024\\\/04\\\/IGS3228-300x219.jpg\"},{\"@type\":\"BreadcrumbList\",\"@id\":\"https:\\\/\\\/igsamcreativo.com\\\/galeria\\\/fotografia-nocturna\\\/#breadcrumb\",\"itemListElement\":[{\"@type\":\"ListItem\",\"position\":1,\"name\":\"Home\",\"item\":\"https:\\\/\\\/igsamcreativo.com\\\/\"},{\"@type\":\"ListItem\",\"position\":2,\"name\":\"Galer\u00eda\",\"item\":\"https:\\\/\\\/igsamcreativo.com\\\/galeria\\\/\"},{\"@type\":\"ListItem\",\"position\":3,\"name\":\"Fotograf\u00eda nocturna\"}]},{\"@type\":\"WebSite\",\"@id\":\"https:\\\/\\\/igsamcreativo.com\\\/#website\",\"url\":\"https:\\\/\\\/igsamcreativo.com\\\/\",\"name\":\"igsamcreativo\",\"description\":\"Estudio de fotograf\u00eda y v\u00eddeo en San Sebasti\u00e1n de los Reyes, especializado en books de actores y modelos, retratos profesionales y fotograf\u00eda para eventos en Madrid.\",\"publisher\":{\"@id\":\"https:\\\/\\\/igsamcreativo.com\\\/#\\\/schema\\\/person\\\/838a11ccfcd03340701a979ffec44c5a\"},\"potentialAction\":[{\"@type\":\"SearchAction\",\"target\":{\"@type\":\"EntryPoint\",\"urlTemplate\":\"https:\\\/\\\/igsamcreativo.com\\\/?s={search_term_string}\"},\"query-input\":{\"@type\":\"PropertyValueSpecification\",\"valueRequired\":true,\"valueName\":\"search_term_string\"}}],\"inLanguage\":\"en-GB\"},{\"@type\":[\"Person\",\"Organization\"],\"@id\":\"https:\\\/\\\/igsamcreativo.com\\\/#\\\/schema\\\/person\\\/838a11ccfcd03340701a979ffec44c5a\",\"name\":\"Nacho\",\"image\":{\"@type\":\"ImageObject\",\"inLanguage\":\"en-GB\",\"@id\":\"https:\\\/\\\/igsamcreativo.com\\\/wp-content\\\/uploads\\\/2021\\\/03\\\/my-business-logoblack.jpg\",\"url\":\"https:\\\/\\\/igsamcreativo.com\\\/wp-content\\\/uploads\\\/2021\\\/03\\\/my-business-logoblack.jpg\",\"contentUrl\":\"https:\\\/\\\/igsamcreativo.com\\\/wp-content\\\/uploads\\\/2021\\\/03\\\/my-business-logoblack.jpg\",\"width\":720,\"height\":720,\"caption\":\"Nacho\"},\"logo\":{\"@id\":\"https:\\\/\\\/igsamcreativo.com\\\/wp-content\\\/uploads\\\/2021\\\/03\\\/my-business-logoblack.jpg\"},\"sameAs\":[\"http:\\\/\\\/igsamcreativo.com\"]}]}<\/script>\n<!-- \/ Yoast SEO plugin. -->","yoast_head_json":{"title":"Fotograf\u00eda nocturna | Igsam Creative","description":"La fotograf\u00eda nocturna es un tipo de fotograf\u00eda muy atractiva y espectacular, distinta a la tradicional, al aire libre y durante la noche.","robots":{"index":"index","follow":"follow","max-snippet":"max-snippet:-1","max-image-preview":"max-image-preview:large","max-video-preview":"max-video-preview:-1"},"canonical":"https:\/\/igsamcreativo.com\/en\/galeria\/fotografia-nocturna\/","og_locale":"en_GB","og_type":"article","og_title":"Fotograf\u00eda nocturna | Igsam Creative","og_description":"La fotograf\u00eda nocturna es un tipo de fotograf\u00eda muy atractiva y espectacular, distinta a la tradicional, al aire libre y durante la noche.","og_url":"https:\/\/igsamcreativo.com\/en\/galeria\/fotografia-nocturna\/","og_site_name":"Igsam Creative","article_modified_time":"2026-02-25T10:39:39+00:00","og_image":[{"url":"https:\/\/igsamcreativo.com\/wp-content\/uploads\/2024\/04\/IGS3228-300x219.jpg","type":"","width":"","height":""}],"twitter_card":"summary_large_image","twitter_misc":{"Estimated reading time":"4 minutes"},"schema":{"@context":"https:\/\/schema.org","@graph":[{"@type":"WebPage","@id":"https:\/\/igsamcreativo.com\/galeria\/fotografia-nocturna\/","url":"https:\/\/igsamcreativo.com\/galeria\/fotografia-nocturna\/","name":"Fotograf\u00eda nocturna | Igsam Creative","isPartOf":{"@id":"https:\/\/igsamcreativo.com\/#website"},"primaryImageOfPage":{"@id":"https:\/\/igsamcreativo.com\/galeria\/fotografia-nocturna\/#primaryimage"},"image":{"@id":"https:\/\/igsamcreativo.com\/galeria\/fotografia-nocturna\/#primaryimage"},"thumbnailUrl":"https:\/\/igsamcreativo.com\/wp-content\/uploads\/2024\/04\/IGS3228-300x219.jpg","datePublished":"2025-10-22T09:23:01+00:00","dateModified":"2026-02-25T10:39:39+00:00","description":"La fotograf\u00eda nocturna es un tipo de fotograf\u00eda muy atractiva y espectacular, distinta a la tradicional, al aire libre y durante la noche.","breadcrumb":{"@id":"https:\/\/igsamcreativo.com\/galeria\/fotografia-nocturna\/#breadcrumb"},"inLanguage":"en-GB","potentialAction":[{"@type":"ReadAction","target":["https:\/\/igsamcreativo.com\/galeria\/fotografia-nocturna\/"]}]},{"@type":"ImageObject","inLanguage":"en-GB","@id":"https:\/\/igsamcreativo.com\/galeria\/fotografia-nocturna\/#primaryimage","url":"https:\/\/igsamcreativo.com\/wp-content\/uploads\/2024\/04\/IGS3228-300x219.jpg","contentUrl":"https:\/\/igsamcreativo.com\/wp-content\/uploads\/2024\/04\/IGS3228-300x219.jpg"},{"@type":"BreadcrumbList","@id":"https:\/\/igsamcreativo.com\/galeria\/fotografia-nocturna\/#breadcrumb","itemListElement":[{"@type":"ListItem","position":1,"name":"Home","item":"https:\/\/igsamcreativo.com\/"},{"@type":"ListItem","position":2,"name":"Galer\u00eda","item":"https:\/\/igsamcreativo.com\/galeria\/"},{"@type":"ListItem","position":3,"name":"Fotograf\u00eda nocturna"}]},{"@type":"WebSite","@id":"https:\/\/igsamcreativo.com\/#website","url":"https:\/\/igsamcreativo.com\/","name":"igsamcreativo","description":"Estudio de fotograf\u00eda y v\u00eddeo en San Sebasti\u00e1n de los Reyes, especializado en books de actores y modelos, retratos profesionales y fotograf\u00eda para eventos en Madrid.","publisher":{"@id":"https:\/\/igsamcreativo.com\/#\/schema\/person\/838a11ccfcd03340701a979ffec44c5a"},"potentialAction":[{"@type":"SearchAction","target":{"@type":"EntryPoint","urlTemplate":"https:\/\/igsamcreativo.com\/?s={search_term_string}"},"query-input":{"@type":"PropertyValueSpecification","valueRequired":true,"valueName":"search_term_string"}}],"inLanguage":"en-GB"},{"@type":["Person","Organization"],"@id":"https:\/\/igsamcreativo.com\/#\/schema\/person\/838a11ccfcd03340701a979ffec44c5a","name":"Nacho","image":{"@type":"ImageObject","inLanguage":"en-GB","@id":"https:\/\/igsamcreativo.com\/wp-content\/uploads\/2021\/03\/my-business-logoblack.jpg","url":"https:\/\/igsamcreativo.com\/wp-content\/uploads\/2021\/03\/my-business-logoblack.jpg","contentUrl":"https:\/\/igsamcreativo.com\/wp-content\/uploads\/2021\/03\/my-business-logoblack.jpg","width":720,"height":720,"caption":"Nacho"},"logo":{"@id":"https:\/\/igsamcreativo.com\/wp-content\/uploads\/2021\/03\/my-business-logoblack.jpg"},"sameAs":["http:\/\/igsamcreativo.com"]}]}},"_links":{"self":[{"href":"https:\/\/igsamcreativo.com\/en\/wp-json\/wp\/v2\/pages\/3477","targetHints":{"allow":["GET"]}}],"collection":[{"href":"https:\/\/igsamcreativo.com\/en\/wp-json\/wp\/v2\/pages"}],"about":[{"href":"https:\/\/igsamcreativo.com\/en\/wp-json\/wp\/v2\/types\/page"}],"author":[{"embeddable":true,"href":"https:\/\/igsamcreativo.com\/en\/wp-json\/wp\/v2\/users\/3"}],"replies":[{"embeddable":true,"href":"https:\/\/igsamcreativo.com\/en\/wp-json\/wp\/v2\/comments?post=3477"}],"version-history":[{"count":1,"href":"https:\/\/igsamcreativo.com\/en\/wp-json\/wp\/v2\/pages\/3477\/revisions"}],"predecessor-version":[{"id":3478,"href":"https:\/\/igsamcreativo.com\/en\/wp-json\/wp\/v2\/pages\/3477\/revisions\/3478"}],"up":[{"embeddable":true,"href":"https:\/\/igsamcreativo.com\/en\/wp-json\/wp\/v2\/pages\/3466"}],"wp:attachment":[{"href":"https:\/\/igsamcreativo.com\/en\/wp-json\/wp\/v2\/media?parent=3477"}],"curies":[{"name":"wp","href":"https:\/\/api.w.org\/{rel}","templated":true}]}}