{"id":3468,"date":"2025-10-22T11:44:31","date_gmt":"2025-10-22T09:44:31","guid":{"rendered":"https:\/\/igsamcreativo.com\/?page_id=3468"},"modified":"2026-04-29T19:22:17","modified_gmt":"2026-04-29T17:22:17","slug":"fotografia-de-paisajes","status":"publish","type":"page","link":"https:\/\/igsamcreativo.com\/en\/galeria\/fotografia-de-paisajes\/","title":{"rendered":"Landscapes"},"content":{"rendered":"\t\t<div data-elementor-type=\"wp-page\" data-elementor-id=\"3468\" class=\"elementor elementor-3468\" data-elementor-post-type=\"page\">\n\t\t\t\t\t\t<section class=\"elementor-section elementor-top-section elementor-element elementor-element-62f7984 elementor-section-boxed elementor-section-height-default elementor-section-height-default\" data-id=\"62f7984\" data-element_type=\"section\" data-e-type=\"section\">\n\t\t\t\t\t\t<div class=\"elementor-container elementor-column-gap-default\">\n\t\t\t\t\t<div class=\"elementor-column elementor-col-100 elementor-top-column elementor-element elementor-element-f1b8954\" data-id=\"f1b8954\" data-element_type=\"column\" data-e-type=\"column\">\n\t\t\t<div class=\"elementor-widget-wrap elementor-element-populated\">\n\t\t\t\t\t\t<div class=\"elementor-element elementor-element-54fa6d8 elementor-widget elementor-widget-image-gallery\" data-id=\"54fa6d8\" data-element_type=\"widget\" data-e-type=\"widget\" data-widget_type=\"image-gallery.default\">\n\t\t\t\t<div class=\"elementor-widget-container\">\n\t\t\t\t\t\t\t<div class=\"elementor-image-gallery\">\n\t\t\t\n\t\t<div class=\"row gallery-space pV0H10\">\n\t\t\t\t\t\t\t\t<div class=\"six columns mobile-three space-bottom mobile-fullwidth\">\n\t\t\t\t\t\t<div class=\"row\">\n\t\t\t\t\t\t\t<div class=\"twelve columns pV0H5 gallery_prettyphoto\">\n\t\t\t\t\t\t\t\t<a class=\"gallery_2col image\" rel=\"prettyPhoto[gallery2col]\"  href=\"https:\/\/igsamcreativo.com\/wp-content\/uploads\/2026\/04\/fotografia_de_paisajes_1.webp\" title=\"fotografia_de_paisajes_1\">\n\t\t\t\t\t\t\t\t\t\t\t\t\t\t\t<img decoding=\"async\" src=\"https:\/\/igsamcreativo.com\/wp-content\/uploads\/2026\/04\/fotografia_de_paisajes_1-400x250.webp\" alt=\"fotografia_de_paisajes_1\" title=\"fotografia_de_paisajes_1\"\/>\n\t\t\t\t\t\t\t\t\t\t\t\t\t\t\t<\/a>\n\t\t\t\t\t\t\t<\/div>\n\t\t\t\t\t\t<\/div>\n\t\t\t\t\t<\/div>                 \n\t\t\t\t\t\t\n\t\t\t\t\t\t\t\t<div class=\"six columns mobile-three space-bottom mobile-fullwidth\">\n\t\t\t\t\t\t<div class=\"row\">\n\t\t\t\t\t\t\t<div class=\"twelve columns pV0H5 gallery_prettyphoto\">\n\t\t\t\t\t\t\t\t<a class=\"gallery_2col image\" rel=\"prettyPhoto[gallery2col]\"  href=\"https:\/\/igsamcreativo.com\/wp-content\/uploads\/2026\/04\/fotografia_de_paisajes_2.webp\" title=\"fotografia_de_paisajes_2\">\n\t\t\t\t\t\t\t\t\t\t\t\t\t\t\t<img decoding=\"async\" src=\"https:\/\/igsamcreativo.com\/wp-content\/uploads\/2026\/04\/fotografia_de_paisajes_2-400x250.webp\" alt=\"fotografia_de_paisajes_2\" title=\"fotografia_de_paisajes_2\"\/>\n\t\t\t\t\t\t\t\t\t\t\t\t\t\t\t<\/a>\n\t\t\t\t\t\t\t<\/div>\n\t\t\t\t\t\t<\/div>\n\t\t\t\t\t<\/div>                 \n\t\t\t\t\t\t\n\t\t\t\t\t\t\t\t<div class=\"six columns mobile-three space-bottom mobile-fullwidth\">\n\t\t\t\t\t\t<div class=\"row\">\n\t\t\t\t\t\t\t<div class=\"twelve columns pV0H5 gallery_prettyphoto\">\n\t\t\t\t\t\t\t\t<a class=\"gallery_2col image\" rel=\"prettyPhoto[gallery2col]\"  href=\"https:\/\/igsamcreativo.com\/wp-content\/uploads\/2026\/04\/fotografia_de_paisajes_3.webp\" title=\"fotografia_de_paisajes_3\">\n\t\t\t\t\t\t\t\t\t\t\t\t\t\t\t<img decoding=\"async\" src=\"https:\/\/igsamcreativo.com\/wp-content\/uploads\/2026\/04\/fotografia_de_paisajes_3-400x250.webp\" alt=\"fotografia_de_paisajes_3\" title=\"fotografia_de_paisajes_3\"\/>\n\t\t\t\t\t\t\t\t\t\t\t\t\t\t\t<\/a>\n\t\t\t\t\t\t\t<\/div>\n\t\t\t\t\t\t<\/div>\n\t\t\t\t\t<\/div>                 \n\t\t\t\t\t\t\n\t\t\t\t\t\t\t\t<div class=\"six columns mobile-three space-bottom mobile-fullwidth\">\n\t\t\t\t\t\t<div class=\"row\">\n\t\t\t\t\t\t\t<div class=\"twelve columns pV0H5 gallery_prettyphoto\">\n\t\t\t\t\t\t\t\t<a class=\"gallery_2col image\" rel=\"prettyPhoto[gallery2col]\"  href=\"https:\/\/igsamcreativo.com\/wp-content\/uploads\/2026\/04\/fotografia_de_paisajes_4.webp\" title=\"fotografia_de_paisajes_4\">\n\t\t\t\t\t\t\t\t\t\t\t\t\t\t\t<img decoding=\"async\" src=\"https:\/\/igsamcreativo.com\/wp-content\/uploads\/2026\/04\/fotografia_de_paisajes_4-400x250.webp\" alt=\"fotografia_de_paisajes_4\" title=\"fotografia_de_paisajes_4\"\/>\n\t\t\t\t\t\t\t\t\t\t\t\t\t\t\t<\/a>\n\t\t\t\t\t\t\t<\/div>\n\t\t\t\t\t\t<\/div>\n\t\t\t\t\t<\/div>                 \n\t\t\t\t\t\t\n\t\t\t\t\t\t\t\t<div class=\"six columns mobile-three space-bottom mobile-fullwidth\">\n\t\t\t\t\t\t<div class=\"row\">\n\t\t\t\t\t\t\t<div class=\"twelve columns pV0H5 gallery_prettyphoto\">\n\t\t\t\t\t\t\t\t<a class=\"gallery_2col image\" rel=\"prettyPhoto[gallery2col]\"  href=\"https:\/\/igsamcreativo.com\/wp-content\/uploads\/2026\/04\/fotografia_de_paisajes_5.webp\" title=\"fotografia_de_paisajes_5\">\n\t\t\t\t\t\t\t\t\t\t\t\t\t\t\t<img decoding=\"async\" src=\"https:\/\/igsamcreativo.com\/wp-content\/uploads\/2026\/04\/fotografia_de_paisajes_5-400x250.webp\" alt=\"fotografia_de_paisajes_5\" title=\"fotografia_de_paisajes_5\"\/>\n\t\t\t\t\t\t\t\t\t\t\t\t\t\t\t<\/a>\n\t\t\t\t\t\t\t<\/div>\n\t\t\t\t\t\t<\/div>\n\t\t\t\t\t<\/div>                 \n\t\t\t\t\t\t\n\t\t\t\t\t\t\t\t<div class=\"six columns mobile-three space-bottom mobile-fullwidth\">\n\t\t\t\t\t\t<div class=\"row\">\n\t\t\t\t\t\t\t<div class=\"twelve columns pV0H5 gallery_prettyphoto\">\n\t\t\t\t\t\t\t\t<a class=\"gallery_2col image\" rel=\"prettyPhoto[gallery2col]\"  href=\"https:\/\/igsamcreativo.com\/wp-content\/uploads\/2026\/04\/fotografia_de_paisajes_6.webp\" title=\"fotografia_de_paisajes_6\">\n\t\t\t\t\t\t\t\t\t\t\t\t\t\t\t<img decoding=\"async\" src=\"https:\/\/igsamcreativo.com\/wp-content\/uploads\/2026\/04\/fotografia_de_paisajes_6-400x250.webp\" alt=\"fotografia_de_paisajes_6\" title=\"fotografia_de_paisajes_6\"\/>\n\t\t\t\t\t\t\t\t\t\t\t\t\t\t\t<\/a>\n\t\t\t\t\t\t\t<\/div>\n\t\t\t\t\t\t<\/div>\n\t\t\t\t\t<\/div>                 \n\t\t\t\t\t\t\n\t\t\t\t\t\t\t\t<div class=\"six columns mobile-three space-bottom mobile-fullwidth\">\n\t\t\t\t\t\t<div class=\"row\">\n\t\t\t\t\t\t\t<div class=\"twelve columns pV0H5 gallery_prettyphoto\">\n\t\t\t\t\t\t\t\t<a class=\"gallery_2col image\" rel=\"prettyPhoto[gallery2col]\"  href=\"https:\/\/igsamcreativo.com\/wp-content\/uploads\/2026\/04\/fotografia_de_paisajes_7.webp\" title=\"fotografia_de_paisajes_7\">\n\t\t\t\t\t\t\t\t\t\t\t\t\t\t\t<img decoding=\"async\" src=\"https:\/\/igsamcreativo.com\/wp-content\/uploads\/2026\/04\/fotografia_de_paisajes_7-400x250.webp\" alt=\"fotografia_de_paisajes_7\" title=\"fotografia_de_paisajes_7\"\/>\n\t\t\t\t\t\t\t\t\t\t\t\t\t\t\t<\/a>\n\t\t\t\t\t\t\t<\/div>\n\t\t\t\t\t\t<\/div>\n\t\t\t\t\t<\/div>                 \n\t\t\t\t\t\t\n\t\t\t\t\t\t\t\t<div class=\"six columns mobile-three space-bottom mobile-fullwidth\">\n\t\t\t\t\t\t<div class=\"row\">\n\t\t\t\t\t\t\t<div class=\"twelve columns pV0H5 gallery_prettyphoto\">\n\t\t\t\t\t\t\t\t<a class=\"gallery_2col image\" rel=\"prettyPhoto[gallery2col]\"  href=\"https:\/\/igsamcreativo.com\/wp-content\/uploads\/2026\/04\/fotografia_de_paisajes_8.webp\" title=\"fotografia_de_paisajes_8\">\n\t\t\t\t\t\t\t\t\t\t\t\t\t\t\t<img decoding=\"async\" src=\"https:\/\/igsamcreativo.com\/wp-content\/uploads\/2026\/04\/fotografia_de_paisajes_8-400x250.webp\" alt=\"fotografia_de_paisajes_8\" title=\"fotografia_de_paisajes_8\"\/>\n\t\t\t\t\t\t\t\t\t\t\t\t\t\t\t<\/a>\n\t\t\t\t\t\t\t<\/div>\n\t\t\t\t\t\t<\/div>\n\t\t\t\t\t<\/div>                 \n\t\t\t\t\t\t\n\t\t\t\t\t\t\t\t<div class=\"six columns mobile-three space-bottom mobile-fullwidth\">\n\t\t\t\t\t\t<div class=\"row\">\n\t\t\t\t\t\t\t<div class=\"twelve columns pV0H5 gallery_prettyphoto\">\n\t\t\t\t\t\t\t\t<a class=\"gallery_2col image\" rel=\"prettyPhoto[gallery2col]\"  href=\"https:\/\/igsamcreativo.com\/wp-content\/uploads\/2026\/04\/fotografia_de_paisajes_9.webp\" title=\"fotografia_de_paisajes_9\">\n\t\t\t\t\t\t\t\t\t\t\t\t\t\t\t<img decoding=\"async\" src=\"https:\/\/igsamcreativo.com\/wp-content\/uploads\/2026\/04\/fotografia_de_paisajes_9-400x250.webp\" alt=\"fotografia_de_paisajes_9\" title=\"fotografia_de_paisajes_9\"\/>\n\t\t\t\t\t\t\t\t\t\t\t\t\t\t\t<\/a>\n\t\t\t\t\t\t\t<\/div>\n\t\t\t\t\t\t<\/div>\n\t\t\t\t\t<\/div>                 \n\t\t\t\t\t\t\n\t\t\t\t\t\t\t\t<div class=\"six columns mobile-three space-bottom mobile-fullwidth\">\n\t\t\t\t\t\t<div class=\"row\">\n\t\t\t\t\t\t\t<div class=\"twelve columns pV0H5 gallery_prettyphoto\">\n\t\t\t\t\t\t\t\t<a class=\"gallery_2col image\" rel=\"prettyPhoto[gallery2col]\"  href=\"https:\/\/igsamcreativo.com\/wp-content\/uploads\/2026\/04\/fotografia_de_paisajes_10.webp\" title=\"fotografia_de_paisajes_10\">\n\t\t\t\t\t\t\t\t\t\t\t\t\t\t\t<img decoding=\"async\" src=\"https:\/\/igsamcreativo.com\/wp-content\/uploads\/2026\/04\/fotografia_de_paisajes_10-400x250.webp\" alt=\"fotografia_de_paisajes_10\" title=\"fotografia_de_paisajes_10\"\/>\n\t\t\t\t\t\t\t\t\t\t\t\t\t\t\t<\/a>\n\t\t\t\t\t\t\t<\/div>\n\t\t\t\t\t\t<\/div>\n\t\t\t\t\t<\/div>                 \n\t\t\t\t\t\t\n\t\t\t\t\t\t\t\t<div class=\"six columns mobile-three space-bottom mobile-fullwidth\">\n\t\t\t\t\t\t<div class=\"row\">\n\t\t\t\t\t\t\t<div class=\"twelve columns pV0H5 gallery_prettyphoto\">\n\t\t\t\t\t\t\t\t<a class=\"gallery_2col image\" rel=\"prettyPhoto[gallery2col]\"  href=\"https:\/\/igsamcreativo.com\/wp-content\/uploads\/2026\/04\/fotografia_de_paisajes_11.webp\" title=\"fotografia_de_paisajes_11\">\n\t\t\t\t\t\t\t\t\t\t\t\t\t\t\t<img decoding=\"async\" src=\"https:\/\/igsamcreativo.com\/wp-content\/uploads\/2026\/04\/fotografia_de_paisajes_11-400x250.webp\" alt=\"fotografia_de_paisajes_11\" title=\"fotografia_de_paisajes_11\"\/>\n\t\t\t\t\t\t\t\t\t\t\t\t\t\t\t<\/a>\n\t\t\t\t\t\t\t<\/div>\n\t\t\t\t\t\t<\/div>\n\t\t\t\t\t<\/div>                 \n\t\t\t\t\t\t\n\t\t\t\t\t\t\t\t<div class=\"six columns mobile-three space-bottom mobile-fullwidth\">\n\t\t\t\t\t\t<div class=\"row\">\n\t\t\t\t\t\t\t<div class=\"twelve columns pV0H5 gallery_prettyphoto\">\n\t\t\t\t\t\t\t\t<a class=\"gallery_2col image\" rel=\"prettyPhoto[gallery2col]\"  href=\"https:\/\/igsamcreativo.com\/wp-content\/uploads\/2026\/04\/fotografia_de_paisajes_12.webp\" title=\"fotografia_de_paisajes_12\">\n\t\t\t\t\t\t\t\t\t\t\t\t\t\t\t<img decoding=\"async\" src=\"https:\/\/igsamcreativo.com\/wp-content\/uploads\/2026\/04\/fotografia_de_paisajes_12-400x250.webp\" alt=\"fotografia_de_paisajes_12\" title=\"fotografia_de_paisajes_12\"\/>\n\t\t\t\t\t\t\t\t\t\t\t\t\t\t\t<\/a>\n\t\t\t\t\t\t\t<\/div>\n\t\t\t\t\t\t<\/div>\n\t\t\t\t\t<\/div>                 \n\t\t\t\t\t\t\n\t\t\t\t\t\t\t\t<div class=\"six columns mobile-three space-bottom mobile-fullwidth\">\n\t\t\t\t\t\t<div class=\"row\">\n\t\t\t\t\t\t\t<div class=\"twelve columns pV0H5 gallery_prettyphoto\">\n\t\t\t\t\t\t\t\t<a class=\"gallery_2col image\" rel=\"prettyPhoto[gallery2col]\"  href=\"https:\/\/igsamcreativo.com\/wp-content\/uploads\/2026\/04\/fotografia_de_paisajes_13.webp\" title=\"fotografia_de_paisajes_13\">\n\t\t\t\t\t\t\t\t\t\t\t\t\t\t\t<img decoding=\"async\" src=\"https:\/\/igsamcreativo.com\/wp-content\/uploads\/2026\/04\/fotografia_de_paisajes_13-400x250.webp\" alt=\"fotografia_de_paisajes_13\" title=\"fotografia_de_paisajes_13\"\/>\n\t\t\t\t\t\t\t\t\t\t\t\t\t\t\t<\/a>\n\t\t\t\t\t\t\t<\/div>\n\t\t\t\t\t\t<\/div>\n\t\t\t\t\t<\/div>                 \n\t\t\t\t\t\t\n\t\t\t\t\t\t\t\t<div class=\"six columns mobile-three space-bottom mobile-fullwidth\">\n\t\t\t\t\t\t<div class=\"row\">\n\t\t\t\t\t\t\t<div class=\"twelve columns pV0H5 gallery_prettyphoto\">\n\t\t\t\t\t\t\t\t<a class=\"gallery_2col image\" rel=\"prettyPhoto[gallery2col]\"  href=\"https:\/\/igsamcreativo.com\/wp-content\/uploads\/2026\/04\/fotografia_de_paisajes_14.webp\" title=\"fotografia_de_paisajes_14\">\n\t\t\t\t\t\t\t\t\t\t\t\t\t\t\t<img decoding=\"async\" src=\"https:\/\/igsamcreativo.com\/wp-content\/uploads\/2026\/04\/fotografia_de_paisajes_14-400x250.webp\" alt=\"fotografia_de_paisajes_14\" title=\"fotografia_de_paisajes_14\"\/>\n\t\t\t\t\t\t\t\t\t\t\t\t\t\t\t<\/a>\n\t\t\t\t\t\t\t<\/div>\n\t\t\t\t\t\t<\/div>\n\t\t\t\t\t<\/div>                 \n\t\t\t\t\t\t\n\t\t\t\t\t\t\t\t<div class=\"six columns mobile-three space-bottom mobile-fullwidth\">\n\t\t\t\t\t\t<div class=\"row\">\n\t\t\t\t\t\t\t<div class=\"twelve columns pV0H5 gallery_prettyphoto\">\n\t\t\t\t\t\t\t\t<a class=\"gallery_2col image\" rel=\"prettyPhoto[gallery2col]\"  href=\"https:\/\/igsamcreativo.com\/wp-content\/uploads\/2026\/04\/fotografia_de_paisajes_15.webp\" title=\"fotografia_de_paisajes_15\">\n\t\t\t\t\t\t\t\t\t\t\t\t\t\t\t<img decoding=\"async\" src=\"https:\/\/igsamcreativo.com\/wp-content\/uploads\/2026\/04\/fotografia_de_paisajes_15-400x250.webp\" alt=\"fotografia_de_paisajes_15\" title=\"fotografia_de_paisajes_15\"\/>\n\t\t\t\t\t\t\t\t\t\t\t\t\t\t\t<\/a>\n\t\t\t\t\t\t\t<\/div>\n\t\t\t\t\t\t<\/div>\n\t\t\t\t\t<\/div>                 \n\t\t\t\t\t\t\n\t\t\t\t\t\t\t\t<div class=\"six columns mobile-three space-bottom mobile-fullwidth\">\n\t\t\t\t\t\t<div class=\"row\">\n\t\t\t\t\t\t\t<div class=\"twelve columns pV0H5 gallery_prettyphoto\">\n\t\t\t\t\t\t\t\t<a class=\"gallery_2col image\" rel=\"prettyPhoto[gallery2col]\"  href=\"https:\/\/igsamcreativo.com\/wp-content\/uploads\/2026\/04\/fotografia_de_paisajes_16.webp\" title=\"fotografia_de_paisajes_16\">\n\t\t\t\t\t\t\t\t\t\t\t\t\t\t\t<img decoding=\"async\" src=\"https:\/\/igsamcreativo.com\/wp-content\/uploads\/2026\/04\/fotografia_de_paisajes_16-400x250.webp\" alt=\"fotografia_de_paisajes_16\" title=\"fotografia_de_paisajes_16\"\/>\n\t\t\t\t\t\t\t\t\t\t\t\t\t\t\t<\/a>\n\t\t\t\t\t\t\t<\/div>\n\t\t\t\t\t\t<\/div>\n\t\t\t\t\t<\/div>                 \n\t\t\t\t\t\t\n\t\t\t\t\t\t\t\t<div class=\"six columns mobile-three space-bottom mobile-fullwidth\">\n\t\t\t\t\t\t<div class=\"row\">\n\t\t\t\t\t\t\t<div class=\"twelve columns pV0H5 gallery_prettyphoto\">\n\t\t\t\t\t\t\t\t<a class=\"gallery_2col image\" rel=\"prettyPhoto[gallery2col]\"  href=\"https:\/\/igsamcreativo.com\/wp-content\/uploads\/2026\/04\/fotografia_de_paisajes_17.webp\" title=\"fotografia_de_paisajes_17\">\n\t\t\t\t\t\t\t\t\t\t\t\t\t\t\t<img decoding=\"async\" src=\"https:\/\/igsamcreativo.com\/wp-content\/uploads\/2026\/04\/fotografia_de_paisajes_17-400x250.webp\" alt=\"fotografia_de_paisajes_17\" title=\"fotografia_de_paisajes_17\"\/>\n\t\t\t\t\t\t\t\t\t\t\t\t\t\t\t<\/a>\n\t\t\t\t\t\t\t<\/div>\n\t\t\t\t\t\t<\/div>\n\t\t\t\t\t<\/div>                 \n\t\t\t\t\t\t\n\t\t\t\t\t\t\t\t<div class=\"six columns mobile-three space-bottom mobile-fullwidth\">\n\t\t\t\t\t\t<div class=\"row\">\n\t\t\t\t\t\t\t<div class=\"twelve columns pV0H5 gallery_prettyphoto\">\n\t\t\t\t\t\t\t\t<a class=\"gallery_2col image\" rel=\"prettyPhoto[gallery2col]\"  href=\"https:\/\/igsamcreativo.com\/wp-content\/uploads\/2026\/04\/fotografia_de_paisajes_18.webp\" title=\"fotografia_de_paisajes_18\">\n\t\t\t\t\t\t\t\t\t\t\t\t\t\t\t<img decoding=\"async\" src=\"https:\/\/igsamcreativo.com\/wp-content\/uploads\/2026\/04\/fotografia_de_paisajes_18-400x250.webp\" alt=\"fotografia_de_paisajes_18\" title=\"fotografia_de_paisajes_18\"\/>\n\t\t\t\t\t\t\t\t\t\t\t\t\t\t\t<\/a>\n\t\t\t\t\t\t\t<\/div>\n\t\t\t\t\t\t<\/div>\n\t\t\t\t\t<\/div>                 \n\t\t\t\t\t\t\n\t\t\t\t\n\n\t\t<\/div>            \n\n\t\t\t\t<\/div>\n\t\t\t\t\t\t<\/div>\n\t\t\t\t<\/div>\n\t\t\t\t\t<\/div>\n\t\t<\/div>\n\t\t\t\t\t<\/div>\n\t\t<\/section>\n\t\t\t\t<\/div>\n\t\t","protected":false},"excerpt":{"rendered":"","protected":false},"author":3,"featured_media":0,"parent":3466,"menu_order":0,"comment_status":"closed","ping_status":"closed","template":"template-fancybox.php","meta":{"_joinchat":[],"footnotes":""},"class_list":["post-3468","page","type-page","status-publish","hentry"],"yoast_head":"<!-- This site is optimized with the Yoast SEO plugin v27.5 - https:\/\/yoast.com\/product\/yoast-seo-wordpress\/ -->\n<title>Fotograf\u00eda de paisajes | Igsam Creative<\/title>\n<meta name=\"description\" content=\"Descubre nuestra galer\u00eda de fotograf\u00eda de paisajes, fotos donde capturamos la esencia y la belleza de los lugares m\u00e1s emblem\u00e1ticos.\" \/>\n<meta name=\"robots\" content=\"index, follow, max-snippet:-1, max-image-preview:large, max-video-preview:-1\" \/>\n<link rel=\"canonical\" href=\"https:\/\/igsamcreativo.com\/en\/galeria\/fotografia-de-paisajes\/\" \/>\n<meta property=\"og:locale\" content=\"en_GB\" \/>\n<meta property=\"og:type\" content=\"article\" \/>\n<meta property=\"og:title\" content=\"Fotograf\u00eda de paisajes | Igsam Creative\" \/>\n<meta property=\"og:description\" content=\"Descubre nuestra galer\u00eda de fotograf\u00eda de paisajes, fotos donde capturamos la esencia y la belleza de los lugares m\u00e1s emblem\u00e1ticos.\" \/>\n<meta property=\"og:url\" content=\"https:\/\/igsamcreativo.com\/en\/galeria\/fotografia-de-paisajes\/\" \/>\n<meta property=\"og:site_name\" content=\"Igsam Creative\" \/>\n<meta property=\"article:modified_time\" content=\"2026-04-29T17:22:17+00:00\" \/>\n<meta property=\"og:image\" content=\"https:\/\/igsamcreativo.com\/wp-content\/uploads\/2026\/04\/fotografia_de_paisajes_1-300x200.webp\" \/>\n<meta name=\"twitter:card\" content=\"summary_large_image\" \/>\n<meta name=\"twitter:label1\" content=\"Estimated reading time\" \/>\n\t<meta name=\"twitter:data1\" content=\"4 minutes\" \/>\n<script type=\"application\/ld+json\" class=\"yoast-schema-graph\">{\"@context\":\"https:\\\/\\\/schema.org\",\"@graph\":[{\"@type\":\"WebPage\",\"@id\":\"https:\\\/\\\/igsamcreativo.com\\\/galeria\\\/fotografia-de-paisajes\\\/\",\"url\":\"https:\\\/\\\/igsamcreativo.com\\\/galeria\\\/fotografia-de-paisajes\\\/\",\"name\":\"Fotograf\u00eda de paisajes | Igsam Creative\",\"isPartOf\":{\"@id\":\"https:\\\/\\\/igsamcreativo.com\\\/#website\"},\"primaryImageOfPage\":{\"@id\":\"https:\\\/\\\/igsamcreativo.com\\\/galeria\\\/fotografia-de-paisajes\\\/#primaryimage\"},\"image\":{\"@id\":\"https:\\\/\\\/igsamcreativo.com\\\/galeria\\\/fotografia-de-paisajes\\\/#primaryimage\"},\"thumbnailUrl\":\"https:\\\/\\\/igsamcreativo.com\\\/wp-content\\\/uploads\\\/2026\\\/04\\\/fotografia_de_paisajes_1-300x200.webp\",\"datePublished\":\"2025-10-22T09:44:31+00:00\",\"dateModified\":\"2026-04-29T17:22:17+00:00\",\"description\":\"Descubre nuestra galer\u00eda de fotograf\u00eda de paisajes, fotos donde capturamos la esencia y la belleza de los lugares m\u00e1s emblem\u00e1ticos.\",\"breadcrumb\":{\"@id\":\"https:\\\/\\\/igsamcreativo.com\\\/galeria\\\/fotografia-de-paisajes\\\/#breadcrumb\"},\"inLanguage\":\"en-GB\",\"potentialAction\":[{\"@type\":\"ReadAction\",\"target\":[\"https:\\\/\\\/igsamcreativo.com\\\/galeria\\\/fotografia-de-paisajes\\\/\"]}]},{\"@type\":\"ImageObject\",\"inLanguage\":\"en-GB\",\"@id\":\"https:\\\/\\\/igsamcreativo.com\\\/galeria\\\/fotografia-de-paisajes\\\/#primaryimage\",\"url\":\"https:\\\/\\\/igsamcreativo.com\\\/wp-content\\\/uploads\\\/2026\\\/04\\\/fotografia_de_paisajes_1-300x200.webp\",\"contentUrl\":\"https:\\\/\\\/igsamcreativo.com\\\/wp-content\\\/uploads\\\/2026\\\/04\\\/fotografia_de_paisajes_1-300x200.webp\"},{\"@type\":\"BreadcrumbList\",\"@id\":\"https:\\\/\\\/igsamcreativo.com\\\/galeria\\\/fotografia-de-paisajes\\\/#breadcrumb\",\"itemListElement\":[{\"@type\":\"ListItem\",\"position\":1,\"name\":\"Home\",\"item\":\"https:\\\/\\\/igsamcreativo.com\\\/\"},{\"@type\":\"ListItem\",\"position\":2,\"name\":\"Galer\u00eda\",\"item\":\"https:\\\/\\\/igsamcreativo.com\\\/galeria\\\/\"},{\"@type\":\"ListItem\",\"position\":3,\"name\":\"Fotograf\u00eda de paisajes\"}]},{\"@type\":\"WebSite\",\"@id\":\"https:\\\/\\\/igsamcreativo.com\\\/#website\",\"url\":\"https:\\\/\\\/igsamcreativo.com\\\/\",\"name\":\"igsamcreativo\",\"description\":\"Estudio de fotograf\u00eda y v\u00eddeo en San Sebasti\u00e1n de los Reyes, especializado en books de actores y modelos, retratos profesionales y fotograf\u00eda para eventos en Madrid.\",\"publisher\":{\"@id\":\"https:\\\/\\\/igsamcreativo.com\\\/#\\\/schema\\\/person\\\/838a11ccfcd03340701a979ffec44c5a\"},\"potentialAction\":[{\"@type\":\"SearchAction\",\"target\":{\"@type\":\"EntryPoint\",\"urlTemplate\":\"https:\\\/\\\/igsamcreativo.com\\\/?s={search_term_string}\"},\"query-input\":{\"@type\":\"PropertyValueSpecification\",\"valueRequired\":true,\"valueName\":\"search_term_string\"}}],\"inLanguage\":\"en-GB\"},{\"@type\":[\"Person\",\"Organization\"],\"@id\":\"https:\\\/\\\/igsamcreativo.com\\\/#\\\/schema\\\/person\\\/838a11ccfcd03340701a979ffec44c5a\",\"name\":\"Nacho\",\"image\":{\"@type\":\"ImageObject\",\"inLanguage\":\"en-GB\",\"@id\":\"https:\\\/\\\/igsamcreativo.com\\\/wp-content\\\/uploads\\\/2021\\\/03\\\/my-business-logoblack.jpg\",\"url\":\"https:\\\/\\\/igsamcreativo.com\\\/wp-content\\\/uploads\\\/2021\\\/03\\\/my-business-logoblack.jpg\",\"contentUrl\":\"https:\\\/\\\/igsamcreativo.com\\\/wp-content\\\/uploads\\\/2021\\\/03\\\/my-business-logoblack.jpg\",\"width\":720,\"height\":720,\"caption\":\"Nacho\"},\"logo\":{\"@id\":\"https:\\\/\\\/igsamcreativo.com\\\/wp-content\\\/uploads\\\/2021\\\/03\\\/my-business-logoblack.jpg\"},\"sameAs\":[\"http:\\\/\\\/igsamcreativo.com\"]}]}<\/script>\n<!-- \/ Yoast SEO plugin. -->","yoast_head_json":{"title":"Fotograf\u00eda de paisajes | Igsam Creative","description":"Descubre nuestra galer\u00eda de fotograf\u00eda de paisajes, fotos donde capturamos la esencia y la belleza de los lugares m\u00e1s emblem\u00e1ticos.","robots":{"index":"index","follow":"follow","max-snippet":"max-snippet:-1","max-image-preview":"max-image-preview:large","max-video-preview":"max-video-preview:-1"},"canonical":"https:\/\/igsamcreativo.com\/en\/galeria\/fotografia-de-paisajes\/","og_locale":"en_GB","og_type":"article","og_title":"Fotograf\u00eda de paisajes | Igsam Creative","og_description":"Descubre nuestra galer\u00eda de fotograf\u00eda de paisajes, fotos donde capturamos la esencia y la belleza de los lugares m\u00e1s emblem\u00e1ticos.","og_url":"https:\/\/igsamcreativo.com\/en\/galeria\/fotografia-de-paisajes\/","og_site_name":"Igsam Creative","article_modified_time":"2026-04-29T17:22:17+00:00","og_image":[{"url":"https:\/\/igsamcreativo.com\/wp-content\/uploads\/2026\/04\/fotografia_de_paisajes_1-300x200.webp","type":"","width":"","height":""}],"twitter_card":"summary_large_image","twitter_misc":{"Estimated reading time":"4 minutes"},"schema":{"@context":"https:\/\/schema.org","@graph":[{"@type":"WebPage","@id":"https:\/\/igsamcreativo.com\/galeria\/fotografia-de-paisajes\/","url":"https:\/\/igsamcreativo.com\/galeria\/fotografia-de-paisajes\/","name":"Fotograf\u00eda de paisajes | Igsam Creative","isPartOf":{"@id":"https:\/\/igsamcreativo.com\/#website"},"primaryImageOfPage":{"@id":"https:\/\/igsamcreativo.com\/galeria\/fotografia-de-paisajes\/#primaryimage"},"image":{"@id":"https:\/\/igsamcreativo.com\/galeria\/fotografia-de-paisajes\/#primaryimage"},"thumbnailUrl":"https:\/\/igsamcreativo.com\/wp-content\/uploads\/2026\/04\/fotografia_de_paisajes_1-300x200.webp","datePublished":"2025-10-22T09:44:31+00:00","dateModified":"2026-04-29T17:22:17+00:00","description":"Descubre nuestra galer\u00eda de fotograf\u00eda de paisajes, fotos donde capturamos la esencia y la belleza de los lugares m\u00e1s emblem\u00e1ticos.","breadcrumb":{"@id":"https:\/\/igsamcreativo.com\/galeria\/fotografia-de-paisajes\/#breadcrumb"},"inLanguage":"en-GB","potentialAction":[{"@type":"ReadAction","target":["https:\/\/igsamcreativo.com\/galeria\/fotografia-de-paisajes\/"]}]},{"@type":"ImageObject","inLanguage":"en-GB","@id":"https:\/\/igsamcreativo.com\/galeria\/fotografia-de-paisajes\/#primaryimage","url":"https:\/\/igsamcreativo.com\/wp-content\/uploads\/2026\/04\/fotografia_de_paisajes_1-300x200.webp","contentUrl":"https:\/\/igsamcreativo.com\/wp-content\/uploads\/2026\/04\/fotografia_de_paisajes_1-300x200.webp"},{"@type":"BreadcrumbList","@id":"https:\/\/igsamcreativo.com\/galeria\/fotografia-de-paisajes\/#breadcrumb","itemListElement":[{"@type":"ListItem","position":1,"name":"Home","item":"https:\/\/igsamcreativo.com\/"},{"@type":"ListItem","position":2,"name":"Galer\u00eda","item":"https:\/\/igsamcreativo.com\/galeria\/"},{"@type":"ListItem","position":3,"name":"Fotograf\u00eda de paisajes"}]},{"@type":"WebSite","@id":"https:\/\/igsamcreativo.com\/#website","url":"https:\/\/igsamcreativo.com\/","name":"igsamcreativo","description":"Estudio de fotograf\u00eda y v\u00eddeo en San Sebasti\u00e1n de los Reyes, especializado en books de actores y modelos, retratos profesionales y fotograf\u00eda para eventos en Madrid.","publisher":{"@id":"https:\/\/igsamcreativo.com\/#\/schema\/person\/838a11ccfcd03340701a979ffec44c5a"},"potentialAction":[{"@type":"SearchAction","target":{"@type":"EntryPoint","urlTemplate":"https:\/\/igsamcreativo.com\/?s={search_term_string}"},"query-input":{"@type":"PropertyValueSpecification","valueRequired":true,"valueName":"search_term_string"}}],"inLanguage":"en-GB"},{"@type":["Person","Organization"],"@id":"https:\/\/igsamcreativo.com\/#\/schema\/person\/838a11ccfcd03340701a979ffec44c5a","name":"Nacho","image":{"@type":"ImageObject","inLanguage":"en-GB","@id":"https:\/\/igsamcreativo.com\/wp-content\/uploads\/2021\/03\/my-business-logoblack.jpg","url":"https:\/\/igsamcreativo.com\/wp-content\/uploads\/2021\/03\/my-business-logoblack.jpg","contentUrl":"https:\/\/igsamcreativo.com\/wp-content\/uploads\/2021\/03\/my-business-logoblack.jpg","width":720,"height":720,"caption":"Nacho"},"logo":{"@id":"https:\/\/igsamcreativo.com\/wp-content\/uploads\/2021\/03\/my-business-logoblack.jpg"},"sameAs":["http:\/\/igsamcreativo.com"]}]}},"_links":{"self":[{"href":"https:\/\/igsamcreativo.com\/en\/wp-json\/wp\/v2\/pages\/3468","targetHints":{"allow":["GET"]}}],"collection":[{"href":"https:\/\/igsamcreativo.com\/en\/wp-json\/wp\/v2\/pages"}],"about":[{"href":"https:\/\/igsamcreativo.com\/en\/wp-json\/wp\/v2\/types\/page"}],"author":[{"embeddable":true,"href":"https:\/\/igsamcreativo.com\/en\/wp-json\/wp\/v2\/users\/3"}],"replies":[{"embeddable":true,"href":"https:\/\/igsamcreativo.com\/en\/wp-json\/wp\/v2\/comments?post=3468"}],"version-history":[{"count":4,"href":"https:\/\/igsamcreativo.com\/en\/wp-json\/wp\/v2\/pages\/3468\/revisions"}],"predecessor-version":[{"id":3770,"href":"https:\/\/igsamcreativo.com\/en\/wp-json\/wp\/v2\/pages\/3468\/revisions\/3770"}],"up":[{"embeddable":true,"href":"https:\/\/igsamcreativo.com\/en\/wp-json\/wp\/v2\/pages\/3466"}],"wp:attachment":[{"href":"https:\/\/igsamcreativo.com\/en\/wp-json\/wp\/v2\/media?parent=3468"}],"curies":[{"name":"wp","href":"https:\/\/api.w.org\/{rel}","templated":true}]}}