{"id":3466,"date":"2025-10-22T11:39:34","date_gmt":"2025-10-22T09:39:34","guid":{"rendered":"https:\/\/igsamcreativo.com\/?page_id=3466"},"modified":"2025-12-31T10:17:08","modified_gmt":"2025-12-31T09:17:08","slug":"galeria","status":"publish","type":"page","link":"https:\/\/igsamcreativo.com\/en\/galeria\/","title":{"rendered":"Gallery"},"content":{"rendered":"<div data-elementor-type=\"wp-page\" data-elementor-id=\"3466\" class=\"elementor elementor-3466\" data-elementor-post-type=\"page\">\n\t\t\t\t\t\t<section class=\"elementor-section elementor-top-section elementor-element elementor-element-1660130 elementor-section-boxed elementor-section-height-default elementor-section-height-default\" data-id=\"1660130\" data-element_type=\"section\" data-e-type=\"section\">\n\t\t\t\t\t\t<div class=\"elementor-container elementor-column-gap-default\">\n\t\t\t\t\t<div class=\"elementor-column elementor-col-100 elementor-top-column elementor-element elementor-element-e985f25\" data-id=\"e985f25\" data-element_type=\"column\" data-e-type=\"column\">\n\t\t\t<div class=\"elementor-widget-wrap elementor-element-populated\">\n\t\t\t\t\t\t<div class=\"elementor-element elementor-element-bcb6cc6 elementor-widget elementor-widget-heading\" data-id=\"bcb6cc6\" data-element_type=\"widget\" data-e-type=\"widget\" data-widget_type=\"heading.default\">\n\t\t\t\t<div class=\"elementor-widget-container\">\n\t\t\t\t\t<h2 class=\"elementor-heading-title elementor-size-default\">Landscapes<\/h2>\t\t\t\t<\/div>\n\t\t\t\t<\/div>\n\t\t\t\t<div class=\"elementor-element elementor-element-6416b73 elementor-widget elementor-widget-image\" data-id=\"6416b73\" data-element_type=\"widget\" data-e-type=\"widget\" data-widget_type=\"image.default\">\n\t\t\t\t<div class=\"elementor-widget-container\">\n\t\t\t\t\t\t\t\t\t\t\t\t\t\t\t\t<a href=\"https:\/\/igsamcreativo.com\/en\/galeria\/fotografia-de-paisajes\/\">\n\t\t\t\t\t\t\t<img fetchpriority=\"high\" decoding=\"async\" width=\"1024\" height=\"683\" src=\"https:\/\/igsamcreativo.com\/wp-content\/uploads\/2021\/08\/Old-Boat-of-Caol-1024x683.jpg\" class=\"attachment-large size-large wp-image-2332\" alt=\"\" srcset=\"https:\/\/igsamcreativo.com\/wp-content\/uploads\/2021\/08\/Old-Boat-of-Caol-1024x683.jpg 1024w, https:\/\/igsamcreativo.com\/wp-content\/uploads\/2021\/08\/Old-Boat-of-Caol-600x400.jpg 600w, https:\/\/igsamcreativo.com\/wp-content\/uploads\/2021\/08\/Old-Boat-of-Caol-300x200.jpg 300w, https:\/\/igsamcreativo.com\/wp-content\/uploads\/2021\/08\/Old-Boat-of-Caol-768x512.jpg 768w, https:\/\/igsamcreativo.com\/wp-content\/uploads\/2021\/08\/Old-Boat-of-Caol-1536x1024.jpg 1536w, https:\/\/igsamcreativo.com\/wp-content\/uploads\/2021\/08\/Old-Boat-of-Caol-18x12.jpg 18w, https:\/\/igsamcreativo.com\/wp-content\/uploads\/2021\/08\/Old-Boat-of-Caol.jpg 1600w\" sizes=\"(max-width: 1024px) 100vw, 1024px\" \/>\t\t\t\t\t\t\t\t<\/a>\n\t\t\t\t\t\t\t\t\t\t\t\t\t\t\t<\/div>\n\t\t\t\t<\/div>\n\t\t\t\t<div class=\"elementor-element elementor-element-eb28fb6 elementor-widget elementor-widget-heading\" data-id=\"eb28fb6\" data-element_type=\"widget\" data-e-type=\"widget\" data-widget_type=\"heading.default\">\n\t\t\t\t<div class=\"elementor-widget-container\">\n\t\t\t\t\t<h2 class=\"elementor-heading-title elementor-size-default\">Drone photography and video<\/h2>\t\t\t\t<\/div>\n\t\t\t\t<\/div>\n\t\t\t\t<div class=\"elementor-element elementor-element-e74da27 elementor-widget elementor-widget-image\" data-id=\"e74da27\" data-element_type=\"widget\" data-e-type=\"widget\" data-widget_type=\"image.default\">\n\t\t\t\t<div class=\"elementor-widget-container\">\n\t\t\t\t\t\t\t\t\t\t\t\t\t\t\t\t<a href=\"https:\/\/igsamcreativo.com\/en\/galeria\/fotografia-y-video-con-dron\/\">\n\t\t\t\t\t\t\t<img decoding=\"async\" width=\"1024\" height=\"576\" src=\"https:\/\/igsamcreativo.com\/wp-content\/uploads\/2022\/01\/DJI_0041-HDR-1024x576.jpg\" class=\"attachment-large size-large wp-image-2479\" alt=\"\" srcset=\"https:\/\/igsamcreativo.com\/wp-content\/uploads\/2022\/01\/DJI_0041-HDR-1024x576.jpg 1024w, https:\/\/igsamcreativo.com\/wp-content\/uploads\/2022\/01\/DJI_0041-HDR-600x338.jpg 600w, https:\/\/igsamcreativo.com\/wp-content\/uploads\/2022\/01\/DJI_0041-HDR-300x169.jpg 300w, https:\/\/igsamcreativo.com\/wp-content\/uploads\/2022\/01\/DJI_0041-HDR-768x432.jpg 768w, https:\/\/igsamcreativo.com\/wp-content\/uploads\/2022\/01\/DJI_0041-HDR-1536x864.jpg 1536w, https:\/\/igsamcreativo.com\/wp-content\/uploads\/2022\/01\/DJI_0041-HDR-18x10.jpg 18w, https:\/\/igsamcreativo.com\/wp-content\/uploads\/2022\/01\/DJI_0041-HDR.jpg 1600w\" sizes=\"(max-width: 1024px) 100vw, 1024px\" \/>\t\t\t\t\t\t\t\t<\/a>\n\t\t\t\t\t\t\t\t\t\t\t\t\t\t\t<\/div>\n\t\t\t\t<\/div>\n\t\t\t\t<div class=\"elementor-element elementor-element-8adc035 elementor-widget elementor-widget-heading\" data-id=\"8adc035\" data-element_type=\"widget\" data-e-type=\"widget\" data-widget_type=\"heading.default\">\n\t\t\t\t<div class=\"elementor-widget-container\">\n\t\t\t\t\t<h2 class=\"elementor-heading-title elementor-size-default\">Video<\/h2>\t\t\t\t<\/div>\n\t\t\t\t<\/div>\n\t\t\t\t<div class=\"elementor-element elementor-element-39e46ea elementor-widget elementor-widget-image\" data-id=\"39e46ea\" data-element_type=\"widget\" data-e-type=\"widget\" data-widget_type=\"image.default\">\n\t\t\t\t<div class=\"elementor-widget-container\">\n\t\t\t\t\t\t\t\t\t\t\t\t\t\t\t\t<a href=\"https:\/\/igsamcreativo.com\/en\/galeria\/video\/\">\n\t\t\t\t\t\t\t<img decoding=\"async\" width=\"1024\" height=\"576\" src=\"https:\/\/igsamcreativo.com\/wp-content\/uploads\/2022\/01\/DJI_Monans-1024x576.jpg\" class=\"attachment-large size-large wp-image-2484\" alt=\"\" srcset=\"https:\/\/igsamcreativo.com\/wp-content\/uploads\/2022\/01\/DJI_Monans-1024x576.jpg 1024w, https:\/\/igsamcreativo.com\/wp-content\/uploads\/2022\/01\/DJI_Monans-600x338.jpg 600w, https:\/\/igsamcreativo.com\/wp-content\/uploads\/2022\/01\/DJI_Monans-300x169.jpg 300w, https:\/\/igsamcreativo.com\/wp-content\/uploads\/2022\/01\/DJI_Monans-768x432.jpg 768w, https:\/\/igsamcreativo.com\/wp-content\/uploads\/2022\/01\/DJI_Monans-1536x864.jpg 1536w, https:\/\/igsamcreativo.com\/wp-content\/uploads\/2022\/01\/DJI_Monans-18x10.jpg 18w, https:\/\/igsamcreativo.com\/wp-content\/uploads\/2022\/01\/DJI_Monans.jpg 1600w\" sizes=\"(max-width: 1024px) 100vw, 1024px\" \/>\t\t\t\t\t\t\t\t<\/a>\n\t\t\t\t\t\t\t\t\t\t\t\t\t\t\t<\/div>\n\t\t\t\t<\/div>\n\t\t\t\t<div class=\"elementor-element elementor-element-69f6fab elementor-widget elementor-widget-heading\" data-id=\"69f6fab\" data-element_type=\"widget\" data-e-type=\"widget\" data-widget_type=\"heading.default\">\n\t\t\t\t<div class=\"elementor-widget-container\">\n\t\t\t\t\t<h2 class=\"elementor-heading-title elementor-size-default\">Coastlines<\/h2>\t\t\t\t<\/div>\n\t\t\t\t<\/div>\n\t\t\t\t<div class=\"elementor-element elementor-element-1e78d57 elementor-widget elementor-widget-image\" data-id=\"1e78d57\" data-element_type=\"widget\" data-e-type=\"widget\" data-widget_type=\"image.default\">\n\t\t\t\t<div class=\"elementor-widget-container\">\n\t\t\t\t\t\t\t\t\t\t\t\t\t\t\t\t<a href=\"https:\/\/igsamcreativo.com\/en\/galeria\/fotografia-de-costas\/\">\n\t\t\t\t\t\t\t<img loading=\"lazy\" decoding=\"async\" width=\"1024\" height=\"683\" src=\"https:\/\/igsamcreativo.com\/wp-content\/uploads\/2021\/08\/Silky-Sea-BW-1024x683.jpg\" class=\"attachment-large size-large wp-image-2377\" alt=\"\" srcset=\"https:\/\/igsamcreativo.com\/wp-content\/uploads\/2021\/08\/Silky-Sea-BW-1024x683.jpg 1024w, https:\/\/igsamcreativo.com\/wp-content\/uploads\/2021\/08\/Silky-Sea-BW-600x400.jpg 600w, https:\/\/igsamcreativo.com\/wp-content\/uploads\/2021\/08\/Silky-Sea-BW-300x200.jpg 300w, https:\/\/igsamcreativo.com\/wp-content\/uploads\/2021\/08\/Silky-Sea-BW-768x512.jpg 768w, https:\/\/igsamcreativo.com\/wp-content\/uploads\/2021\/08\/Silky-Sea-BW-1536x1024.jpg 1536w, https:\/\/igsamcreativo.com\/wp-content\/uploads\/2021\/08\/Silky-Sea-BW-18x12.jpg 18w, https:\/\/igsamcreativo.com\/wp-content\/uploads\/2021\/08\/Silky-Sea-BW.jpg 1600w\" sizes=\"(max-width: 1024px) 100vw, 1024px\" \/>\t\t\t\t\t\t\t\t<\/a>\n\t\t\t\t\t\t\t\t\t\t\t\t\t\t\t<\/div>\n\t\t\t\t<\/div>\n\t\t\t\t<div class=\"elementor-element elementor-element-621dbc6 elementor-widget elementor-widget-heading\" data-id=\"621dbc6\" data-element_type=\"widget\" data-e-type=\"widget\" data-widget_type=\"heading.default\">\n\t\t\t\t<div class=\"elementor-widget-container\">\n\t\t\t\t\t<h2 class=\"elementor-heading-title elementor-size-default\">Weddings<\/h2>\t\t\t\t<\/div>\n\t\t\t\t<\/div>\n\t\t\t\t<div class=\"elementor-element elementor-element-a7b62fa elementor-widget elementor-widget-image\" data-id=\"a7b62fa\" data-element_type=\"widget\" data-e-type=\"widget\" data-widget_type=\"image.default\">\n\t\t\t\t<div class=\"elementor-widget-container\">\n\t\t\t\t\t\t\t\t\t\t\t\t\t\t\t\t<a href=\"https:\/\/igsamcreativo.com\/en\/galeria\/fotografia-de-bodas\/\">\n\t\t\t\t\t\t\t<img loading=\"lazy\" decoding=\"async\" width=\"1024\" height=\"683\" src=\"https:\/\/igsamcreativo.com\/wp-content\/uploads\/2021\/03\/gall1_preview_1-1024x683.jpg\" class=\"attachment-large size-large wp-image-417\" alt=\"\" srcset=\"https:\/\/igsamcreativo.com\/wp-content\/uploads\/2021\/03\/gall1_preview_1-1024x683.jpg 1024w, https:\/\/igsamcreativo.com\/wp-content\/uploads\/2021\/03\/gall1_preview_1-600x400.jpg 600w, https:\/\/igsamcreativo.com\/wp-content\/uploads\/2021\/03\/gall1_preview_1-300x200.jpg 300w, https:\/\/igsamcreativo.com\/wp-content\/uploads\/2021\/03\/gall1_preview_1-768x512.jpg 768w, https:\/\/igsamcreativo.com\/wp-content\/uploads\/2021\/03\/gall1_preview_1-1536x1024.jpg 1536w, https:\/\/igsamcreativo.com\/wp-content\/uploads\/2021\/03\/gall1_preview_1-16x12.jpg 16w, https:\/\/igsamcreativo.com\/wp-content\/uploads\/2021\/03\/gall1_preview_1.jpg 1600w\" sizes=\"(max-width: 1024px) 100vw, 1024px\" \/>\t\t\t\t\t\t\t\t<\/a>\n\t\t\t\t\t\t\t\t\t\t\t\t\t\t\t<\/div>\n\t\t\t\t<\/div>\n\t\t\t\t<div class=\"elementor-element elementor-element-b1fa557 elementor-widget elementor-widget-heading\" data-id=\"b1fa557\" data-element_type=\"widget\" data-e-type=\"widget\" data-widget_type=\"heading.default\">\n\t\t\t\t<div class=\"elementor-widget-container\">\n\t\t\t\t\t<h2 class=\"elementor-heading-title elementor-size-default\">Fashion<\/h2>\t\t\t\t<\/div>\n\t\t\t\t<\/div>\n\t\t\t\t<div class=\"elementor-element elementor-element-db80e13 elementor-widget elementor-widget-image\" data-id=\"db80e13\" data-element_type=\"widget\" data-e-type=\"widget\" data-widget_type=\"image.default\">\n\t\t\t\t<div class=\"elementor-widget-container\">\n\t\t\t\t\t\t\t\t\t\t\t\t\t\t\t\t<a href=\"https:\/\/igsamcreativo.com\/en\/galeria\/fotografia-y-video-para-books\/\">\n\t\t\t\t\t\t\t<img loading=\"lazy\" decoding=\"async\" width=\"1024\" height=\"640\" src=\"https:\/\/igsamcreativo.com\/wp-content\/uploads\/2021\/03\/gall4_preview_5-1024x640.jpg\" class=\"attachment-large size-large wp-image-679\" alt=\"\" srcset=\"https:\/\/igsamcreativo.com\/wp-content\/uploads\/2021\/03\/gall4_preview_5-1024x640.jpg 1024w, https:\/\/igsamcreativo.com\/wp-content\/uploads\/2021\/03\/gall4_preview_5-600x375.jpg 600w, https:\/\/igsamcreativo.com\/wp-content\/uploads\/2021\/03\/gall4_preview_5-300x188.jpg 300w, https:\/\/igsamcreativo.com\/wp-content\/uploads\/2021\/03\/gall4_preview_5-768x480.jpg 768w, https:\/\/igsamcreativo.com\/wp-content\/uploads\/2021\/03\/gall4_preview_5-1536x960.jpg 1536w, https:\/\/igsamcreativo.com\/wp-content\/uploads\/2021\/03\/gall4_preview_5-16x10.jpg 16w, https:\/\/igsamcreativo.com\/wp-content\/uploads\/2021\/03\/gall4_preview_5.jpg 1600w\" sizes=\"(max-width: 1024px) 100vw, 1024px\" \/>\t\t\t\t\t\t\t\t<\/a>\n\t\t\t\t\t\t\t\t\t\t\t\t\t\t\t<\/div>\n\t\t\t\t<\/div>\n\t\t\t\t<div class=\"elementor-element elementor-element-80015d8 elementor-widget elementor-widget-heading\" data-id=\"80015d8\" data-element_type=\"widget\" data-e-type=\"widget\" data-widget_type=\"heading.default\">\n\t\t\t\t<div class=\"elementor-widget-container\">\n\t\t\t\t\t<h2 class=\"elementor-heading-title elementor-size-default\">Family<\/h2>\t\t\t\t<\/div>\n\t\t\t\t<\/div>\n\t\t\t\t<div class=\"elementor-element elementor-element-826e42d elementor-widget elementor-widget-image\" data-id=\"826e42d\" data-element_type=\"widget\" data-e-type=\"widget\" data-widget_type=\"image.default\">\n\t\t\t\t<div class=\"elementor-widget-container\">\n\t\t\t\t\t\t\t\t\t\t\t\t\t\t\t\t<a href=\"https:\/\/igsamcreativo.com\/en\/galeria\/fotografia-de-familia\/\">\n\t\t\t\t\t\t\t<img loading=\"lazy\" decoding=\"async\" width=\"1024\" height=\"640\" src=\"https:\/\/igsamcreativo.com\/wp-content\/uploads\/2021\/03\/gall2_preview_8-1024x640.jpg\" class=\"attachment-large size-large wp-image-648\" alt=\"\" srcset=\"https:\/\/igsamcreativo.com\/wp-content\/uploads\/2021\/03\/gall2_preview_8-1024x640.jpg 1024w, https:\/\/igsamcreativo.com\/wp-content\/uploads\/2021\/03\/gall2_preview_8-600x375.jpg 600w, https:\/\/igsamcreativo.com\/wp-content\/uploads\/2021\/03\/gall2_preview_8-300x188.jpg 300w, https:\/\/igsamcreativo.com\/wp-content\/uploads\/2021\/03\/gall2_preview_8-768x480.jpg 768w, https:\/\/igsamcreativo.com\/wp-content\/uploads\/2021\/03\/gall2_preview_8-1536x960.jpg 1536w, https:\/\/igsamcreativo.com\/wp-content\/uploads\/2021\/03\/gall2_preview_8-16x10.jpg 16w, https:\/\/igsamcreativo.com\/wp-content\/uploads\/2021\/03\/gall2_preview_8.jpg 1600w\" sizes=\"(max-width: 1024px) 100vw, 1024px\" \/>\t\t\t\t\t\t\t\t<\/a>\n\t\t\t\t\t\t\t\t\t\t\t\t\t\t\t<\/div>\n\t\t\t\t<\/div>\n\t\t\t\t<div class=\"elementor-element elementor-element-3d498d0 elementor-widget elementor-widget-heading\" data-id=\"3d498d0\" data-element_type=\"widget\" data-e-type=\"widget\" data-widget_type=\"heading.default\">\n\t\t\t\t<div class=\"elementor-widget-container\">\n\t\t\t\t\t<h2 class=\"elementor-heading-title elementor-size-default\">Portrait<\/h2>\t\t\t\t<\/div>\n\t\t\t\t<\/div>\n\t\t\t\t<div class=\"elementor-element elementor-element-f07d30a elementor-widget elementor-widget-image\" data-id=\"f07d30a\" data-element_type=\"widget\" data-e-type=\"widget\" data-widget_type=\"image.default\">\n\t\t\t\t<div class=\"elementor-widget-container\">\n\t\t\t\t\t\t\t\t\t\t\t\t\t\t\t\t<a href=\"https:\/\/igsamcreativo.com\/en\/galeria\/fotografia-de-retrato\/\">\n\t\t\t\t\t\t\t<img loading=\"lazy\" decoding=\"async\" width=\"1024\" height=\"640\" src=\"https:\/\/igsamcreativo.com\/wp-content\/uploads\/2021\/03\/gall3_preview_5-1024x640.jpg\" class=\"attachment-large size-large wp-image-625\" alt=\"\" srcset=\"https:\/\/igsamcreativo.com\/wp-content\/uploads\/2021\/03\/gall3_preview_5-1024x640.jpg 1024w, https:\/\/igsamcreativo.com\/wp-content\/uploads\/2021\/03\/gall3_preview_5-600x375.jpg 600w, https:\/\/igsamcreativo.com\/wp-content\/uploads\/2021\/03\/gall3_preview_5-300x188.jpg 300w, https:\/\/igsamcreativo.com\/wp-content\/uploads\/2021\/03\/gall3_preview_5-768x480.jpg 768w, https:\/\/igsamcreativo.com\/wp-content\/uploads\/2021\/03\/gall3_preview_5-1536x960.jpg 1536w, https:\/\/igsamcreativo.com\/wp-content\/uploads\/2021\/03\/gall3_preview_5-16x10.jpg 16w, https:\/\/igsamcreativo.com\/wp-content\/uploads\/2021\/03\/gall3_preview_5.jpg 1600w\" sizes=\"(max-width: 1024px) 100vw, 1024px\" \/>\t\t\t\t\t\t\t\t<\/a>\n\t\t\t\t\t\t\t\t\t\t\t\t\t\t\t<\/div>\n\t\t\t\t<\/div>\n\t\t\t\t<div class=\"elementor-element elementor-element-3ab0c17 elementor-widget elementor-widget-heading\" data-id=\"3ab0c17\" data-element_type=\"widget\" data-e-type=\"widget\" data-widget_type=\"heading.default\">\n\t\t\t\t<div class=\"elementor-widget-container\">\n\t\t\t\t\t<h2 class=\"elementor-heading-title elementor-size-default\">Night photography<\/h2>\t\t\t\t<\/div>\n\t\t\t\t<\/div>\n\t\t\t\t<div class=\"elementor-element elementor-element-fbf96ec elementor-widget elementor-widget-image\" data-id=\"fbf96ec\" data-element_type=\"widget\" data-e-type=\"widget\" data-widget_type=\"image.default\">\n\t\t\t\t<div class=\"elementor-widget-container\">\n\t\t\t\t\t\t\t\t\t\t\t\t\t\t\t\t<a href=\"https:\/\/igsamcreativo.com\/en\/galeria\/fotografia-nocturna\/\">\n\t\t\t\t\t\t\t<img loading=\"lazy\" decoding=\"async\" width=\"1024\" height=\"683\" src=\"https:\/\/igsamcreativo.com\/wp-content\/uploads\/2021\/08\/Night-Sky-1024x683.jpg\" class=\"attachment-large size-large wp-image-2313\" alt=\"\" srcset=\"https:\/\/igsamcreativo.com\/wp-content\/uploads\/2021\/08\/Night-Sky-1024x683.jpg 1024w, https:\/\/igsamcreativo.com\/wp-content\/uploads\/2021\/08\/Night-Sky-600x400.jpg 600w, https:\/\/igsamcreativo.com\/wp-content\/uploads\/2021\/08\/Night-Sky-300x200.jpg 300w, https:\/\/igsamcreativo.com\/wp-content\/uploads\/2021\/08\/Night-Sky-768x512.jpg 768w, https:\/\/igsamcreativo.com\/wp-content\/uploads\/2021\/08\/Night-Sky-1536x1024.jpg 1536w, https:\/\/igsamcreativo.com\/wp-content\/uploads\/2021\/08\/Night-Sky-18x12.jpg 18w, https:\/\/igsamcreativo.com\/wp-content\/uploads\/2021\/08\/Night-Sky.jpg 1600w\" sizes=\"(max-width: 1024px) 100vw, 1024px\" \/>\t\t\t\t\t\t\t\t<\/a>\n\t\t\t\t\t\t\t\t\t\t\t\t\t\t\t<\/div>\n\t\t\t\t<\/div>\n\t\t\t\t\t<\/div>\n\t\t<\/div>\n\t\t\t\t\t<\/div>\n\t\t<\/section>\n\t\t\t\t<\/div>","protected":false},"excerpt":{"rendered":"<p>Paisajes Fotograf\u00eda y v\u00eddeo con dron V\u00eddeo Costas Bodas Moda Familia Retrato Fotograf\u00eda nocturna<\/p>","protected":false},"author":3,"featured_media":0,"parent":0,"menu_order":0,"comment_status":"closed","ping_status":"closed","template":"","meta":{"_joinchat":[],"footnotes":""},"class_list":["post-3466","page","type-page","status-publish","hentry"],"yoast_head":"<!-- This site is optimized with the Yoast SEO plugin v27.3 - https:\/\/yoast.com\/product\/yoast-seo-wordpress\/ -->\n<title>Galer\u00eda fotogr\u00e1fica | Igsam Creative<\/title>\n<meta name=\"description\" content=\"Descubre nuestra galer\u00eda fotogr\u00e1fica: retratos, books para actores y modelos, paisajes, fotograf\u00eda y v\u00eddeo con drones, costas y mucho m\u00e1s.\" \/>\n<meta name=\"robots\" content=\"index, follow, max-snippet:-1, max-image-preview:large, max-video-preview:-1\" \/>\n<link rel=\"canonical\" href=\"https:\/\/igsamcreativo.com\/en\/galeria\/\" \/>\n<meta property=\"og:locale\" content=\"en_GB\" \/>\n<meta property=\"og:type\" content=\"article\" \/>\n<meta property=\"og:title\" content=\"Galer\u00eda fotogr\u00e1fica | Igsam Creative\" \/>\n<meta property=\"og:description\" content=\"Descubre nuestra galer\u00eda fotogr\u00e1fica: retratos, books para actores y modelos, paisajes, fotograf\u00eda y v\u00eddeo con drones, costas y mucho m\u00e1s.\" \/>\n<meta property=\"og:url\" content=\"https:\/\/igsamcreativo.com\/en\/galeria\/\" \/>\n<meta property=\"og:site_name\" content=\"Igsam Creative\" \/>\n<meta property=\"article:modified_time\" content=\"2025-12-31T09:17:08+00:00\" \/>\n<meta property=\"og:image\" content=\"https:\/\/igsamcreativo.com\/wp-content\/uploads\/2021\/08\/Old-Boat-of-Caol-1024x683.jpg\" \/>\n<meta name=\"twitter:card\" content=\"summary_large_image\" \/>\n<meta name=\"twitter:label1\" content=\"Estimated reading time\" \/>\n\t<meta name=\"twitter:data1\" content=\"2 minutes\" \/>\n<script type=\"application\/ld+json\" class=\"yoast-schema-graph\">{\"@context\":\"https:\\\/\\\/schema.org\",\"@graph\":[{\"@type\":\"WebPage\",\"@id\":\"https:\\\/\\\/igsamcreativo.com\\\/galeria\\\/\",\"url\":\"https:\\\/\\\/igsamcreativo.com\\\/galeria\\\/\",\"name\":\"Galer\u00eda fotogr\u00e1fica | Igsam Creative\",\"isPartOf\":{\"@id\":\"https:\\\/\\\/igsamcreativo.com\\\/#website\"},\"primaryImageOfPage\":{\"@id\":\"https:\\\/\\\/igsamcreativo.com\\\/galeria\\\/#primaryimage\"},\"image\":{\"@id\":\"https:\\\/\\\/igsamcreativo.com\\\/galeria\\\/#primaryimage\"},\"thumbnailUrl\":\"https:\\\/\\\/igsamcreativo.com\\\/wp-content\\\/uploads\\\/2021\\\/08\\\/Old-Boat-of-Caol-1024x683.jpg\",\"datePublished\":\"2025-10-22T09:39:34+00:00\",\"dateModified\":\"2025-12-31T09:17:08+00:00\",\"description\":\"Descubre nuestra galer\u00eda fotogr\u00e1fica: retratos, books para actores y modelos, paisajes, fotograf\u00eda y v\u00eddeo con drones, costas y mucho m\u00e1s.\",\"breadcrumb\":{\"@id\":\"https:\\\/\\\/igsamcreativo.com\\\/galeria\\\/#breadcrumb\"},\"inLanguage\":\"en-GB\",\"potentialAction\":[{\"@type\":\"ReadAction\",\"target\":[\"https:\\\/\\\/igsamcreativo.com\\\/galeria\\\/\"]}]},{\"@type\":\"ImageObject\",\"inLanguage\":\"en-GB\",\"@id\":\"https:\\\/\\\/igsamcreativo.com\\\/galeria\\\/#primaryimage\",\"url\":\"https:\\\/\\\/igsamcreativo.com\\\/wp-content\\\/uploads\\\/2021\\\/08\\\/Old-Boat-of-Caol-1024x683.jpg\",\"contentUrl\":\"https:\\\/\\\/igsamcreativo.com\\\/wp-content\\\/uploads\\\/2021\\\/08\\\/Old-Boat-of-Caol-1024x683.jpg\"},{\"@type\":\"BreadcrumbList\",\"@id\":\"https:\\\/\\\/igsamcreativo.com\\\/galeria\\\/#breadcrumb\",\"itemListElement\":[{\"@type\":\"ListItem\",\"position\":1,\"name\":\"Home\",\"item\":\"https:\\\/\\\/igsamcreativo.com\\\/\"},{\"@type\":\"ListItem\",\"position\":2,\"name\":\"Galer\u00eda\"}]},{\"@type\":\"WebSite\",\"@id\":\"https:\\\/\\\/igsamcreativo.com\\\/#website\",\"url\":\"https:\\\/\\\/igsamcreativo.com\\\/\",\"name\":\"igsamcreativo\",\"description\":\"Estudio de fotograf\u00eda y v\u00eddeo en San Sebasti\u00e1n de los Reyes, especializado en books de actores y modelos, retratos profesionales y fotograf\u00eda para eventos en Madrid.\",\"publisher\":{\"@id\":\"https:\\\/\\\/igsamcreativo.com\\\/#\\\/schema\\\/person\\\/838a11ccfcd03340701a979ffec44c5a\"},\"potentialAction\":[{\"@type\":\"SearchAction\",\"target\":{\"@type\":\"EntryPoint\",\"urlTemplate\":\"https:\\\/\\\/igsamcreativo.com\\\/?s={search_term_string}\"},\"query-input\":{\"@type\":\"PropertyValueSpecification\",\"valueRequired\":true,\"valueName\":\"search_term_string\"}}],\"inLanguage\":\"en-GB\"},{\"@type\":[\"Person\",\"Organization\"],\"@id\":\"https:\\\/\\\/igsamcreativo.com\\\/#\\\/schema\\\/person\\\/838a11ccfcd03340701a979ffec44c5a\",\"name\":\"Nacho\",\"image\":{\"@type\":\"ImageObject\",\"inLanguage\":\"en-GB\",\"@id\":\"https:\\\/\\\/igsamcreativo.com\\\/wp-content\\\/uploads\\\/2021\\\/03\\\/my-business-logoblack.jpg\",\"url\":\"https:\\\/\\\/igsamcreativo.com\\\/wp-content\\\/uploads\\\/2021\\\/03\\\/my-business-logoblack.jpg\",\"contentUrl\":\"https:\\\/\\\/igsamcreativo.com\\\/wp-content\\\/uploads\\\/2021\\\/03\\\/my-business-logoblack.jpg\",\"width\":720,\"height\":720,\"caption\":\"Nacho\"},\"logo\":{\"@id\":\"https:\\\/\\\/igsamcreativo.com\\\/wp-content\\\/uploads\\\/2021\\\/03\\\/my-business-logoblack.jpg\"},\"sameAs\":[\"http:\\\/\\\/igsamcreativo.com\"]}]}<\/script>\n<!-- \/ Yoast SEO plugin. -->","yoast_head_json":{"title":"Galer\u00eda fotogr\u00e1fica | Igsam Creative","description":"Descubre nuestra galer\u00eda fotogr\u00e1fica: retratos, books para actores y modelos, paisajes, fotograf\u00eda y v\u00eddeo con drones, costas y mucho m\u00e1s.","robots":{"index":"index","follow":"follow","max-snippet":"max-snippet:-1","max-image-preview":"max-image-preview:large","max-video-preview":"max-video-preview:-1"},"canonical":"https:\/\/igsamcreativo.com\/en\/galeria\/","og_locale":"en_GB","og_type":"article","og_title":"Galer\u00eda fotogr\u00e1fica | Igsam Creative","og_description":"Descubre nuestra galer\u00eda fotogr\u00e1fica: retratos, books para actores y modelos, paisajes, fotograf\u00eda y v\u00eddeo con drones, costas y mucho m\u00e1s.","og_url":"https:\/\/igsamcreativo.com\/en\/galeria\/","og_site_name":"Igsam Creative","article_modified_time":"2025-12-31T09:17:08+00:00","og_image":[{"url":"https:\/\/igsamcreativo.com\/wp-content\/uploads\/2021\/08\/Old-Boat-of-Caol-1024x683.jpg","type":"","width":"","height":""}],"twitter_card":"summary_large_image","twitter_misc":{"Estimated reading time":"2 minutes"},"schema":{"@context":"https:\/\/schema.org","@graph":[{"@type":"WebPage","@id":"https:\/\/igsamcreativo.com\/galeria\/","url":"https:\/\/igsamcreativo.com\/galeria\/","name":"Galer\u00eda fotogr\u00e1fica | Igsam Creative","isPartOf":{"@id":"https:\/\/igsamcreativo.com\/#website"},"primaryImageOfPage":{"@id":"https:\/\/igsamcreativo.com\/galeria\/#primaryimage"},"image":{"@id":"https:\/\/igsamcreativo.com\/galeria\/#primaryimage"},"thumbnailUrl":"https:\/\/igsamcreativo.com\/wp-content\/uploads\/2021\/08\/Old-Boat-of-Caol-1024x683.jpg","datePublished":"2025-10-22T09:39:34+00:00","dateModified":"2025-12-31T09:17:08+00:00","description":"Descubre nuestra galer\u00eda fotogr\u00e1fica: retratos, books para actores y modelos, paisajes, fotograf\u00eda y v\u00eddeo con drones, costas y mucho m\u00e1s.","breadcrumb":{"@id":"https:\/\/igsamcreativo.com\/galeria\/#breadcrumb"},"inLanguage":"en-GB","potentialAction":[{"@type":"ReadAction","target":["https:\/\/igsamcreativo.com\/galeria\/"]}]},{"@type":"ImageObject","inLanguage":"en-GB","@id":"https:\/\/igsamcreativo.com\/galeria\/#primaryimage","url":"https:\/\/igsamcreativo.com\/wp-content\/uploads\/2021\/08\/Old-Boat-of-Caol-1024x683.jpg","contentUrl":"https:\/\/igsamcreativo.com\/wp-content\/uploads\/2021\/08\/Old-Boat-of-Caol-1024x683.jpg"},{"@type":"BreadcrumbList","@id":"https:\/\/igsamcreativo.com\/galeria\/#breadcrumb","itemListElement":[{"@type":"ListItem","position":1,"name":"Home","item":"https:\/\/igsamcreativo.com\/"},{"@type":"ListItem","position":2,"name":"Galer\u00eda"}]},{"@type":"WebSite","@id":"https:\/\/igsamcreativo.com\/#website","url":"https:\/\/igsamcreativo.com\/","name":"igsamcreativo","description":"Estudio de fotograf\u00eda y v\u00eddeo en San Sebasti\u00e1n de los Reyes, especializado en books de actores y modelos, retratos profesionales y fotograf\u00eda para eventos en Madrid.","publisher":{"@id":"https:\/\/igsamcreativo.com\/#\/schema\/person\/838a11ccfcd03340701a979ffec44c5a"},"potentialAction":[{"@type":"SearchAction","target":{"@type":"EntryPoint","urlTemplate":"https:\/\/igsamcreativo.com\/?s={search_term_string}"},"query-input":{"@type":"PropertyValueSpecification","valueRequired":true,"valueName":"search_term_string"}}],"inLanguage":"en-GB"},{"@type":["Person","Organization"],"@id":"https:\/\/igsamcreativo.com\/#\/schema\/person\/838a11ccfcd03340701a979ffec44c5a","name":"Nacho","image":{"@type":"ImageObject","inLanguage":"en-GB","@id":"https:\/\/igsamcreativo.com\/wp-content\/uploads\/2021\/03\/my-business-logoblack.jpg","url":"https:\/\/igsamcreativo.com\/wp-content\/uploads\/2021\/03\/my-business-logoblack.jpg","contentUrl":"https:\/\/igsamcreativo.com\/wp-content\/uploads\/2021\/03\/my-business-logoblack.jpg","width":720,"height":720,"caption":"Nacho"},"logo":{"@id":"https:\/\/igsamcreativo.com\/wp-content\/uploads\/2021\/03\/my-business-logoblack.jpg"},"sameAs":["http:\/\/igsamcreativo.com"]}]}},"_links":{"self":[{"href":"https:\/\/igsamcreativo.com\/en\/wp-json\/wp\/v2\/pages\/3466","targetHints":{"allow":["GET"]}}],"collection":[{"href":"https:\/\/igsamcreativo.com\/en\/wp-json\/wp\/v2\/pages"}],"about":[{"href":"https:\/\/igsamcreativo.com\/en\/wp-json\/wp\/v2\/types\/page"}],"author":[{"embeddable":true,"href":"https:\/\/igsamcreativo.com\/en\/wp-json\/wp\/v2\/users\/3"}],"replies":[{"embeddable":true,"href":"https:\/\/igsamcreativo.com\/en\/wp-json\/wp\/v2\/comments?post=3466"}],"version-history":[{"count":4,"href":"https:\/\/igsamcreativo.com\/en\/wp-json\/wp\/v2\/pages\/3466\/revisions"}],"predecessor-version":[{"id":3587,"href":"https:\/\/igsamcreativo.com\/en\/wp-json\/wp\/v2\/pages\/3466\/revisions\/3587"}],"wp:attachment":[{"href":"https:\/\/igsamcreativo.com\/en\/wp-json\/wp\/v2\/media?parent=3466"}],"curies":[{"name":"wp","href":"https:\/\/api.w.org\/{rel}","templated":true}]}}