{"id":3172,"date":"2025-10-22T12:14:15","date_gmt":"2025-10-22T10:14:15","guid":{"rendered":"https:\/\/igsamcreativo.com\/?page_id=3172"},"modified":"2025-10-22T13:55:08","modified_gmt":"2025-10-22T11:55:08","slug":"sobre-nosotros","status":"publish","type":"page","link":"https:\/\/igsamcreativo.com\/en\/sobre-nosotros\/","title":{"rendered":"About us"},"content":{"rendered":"<div data-elementor-type=\"wp-page\" data-elementor-id=\"3172\" class=\"elementor elementor-3172\" data-elementor-post-type=\"page\">\n\t\t\t\t\t\t<section class=\"elementor-section elementor-top-section elementor-element elementor-element-0b1522f elementor-section-boxed elementor-section-height-default elementor-section-height-default\" data-id=\"0b1522f\" data-element_type=\"section\" data-e-type=\"section\">\n\t\t\t\t\t\t<div class=\"elementor-container elementor-column-gap-default\">\n\t\t\t\t\t<div class=\"elementor-column elementor-col-100 elementor-top-column elementor-element elementor-element-5b3c819\" data-id=\"5b3c819\" data-element_type=\"column\" data-e-type=\"column\">\n\t\t\t<div class=\"elementor-widget-wrap elementor-element-populated\">\n\t\t\t\t\t\t<section class=\"elementor-section elementor-inner-section elementor-element elementor-element-13644e8 elementor-section-boxed elementor-section-height-default elementor-section-height-default\" data-id=\"13644e8\" data-element_type=\"section\" data-e-type=\"section\">\n\t\t\t\t\t\t<div class=\"elementor-container elementor-column-gap-default\">\n\t\t\t\t\t<div class=\"elementor-column elementor-col-50 elementor-inner-column elementor-element elementor-element-fd87e0f\" data-id=\"fd87e0f\" data-element_type=\"column\" data-e-type=\"column\">\n\t\t\t<div class=\"elementor-widget-wrap elementor-element-populated\">\n\t\t\t\t\t\t<div class=\"elementor-element elementor-element-3759086 elementor-widget elementor-widget-text-editor\" data-id=\"3759086\" data-element_type=\"widget\" data-e-type=\"widget\" data-widget_type=\"text-editor.default\">\n\t\t\t\t<div class=\"elementor-widget-container\">\n\t\t\t\t\t\t\t\t\t<p>Talking about photography means talking about creating under the parameters of a specific theme, unique and focused on an image either planned or obtained spontaneously. There are different specialties in this field, since each book, magazine, encyclopedia or any other, require images as different as the required photograph.<\/p><p>Although it is true that each person can understand photography in a different way, it would be interesting to look for what we feel identified with, because that is a good way to explore our particular vision.<\/p>\t\t\t\t\t\t\t\t<\/div>\n\t\t\t\t<\/div>\n\t\t\t\t\t<\/div>\n\t\t<\/div>\n\t\t\t\t<div class=\"elementor-column elementor-col-50 elementor-inner-column elementor-element elementor-element-923179b\" data-id=\"923179b\" data-element_type=\"column\" data-e-type=\"column\">\n\t\t\t<div class=\"elementor-widget-wrap elementor-element-populated\">\n\t\t\t\t\t\t<div class=\"elementor-element elementor-element-fd35fd2 elementor-widget elementor-widget-image\" data-id=\"fd35fd2\" data-element_type=\"widget\" data-e-type=\"widget\" data-widget_type=\"image.default\">\n\t\t\t\t<div class=\"elementor-widget-container\">\n\t\t\t\t\t\t\t\t\t\t\t\t\t\t\t<img fetchpriority=\"high\" decoding=\"async\" width=\"1024\" height=\"768\" src=\"https:\/\/igsamcreativo.com\/wp-content\/uploads\/2021\/03\/DSCN7568-1024x768.jpg\" class=\"attachment-large size-large wp-image-395\" alt=\"\" srcset=\"https:\/\/igsamcreativo.com\/wp-content\/uploads\/2021\/03\/DSCN7568-1024x768.jpg 1024w, https:\/\/igsamcreativo.com\/wp-content\/uploads\/2021\/03\/DSCN7568-scaled-600x450.jpg 600w, https:\/\/igsamcreativo.com\/wp-content\/uploads\/2021\/03\/DSCN7568-300x225.jpg 300w, https:\/\/igsamcreativo.com\/wp-content\/uploads\/2021\/03\/DSCN7568-768x576.jpg 768w, https:\/\/igsamcreativo.com\/wp-content\/uploads\/2021\/03\/DSCN7568-1536x1152.jpg 1536w, https:\/\/igsamcreativo.com\/wp-content\/uploads\/2021\/03\/DSCN7568-2048x1536.jpg 2048w, https:\/\/igsamcreativo.com\/wp-content\/uploads\/2021\/03\/DSCN7568-16x12.jpg 16w, https:\/\/igsamcreativo.com\/wp-content\/uploads\/2021\/03\/DSCN7568-200x150.jpg 200w\" sizes=\"(max-width: 1024px) 100vw, 1024px\" \/>\t\t\t\t\t\t\t\t\t\t\t\t\t\t\t<\/div>\n\t\t\t\t<\/div>\n\t\t\t\t\t<\/div>\n\t\t<\/div>\n\t\t\t\t\t<\/div>\n\t\t<\/section>\n\t\t\t\t<section class=\"elementor-section elementor-inner-section elementor-element elementor-element-6be3188 elementor-section-boxed elementor-section-height-default elementor-section-height-default\" data-id=\"6be3188\" data-element_type=\"section\" data-e-type=\"section\">\n\t\t\t\t\t\t<div class=\"elementor-container elementor-column-gap-default\">\n\t\t\t\t\t<div class=\"elementor-column elementor-col-50 elementor-inner-column elementor-element elementor-element-49f842a\" data-id=\"49f842a\" data-element_type=\"column\" data-e-type=\"column\">\n\t\t\t<div class=\"elementor-widget-wrap elementor-element-populated\">\n\t\t\t\t\t\t<div class=\"elementor-element elementor-element-8d4ad8b elementor-widget elementor-widget-text-editor\" data-id=\"8d4ad8b\" data-element_type=\"widget\" data-e-type=\"widget\" data-widget_type=\"text-editor.default\">\n\t\t\t\t<div class=\"elementor-widget-container\">\n\t\t\t\t\t\t\t\t\t<p>Let\u2019s say that, to me, it is like showing the world through a lens which makes possible to magnify even the smallest detail.<\/p><p>Outdoor photographs, pictures in a studio with controlled light, with natural light, in movement, a portrait, with saturated colors, in black and white\u2026<\/p><p>These are some of the points of view which photographers could identified with themselves.<\/p><p>A photographic production requires elements, talents and ideas which go beyond a simple photograph, and that is why photographers are here for.<\/p>\t\t\t\t\t\t\t\t<\/div>\n\t\t\t\t<\/div>\n\t\t\t\t\t<\/div>\n\t\t<\/div>\n\t\t\t\t<div class=\"elementor-column elementor-col-50 elementor-inner-column elementor-element elementor-element-9cf6617\" data-id=\"9cf6617\" data-element_type=\"column\" data-e-type=\"column\">\n\t\t\t<div class=\"elementor-widget-wrap elementor-element-populated\">\n\t\t\t\t\t\t<div class=\"elementor-element elementor-element-c937ddb elementor-widget elementor-widget-image\" data-id=\"c937ddb\" data-element_type=\"widget\" data-e-type=\"widget\" data-widget_type=\"image.default\">\n\t\t\t\t<div class=\"elementor-widget-container\">\n\t\t\t\t\t\t\t\t\t\t\t\t\t\t\t<img decoding=\"async\" width=\"251\" height=\"300\" src=\"https:\/\/igsamcreativo.com\/wp-content\/uploads\/2021\/03\/DSC0102bis-251x300.jpg\" class=\"attachment-medium size-medium wp-image-391\" alt=\"\" srcset=\"https:\/\/igsamcreativo.com\/wp-content\/uploads\/2021\/03\/DSC0102bis-251x300.jpg 251w, https:\/\/igsamcreativo.com\/wp-content\/uploads\/2021\/03\/DSC0102bis-600x717.jpg 600w, https:\/\/igsamcreativo.com\/wp-content\/uploads\/2021\/03\/DSC0102bis-10x12.jpg 10w, https:\/\/igsamcreativo.com\/wp-content\/uploads\/2021\/03\/DSC0102bis.jpg 655w\" sizes=\"(max-width: 251px) 100vw, 251px\" \/>\t\t\t\t\t\t\t\t\t\t\t\t\t\t\t<\/div>\n\t\t\t\t<\/div>\n\t\t\t\t\t<\/div>\n\t\t<\/div>\n\t\t\t\t\t<\/div>\n\t\t<\/section>\n\t\t\t\t\t<\/div>\n\t\t<\/div>\n\t\t\t\t\t<\/div>\n\t\t<\/section>\n\t\t\t\t<section class=\"elementor-section elementor-top-section elementor-element elementor-element-c864603 elementor-section-boxed elementor-section-height-default elementor-section-height-default\" data-id=\"c864603\" data-element_type=\"section\" data-e-type=\"section\">\n\t\t\t\t\t\t<div class=\"elementor-container elementor-column-gap-default\">\n\t\t\t\t\t<div class=\"elementor-column elementor-col-100 elementor-top-column elementor-element elementor-element-6f97952 animated-slow elementor-invisible\" data-id=\"6f97952\" data-element_type=\"column\" data-e-type=\"column\" data-settings=\"{&quot;animation&quot;:&quot;zoomIn&quot;}\">\n\t\t\t<div class=\"elementor-widget-wrap elementor-element-populated\">\n\t\t\t\t\t\t<div class=\"elementor-element elementor-element-474d1d3 elementor-widget elementor-widget-text-editor\" data-id=\"474d1d3\" data-element_type=\"widget\" data-e-type=\"widget\" data-widget_type=\"text-editor.default\">\n\t\t\t\t<div class=\"elementor-widget-container\">\n\t\t\t\t\t\t\t\t\t<p style=\"color:#ffffff!important;font-size:16px!important\"><strong>Working with:<\/strong><\/p>\t\t\t\t\t\t\t\t<\/div>\n\t\t\t\t<\/div>\n\t\t\t\t<div class=\"elementor-element elementor-element-b7b4e62 elementor-widget elementor-widget-image\" data-id=\"b7b4e62\" data-element_type=\"widget\" data-e-type=\"widget\" data-widget_type=\"image.default\">\n\t\t\t\t<div class=\"elementor-widget-container\">\n\t\t\t\t\t\t\t\t\t\t\t\t\t\t\t<img decoding=\"async\" width=\"300\" height=\"78\" src=\"https:\/\/igsamcreativo.com\/wp-content\/uploads\/2021\/04\/banner-300x78.jpg\" class=\"attachment-medium size-medium wp-image-2060\" alt=\"\" srcset=\"https:\/\/igsamcreativo.com\/wp-content\/uploads\/2021\/04\/banner-300x78.jpg 300w, https:\/\/igsamcreativo.com\/wp-content\/uploads\/2021\/04\/banner-600x157.jpg 600w, https:\/\/igsamcreativo.com\/wp-content\/uploads\/2021\/04\/banner-16x4.jpg 16w, https:\/\/igsamcreativo.com\/wp-content\/uploads\/2021\/04\/banner.jpg 667w\" sizes=\"(max-width: 300px) 100vw, 300px\" \/>\t\t\t\t\t\t\t\t\t\t\t\t\t\t\t<\/div>\n\t\t\t\t<\/div>\n\t\t\t\t\t<\/div>\n\t\t<\/div>\n\t\t\t\t\t<\/div>\n\t\t<\/section>\n\t\t\t\t<section class=\"elementor-section elementor-top-section elementor-element elementor-element-796bd55 elementor-section-boxed elementor-section-height-default elementor-section-height-default\" data-id=\"796bd55\" data-element_type=\"section\" data-e-type=\"section\">\n\t\t\t\t\t\t<div class=\"elementor-container elementor-column-gap-default\">\n\t\t\t\t\t<div class=\"elementor-column elementor-col-100 elementor-top-column elementor-element elementor-element-3327609\" data-id=\"3327609\" data-element_type=\"column\" data-e-type=\"column\">\n\t\t\t<div class=\"elementor-widget-wrap\">\n\t\t\t\t\t\t\t<\/div>\n\t\t<\/div>\n\t\t\t\t\t<\/div>\n\t\t<\/section>\n\t\t\t\t<\/div>","protected":false},"excerpt":{"rendered":"<p>Hablar de fotograf\u00eda significa hablar de crear bajo los par\u00e1metros de un tema espec\u00edfico, \u00fanico y enfocado en una imagen ya sea planeada o obtenida espont\u00e1neamente. Existen diferentes especialidades en [&hellip;]<\/p>\n","protected":false},"author":3,"featured_media":0,"parent":0,"menu_order":0,"comment_status":"closed","ping_status":"closed","template":"","meta":{"_joinchat":[],"footnotes":""},"class_list":["post-3172","page","type-page","status-publish","hentry"],"yoast_head":"<!-- This site is optimized with the Yoast SEO plugin v27.3 - https:\/\/yoast.com\/product\/yoast-seo-wordpress\/ -->\n<title>Sobre nosotros | Igsam Creative<\/title>\n<meta name=\"description\" content=\"Fot\u00f3grafos apasionados especializados en capturar momentos \u00fanicos y emociones aut\u00e9nticas. Transformamos lo cotidiano en arte visual.\" \/>\n<meta name=\"robots\" content=\"index, follow, max-snippet:-1, max-image-preview:large, max-video-preview:-1\" \/>\n<link rel=\"canonical\" href=\"https:\/\/igsamcreativo.com\/en\/sobre-nosotros\/\" \/>\n<meta property=\"og:locale\" content=\"en_GB\" \/>\n<meta property=\"og:type\" content=\"article\" \/>\n<meta property=\"og:title\" content=\"Sobre nosotros | Igsam Creative\" \/>\n<meta property=\"og:description\" content=\"Fot\u00f3grafos apasionados especializados en capturar momentos \u00fanicos y emociones aut\u00e9nticas. Transformamos lo cotidiano en arte visual.\" \/>\n<meta property=\"og:url\" content=\"https:\/\/igsamcreativo.com\/en\/sobre-nosotros\/\" \/>\n<meta property=\"og:site_name\" content=\"Igsam Creative\" \/>\n<meta property=\"article:modified_time\" content=\"2025-10-22T11:55:08+00:00\" \/>\n<meta property=\"og:image\" content=\"https:\/\/igsamcreativo.com\/wp-content\/uploads\/2021\/03\/DSCN7568-scaled.jpg\" \/>\n\t<meta property=\"og:image:width\" content=\"2560\" \/>\n\t<meta property=\"og:image:height\" content=\"1920\" \/>\n\t<meta property=\"og:image:type\" content=\"image\/jpeg\" \/>\n<meta name=\"twitter:card\" content=\"summary_large_image\" \/>\n<meta name=\"twitter:label1\" content=\"Estimated reading time\" \/>\n\t<meta name=\"twitter:data1\" content=\"2 minutes\" \/>\n<script type=\"application\/ld+json\" class=\"yoast-schema-graph\">{\"@context\":\"https:\\\/\\\/schema.org\",\"@graph\":[{\"@type\":\"WebPage\",\"@id\":\"https:\\\/\\\/igsamcreativo.com\\\/sobre-nosotros\\\/\",\"url\":\"https:\\\/\\\/igsamcreativo.com\\\/sobre-nosotros\\\/\",\"name\":\"Sobre nosotros | Igsam Creative\",\"isPartOf\":{\"@id\":\"https:\\\/\\\/igsamcreativo.com\\\/#website\"},\"primaryImageOfPage\":{\"@id\":\"https:\\\/\\\/igsamcreativo.com\\\/sobre-nosotros\\\/#primaryimage\"},\"image\":{\"@id\":\"https:\\\/\\\/igsamcreativo.com\\\/sobre-nosotros\\\/#primaryimage\"},\"thumbnailUrl\":\"https:\\\/\\\/igsamcreativo.com\\\/wp-content\\\/uploads\\\/2021\\\/03\\\/DSCN7568-1024x768.jpg\",\"datePublished\":\"2025-10-22T10:14:15+00:00\",\"dateModified\":\"2025-10-22T11:55:08+00:00\",\"description\":\"Fot\u00f3grafos apasionados especializados en capturar momentos \u00fanicos y emociones aut\u00e9nticas. Transformamos lo cotidiano en arte visual.\",\"breadcrumb\":{\"@id\":\"https:\\\/\\\/igsamcreativo.com\\\/sobre-nosotros\\\/#breadcrumb\"},\"inLanguage\":\"en-GB\",\"potentialAction\":[{\"@type\":\"ReadAction\",\"target\":[\"https:\\\/\\\/igsamcreativo.com\\\/sobre-nosotros\\\/\"]}]},{\"@type\":\"ImageObject\",\"inLanguage\":\"en-GB\",\"@id\":\"https:\\\/\\\/igsamcreativo.com\\\/sobre-nosotros\\\/#primaryimage\",\"url\":\"https:\\\/\\\/igsamcreativo.com\\\/wp-content\\\/uploads\\\/2021\\\/03\\\/DSCN7568-1024x768.jpg\",\"contentUrl\":\"https:\\\/\\\/igsamcreativo.com\\\/wp-content\\\/uploads\\\/2021\\\/03\\\/DSCN7568-1024x768.jpg\"},{\"@type\":\"BreadcrumbList\",\"@id\":\"https:\\\/\\\/igsamcreativo.com\\\/sobre-nosotros\\\/#breadcrumb\",\"itemListElement\":[{\"@type\":\"ListItem\",\"position\":1,\"name\":\"Home\",\"item\":\"https:\\\/\\\/igsamcreativo.com\\\/\"},{\"@type\":\"ListItem\",\"position\":2,\"name\":\"Sobre nosotros\"}]},{\"@type\":\"WebSite\",\"@id\":\"https:\\\/\\\/igsamcreativo.com\\\/#website\",\"url\":\"https:\\\/\\\/igsamcreativo.com\\\/\",\"name\":\"igsamcreativo\",\"description\":\"Estudio de fotograf\u00eda y v\u00eddeo en San Sebasti\u00e1n de los Reyes, especializado en books de actores y modelos, retratos profesionales y fotograf\u00eda para eventos en Madrid.\",\"publisher\":{\"@id\":\"https:\\\/\\\/igsamcreativo.com\\\/#\\\/schema\\\/person\\\/838a11ccfcd03340701a979ffec44c5a\"},\"potentialAction\":[{\"@type\":\"SearchAction\",\"target\":{\"@type\":\"EntryPoint\",\"urlTemplate\":\"https:\\\/\\\/igsamcreativo.com\\\/?s={search_term_string}\"},\"query-input\":{\"@type\":\"PropertyValueSpecification\",\"valueRequired\":true,\"valueName\":\"search_term_string\"}}],\"inLanguage\":\"en-GB\"},{\"@type\":[\"Person\",\"Organization\"],\"@id\":\"https:\\\/\\\/igsamcreativo.com\\\/#\\\/schema\\\/person\\\/838a11ccfcd03340701a979ffec44c5a\",\"name\":\"Nacho\",\"image\":{\"@type\":\"ImageObject\",\"inLanguage\":\"en-GB\",\"@id\":\"https:\\\/\\\/igsamcreativo.com\\\/wp-content\\\/uploads\\\/2021\\\/03\\\/my-business-logoblack.jpg\",\"url\":\"https:\\\/\\\/igsamcreativo.com\\\/wp-content\\\/uploads\\\/2021\\\/03\\\/my-business-logoblack.jpg\",\"contentUrl\":\"https:\\\/\\\/igsamcreativo.com\\\/wp-content\\\/uploads\\\/2021\\\/03\\\/my-business-logoblack.jpg\",\"width\":720,\"height\":720,\"caption\":\"Nacho\"},\"logo\":{\"@id\":\"https:\\\/\\\/igsamcreativo.com\\\/wp-content\\\/uploads\\\/2021\\\/03\\\/my-business-logoblack.jpg\"},\"sameAs\":[\"http:\\\/\\\/igsamcreativo.com\"]}]}<\/script>\n<!-- \/ Yoast SEO plugin. -->","yoast_head_json":{"title":"Sobre nosotros | Igsam Creative","description":"Fot\u00f3grafos apasionados especializados en capturar momentos \u00fanicos y emociones aut\u00e9nticas. Transformamos lo cotidiano en arte visual.","robots":{"index":"index","follow":"follow","max-snippet":"max-snippet:-1","max-image-preview":"max-image-preview:large","max-video-preview":"max-video-preview:-1"},"canonical":"https:\/\/igsamcreativo.com\/en\/sobre-nosotros\/","og_locale":"en_GB","og_type":"article","og_title":"Sobre nosotros | Igsam Creative","og_description":"Fot\u00f3grafos apasionados especializados en capturar momentos \u00fanicos y emociones aut\u00e9nticas. Transformamos lo cotidiano en arte visual.","og_url":"https:\/\/igsamcreativo.com\/en\/sobre-nosotros\/","og_site_name":"Igsam Creative","article_modified_time":"2025-10-22T11:55:08+00:00","og_image":[{"width":2560,"height":1920,"url":"https:\/\/igsamcreativo.com\/wp-content\/uploads\/2021\/03\/DSCN7568-scaled.jpg","type":"image\/jpeg"}],"twitter_card":"summary_large_image","twitter_misc":{"Estimated reading time":"2 minutes"},"schema":{"@context":"https:\/\/schema.org","@graph":[{"@type":"WebPage","@id":"https:\/\/igsamcreativo.com\/sobre-nosotros\/","url":"https:\/\/igsamcreativo.com\/sobre-nosotros\/","name":"Sobre nosotros | Igsam Creative","isPartOf":{"@id":"https:\/\/igsamcreativo.com\/#website"},"primaryImageOfPage":{"@id":"https:\/\/igsamcreativo.com\/sobre-nosotros\/#primaryimage"},"image":{"@id":"https:\/\/igsamcreativo.com\/sobre-nosotros\/#primaryimage"},"thumbnailUrl":"https:\/\/igsamcreativo.com\/wp-content\/uploads\/2021\/03\/DSCN7568-1024x768.jpg","datePublished":"2025-10-22T10:14:15+00:00","dateModified":"2025-10-22T11:55:08+00:00","description":"Fot\u00f3grafos apasionados especializados en capturar momentos \u00fanicos y emociones aut\u00e9nticas. Transformamos lo cotidiano en arte visual.","breadcrumb":{"@id":"https:\/\/igsamcreativo.com\/sobre-nosotros\/#breadcrumb"},"inLanguage":"en-GB","potentialAction":[{"@type":"ReadAction","target":["https:\/\/igsamcreativo.com\/sobre-nosotros\/"]}]},{"@type":"ImageObject","inLanguage":"en-GB","@id":"https:\/\/igsamcreativo.com\/sobre-nosotros\/#primaryimage","url":"https:\/\/igsamcreativo.com\/wp-content\/uploads\/2021\/03\/DSCN7568-1024x768.jpg","contentUrl":"https:\/\/igsamcreativo.com\/wp-content\/uploads\/2021\/03\/DSCN7568-1024x768.jpg"},{"@type":"BreadcrumbList","@id":"https:\/\/igsamcreativo.com\/sobre-nosotros\/#breadcrumb","itemListElement":[{"@type":"ListItem","position":1,"name":"Home","item":"https:\/\/igsamcreativo.com\/"},{"@type":"ListItem","position":2,"name":"Sobre nosotros"}]},{"@type":"WebSite","@id":"https:\/\/igsamcreativo.com\/#website","url":"https:\/\/igsamcreativo.com\/","name":"igsamcreativo","description":"Estudio de fotograf\u00eda y v\u00eddeo en San Sebasti\u00e1n de los Reyes, especializado en books de actores y modelos, retratos profesionales y fotograf\u00eda para eventos en Madrid.","publisher":{"@id":"https:\/\/igsamcreativo.com\/#\/schema\/person\/838a11ccfcd03340701a979ffec44c5a"},"potentialAction":[{"@type":"SearchAction","target":{"@type":"EntryPoint","urlTemplate":"https:\/\/igsamcreativo.com\/?s={search_term_string}"},"query-input":{"@type":"PropertyValueSpecification","valueRequired":true,"valueName":"search_term_string"}}],"inLanguage":"en-GB"},{"@type":["Person","Organization"],"@id":"https:\/\/igsamcreativo.com\/#\/schema\/person\/838a11ccfcd03340701a979ffec44c5a","name":"Nacho","image":{"@type":"ImageObject","inLanguage":"en-GB","@id":"https:\/\/igsamcreativo.com\/wp-content\/uploads\/2021\/03\/my-business-logoblack.jpg","url":"https:\/\/igsamcreativo.com\/wp-content\/uploads\/2021\/03\/my-business-logoblack.jpg","contentUrl":"https:\/\/igsamcreativo.com\/wp-content\/uploads\/2021\/03\/my-business-logoblack.jpg","width":720,"height":720,"caption":"Nacho"},"logo":{"@id":"https:\/\/igsamcreativo.com\/wp-content\/uploads\/2021\/03\/my-business-logoblack.jpg"},"sameAs":["http:\/\/igsamcreativo.com"]}]}},"_links":{"self":[{"href":"https:\/\/igsamcreativo.com\/en\/wp-json\/wp\/v2\/pages\/3172","targetHints":{"allow":["GET"]}}],"collection":[{"href":"https:\/\/igsamcreativo.com\/en\/wp-json\/wp\/v2\/pages"}],"about":[{"href":"https:\/\/igsamcreativo.com\/en\/wp-json\/wp\/v2\/types\/page"}],"author":[{"embeddable":true,"href":"https:\/\/igsamcreativo.com\/en\/wp-json\/wp\/v2\/users\/3"}],"replies":[{"embeddable":true,"href":"https:\/\/igsamcreativo.com\/en\/wp-json\/wp\/v2\/comments?post=3172"}],"version-history":[{"count":20,"href":"https:\/\/igsamcreativo.com\/en\/wp-json\/wp\/v2\/pages\/3172\/revisions"}],"predecessor-version":[{"id":3464,"href":"https:\/\/igsamcreativo.com\/en\/wp-json\/wp\/v2\/pages\/3172\/revisions\/3464"}],"wp:attachment":[{"href":"https:\/\/igsamcreativo.com\/en\/wp-json\/wp\/v2\/media?parent=3172"}],"curies":[{"name":"wp","href":"https:\/\/api.w.org\/{rel}","templated":true}]}}