{"id":2776,"date":"2023-09-15T13:45:15","date_gmt":"2023-09-15T11:45:15","guid":{"rendered":"https:\/\/igsamcreativo.com\/?page_id=2776"},"modified":"2026-02-25T12:06:02","modified_gmt":"2026-02-25T11:06:02","slug":"video","status":"publish","type":"page","link":"https:\/\/igsamcreativo.com\/en\/galeria\/video\/","title":{"rendered":"Video"},"content":{"rendered":"<div data-elementor-type=\"wp-page\" data-elementor-id=\"2776\" class=\"elementor elementor-2776\" data-elementor-post-type=\"page\">\n\t\t\t\t\t\t<section class=\"elementor-section elementor-top-section elementor-element elementor-element-f931cb5 elementor-section-boxed elementor-section-height-default elementor-section-height-default\" data-id=\"f931cb5\" data-element_type=\"section\" data-e-type=\"section\">\n\t\t\t\t\t\t<div class=\"elementor-container elementor-column-gap-default\">\n\t\t\t\t\t<div class=\"elementor-column elementor-col-100 elementor-top-column elementor-element elementor-element-a37be74\" data-id=\"a37be74\" data-element_type=\"column\" data-e-type=\"column\">\n\t\t\t<div class=\"elementor-widget-wrap elementor-element-populated\">\n\t\t\t\t\t\t<div class=\"elementor-element elementor-element-1f0c156 elementor-widget elementor-widget-video\" data-id=\"1f0c156\" data-element_type=\"widget\" data-e-type=\"widget\" data-settings=\"{&quot;youtube_url&quot;:&quot;https:\\\/\\\/youtu.be\\\/u5zy7VKvpFo&quot;,&quot;yt_privacy&quot;:&quot;yes&quot;,&quot;video_type&quot;:&quot;youtube&quot;,&quot;controls&quot;:&quot;yes&quot;}\" data-widget_type=\"video.default\">\n\t\t\t\t<div class=\"elementor-widget-container\">\n\t\t\t\t\t\t\t<div class=\"elementor-wrapper elementor-open-inline\">\n\t\t\t<div class=\"elementor-video\"><\/div>\t\t<\/div>\n\t\t\t\t\t\t<\/div>\n\t\t\t\t<\/div>\n\t\t\t\t\t<\/div>\n\t\t<\/div>\n\t\t\t\t\t<\/div>\n\t\t<\/section>\n\t\t\t\t<section class=\"elementor-section elementor-top-section elementor-element elementor-element-acbd103 elementor-section-boxed elementor-section-height-default elementor-section-height-default\" data-id=\"acbd103\" data-element_type=\"section\" data-e-type=\"section\">\n\t\t\t\t\t\t<div class=\"elementor-container elementor-column-gap-default\">\n\t\t\t\t\t<div class=\"elementor-column elementor-col-100 elementor-top-column elementor-element elementor-element-4c2a11a\" data-id=\"4c2a11a\" data-element_type=\"column\" data-e-type=\"column\">\n\t\t\t<div class=\"elementor-widget-wrap elementor-element-populated\">\n\t\t\t\t\t\t<div class=\"elementor-element elementor-element-2bca778 elementor-widget elementor-widget-video\" data-id=\"2bca778\" data-element_type=\"widget\" data-e-type=\"widget\" data-settings=\"{&quot;youtube_url&quot;:&quot;https:\\\/\\\/youtu.be\\\/uG2RsuRpjt0&quot;,&quot;yt_privacy&quot;:&quot;yes&quot;,&quot;video_type&quot;:&quot;youtube&quot;,&quot;controls&quot;:&quot;yes&quot;}\" data-widget_type=\"video.default\">\n\t\t\t\t<div class=\"elementor-widget-container\">\n\t\t\t\t\t\t\t<div class=\"elementor-wrapper elementor-open-inline\">\n\t\t\t<div class=\"elementor-video\"><\/div>\t\t<\/div>\n\t\t\t\t\t\t<\/div>\n\t\t\t\t<\/div>\n\t\t\t\t<div class=\"elementor-element elementor-element-7fc1124 elementor-widget elementor-widget-video\" data-id=\"7fc1124\" data-element_type=\"widget\" data-e-type=\"widget\" data-settings=\"{&quot;youtube_url&quot;:&quot;https:\\\/\\\/youtu.be\\\/WDxpxZ-qAb8&quot;,&quot;yt_privacy&quot;:&quot;yes&quot;,&quot;video_type&quot;:&quot;youtube&quot;,&quot;controls&quot;:&quot;yes&quot;}\" data-widget_type=\"video.default\">\n\t\t\t\t<div class=\"elementor-widget-container\">\n\t\t\t\t\t\t\t<div class=\"elementor-wrapper elementor-open-inline\">\n\t\t\t<div class=\"elementor-video\"><\/div>\t\t<\/div>\n\t\t\t\t\t\t<\/div>\n\t\t\t\t<\/div>\n\t\t\t\t\t<\/div>\n\t\t<\/div>\n\t\t\t\t\t<\/div>\n\t\t<\/section>\n\t\t\t\t<section class=\"elementor-section elementor-top-section elementor-element elementor-element-0fa0464 elementor-section-boxed elementor-section-height-default elementor-section-height-default\" data-id=\"0fa0464\" data-element_type=\"section\" data-e-type=\"section\">\n\t\t\t\t\t\t<div class=\"elementor-container elementor-column-gap-default\">\n\t\t\t\t\t<div class=\"elementor-column elementor-col-100 elementor-top-column elementor-element elementor-element-7f02b51\" data-id=\"7f02b51\" data-element_type=\"column\" data-e-type=\"column\">\n\t\t\t<div class=\"elementor-widget-wrap elementor-element-populated\">\n\t\t\t\t\t\t<div class=\"elementor-element elementor-element-bdc6e8e elementor-widget elementor-widget-video\" data-id=\"bdc6e8e\" data-element_type=\"widget\" data-e-type=\"widget\" data-settings=\"{&quot;youtube_url&quot;:&quot;https:\\\/\\\/youtu.be\\\/6xXyhxiPCxA&quot;,&quot;yt_privacy&quot;:&quot;yes&quot;,&quot;video_type&quot;:&quot;youtube&quot;,&quot;controls&quot;:&quot;yes&quot;}\" data-widget_type=\"video.default\">\n\t\t\t\t<div class=\"elementor-widget-container\">\n\t\t\t\t\t\t\t<div class=\"elementor-wrapper elementor-open-inline\">\n\t\t\t<div class=\"elementor-video\"><\/div>\t\t<\/div>\n\t\t\t\t\t\t<\/div>\n\t\t\t\t<\/div>\n\t\t\t\t\t<\/div>\n\t\t<\/div>\n\t\t\t\t\t<\/div>\n\t\t<\/section>\n\t\t\t\t<\/div>","protected":false},"excerpt":{"rendered":"<p>https:\/\/youtu.be\/u5zy7VKvpFohttps:\/\/youtu.be\/uG2RsuRpjt0https:\/\/youtu.be\/WDxpxZ-qAb8https:\/\/youtu.be\/6xXyhxiPCxA<\/p>","protected":false},"author":1,"featured_media":0,"parent":3466,"menu_order":0,"comment_status":"closed","ping_status":"closed","template":"","meta":{"_joinchat":[],"footnotes":""},"class_list":["post-2776","page","type-page","status-publish","hentry"],"yoast_head":"<!-- This site is optimized with the Yoast SEO plugin v27.3 - https:\/\/yoast.com\/product\/yoast-seo-wordpress\/ -->\n<title>V\u00eddeo | Igsam Creative<\/title>\n<meta name=\"description\" content=\"Descubre nuestra galer\u00eda de trabajos de v\u00eddeo y producci\u00f3n. V\u00eddeos en alta calidad con iluminaci\u00f3n y composici\u00f3n impecables. \u00a1Inf\u00f3rmate!\" \/>\n<meta name=\"robots\" content=\"index, follow, max-snippet:-1, max-image-preview:large, max-video-preview:-1\" \/>\n<link rel=\"canonical\" href=\"https:\/\/igsamcreativo.com\/en\/galeria\/video\/\" \/>\n<meta property=\"og:locale\" content=\"en_GB\" \/>\n<meta property=\"og:type\" content=\"article\" \/>\n<meta property=\"og:title\" content=\"V\u00eddeo | Igsam Creative\" \/>\n<meta property=\"og:description\" content=\"Descubre nuestra galer\u00eda de trabajos de v\u00eddeo y producci\u00f3n. V\u00eddeos en alta calidad con iluminaci\u00f3n y composici\u00f3n impecables. \u00a1Inf\u00f3rmate!\" \/>\n<meta property=\"og:url\" content=\"https:\/\/igsamcreativo.com\/en\/galeria\/video\/\" \/>\n<meta property=\"og:site_name\" content=\"Igsam Creative\" \/>\n<meta property=\"article:modified_time\" content=\"2026-02-25T11:06:02+00:00\" \/>\n<meta name=\"twitter:card\" content=\"summary_large_image\" \/>\n<meta name=\"twitter:label1\" content=\"Estimated reading time\" \/>\n\t<meta name=\"twitter:data1\" content=\"1 minute\" \/>\n<script type=\"application\/ld+json\" class=\"yoast-schema-graph\">{\"@context\":\"https:\\\/\\\/schema.org\",\"@graph\":[{\"@type\":\"WebPage\",\"@id\":\"https:\\\/\\\/igsamcreativo.com\\\/galeria\\\/video\\\/\",\"url\":\"https:\\\/\\\/igsamcreativo.com\\\/galeria\\\/video\\\/\",\"name\":\"V\u00eddeo | Igsam Creative\",\"isPartOf\":{\"@id\":\"https:\\\/\\\/igsamcreativo.com\\\/#website\"},\"datePublished\":\"2023-09-15T11:45:15+00:00\",\"dateModified\":\"2026-02-25T11:06:02+00:00\",\"description\":\"Descubre nuestra galer\u00eda de trabajos de v\u00eddeo y producci\u00f3n. V\u00eddeos en alta calidad con iluminaci\u00f3n y composici\u00f3n impecables. \u00a1Inf\u00f3rmate!\",\"breadcrumb\":{\"@id\":\"https:\\\/\\\/igsamcreativo.com\\\/galeria\\\/video\\\/#breadcrumb\"},\"inLanguage\":\"en-GB\",\"potentialAction\":[{\"@type\":\"ReadAction\",\"target\":[\"https:\\\/\\\/igsamcreativo.com\\\/galeria\\\/video\\\/\"]}]},{\"@type\":\"BreadcrumbList\",\"@id\":\"https:\\\/\\\/igsamcreativo.com\\\/galeria\\\/video\\\/#breadcrumb\",\"itemListElement\":[{\"@type\":\"ListItem\",\"position\":1,\"name\":\"Home\",\"item\":\"https:\\\/\\\/igsamcreativo.com\\\/\"},{\"@type\":\"ListItem\",\"position\":2,\"name\":\"Galer\u00eda\",\"item\":\"https:\\\/\\\/igsamcreativo.com\\\/galeria\\\/\"},{\"@type\":\"ListItem\",\"position\":3,\"name\":\"V\u00eddeo\"}]},{\"@type\":\"WebSite\",\"@id\":\"https:\\\/\\\/igsamcreativo.com\\\/#website\",\"url\":\"https:\\\/\\\/igsamcreativo.com\\\/\",\"name\":\"igsamcreativo\",\"description\":\"Estudio de fotograf\u00eda y v\u00eddeo en San Sebasti\u00e1n de los Reyes, especializado en books de actores y modelos, retratos profesionales y fotograf\u00eda para eventos en Madrid.\",\"publisher\":{\"@id\":\"https:\\\/\\\/igsamcreativo.com\\\/#\\\/schema\\\/person\\\/838a11ccfcd03340701a979ffec44c5a\"},\"potentialAction\":[{\"@type\":\"SearchAction\",\"target\":{\"@type\":\"EntryPoint\",\"urlTemplate\":\"https:\\\/\\\/igsamcreativo.com\\\/?s={search_term_string}\"},\"query-input\":{\"@type\":\"PropertyValueSpecification\",\"valueRequired\":true,\"valueName\":\"search_term_string\"}}],\"inLanguage\":\"en-GB\"},{\"@type\":[\"Person\",\"Organization\"],\"@id\":\"https:\\\/\\\/igsamcreativo.com\\\/#\\\/schema\\\/person\\\/838a11ccfcd03340701a979ffec44c5a\",\"name\":\"Nacho\",\"image\":{\"@type\":\"ImageObject\",\"inLanguage\":\"en-GB\",\"@id\":\"https:\\\/\\\/igsamcreativo.com\\\/wp-content\\\/uploads\\\/2021\\\/03\\\/my-business-logoblack.jpg\",\"url\":\"https:\\\/\\\/igsamcreativo.com\\\/wp-content\\\/uploads\\\/2021\\\/03\\\/my-business-logoblack.jpg\",\"contentUrl\":\"https:\\\/\\\/igsamcreativo.com\\\/wp-content\\\/uploads\\\/2021\\\/03\\\/my-business-logoblack.jpg\",\"width\":720,\"height\":720,\"caption\":\"Nacho\"},\"logo\":{\"@id\":\"https:\\\/\\\/igsamcreativo.com\\\/wp-content\\\/uploads\\\/2021\\\/03\\\/my-business-logoblack.jpg\"},\"sameAs\":[\"http:\\\/\\\/igsamcreativo.com\"]}]}<\/script>\n<!-- \/ Yoast SEO plugin. -->","yoast_head_json":{"title":"V\u00eddeo | Igsam Creative","description":"Descubre nuestra galer\u00eda de trabajos de v\u00eddeo y producci\u00f3n. V\u00eddeos en alta calidad con iluminaci\u00f3n y composici\u00f3n impecables. \u00a1Inf\u00f3rmate!","robots":{"index":"index","follow":"follow","max-snippet":"max-snippet:-1","max-image-preview":"max-image-preview:large","max-video-preview":"max-video-preview:-1"},"canonical":"https:\/\/igsamcreativo.com\/en\/galeria\/video\/","og_locale":"en_GB","og_type":"article","og_title":"V\u00eddeo | Igsam Creative","og_description":"Descubre nuestra galer\u00eda de trabajos de v\u00eddeo y producci\u00f3n. V\u00eddeos en alta calidad con iluminaci\u00f3n y composici\u00f3n impecables. \u00a1Inf\u00f3rmate!","og_url":"https:\/\/igsamcreativo.com\/en\/galeria\/video\/","og_site_name":"Igsam Creative","article_modified_time":"2026-02-25T11:06:02+00:00","twitter_card":"summary_large_image","twitter_misc":{"Estimated reading time":"1 minute"},"schema":{"@context":"https:\/\/schema.org","@graph":[{"@type":"WebPage","@id":"https:\/\/igsamcreativo.com\/galeria\/video\/","url":"https:\/\/igsamcreativo.com\/galeria\/video\/","name":"V\u00eddeo | Igsam Creative","isPartOf":{"@id":"https:\/\/igsamcreativo.com\/#website"},"datePublished":"2023-09-15T11:45:15+00:00","dateModified":"2026-02-25T11:06:02+00:00","description":"Descubre nuestra galer\u00eda de trabajos de v\u00eddeo y producci\u00f3n. V\u00eddeos en alta calidad con iluminaci\u00f3n y composici\u00f3n impecables. \u00a1Inf\u00f3rmate!","breadcrumb":{"@id":"https:\/\/igsamcreativo.com\/galeria\/video\/#breadcrumb"},"inLanguage":"en-GB","potentialAction":[{"@type":"ReadAction","target":["https:\/\/igsamcreativo.com\/galeria\/video\/"]}]},{"@type":"BreadcrumbList","@id":"https:\/\/igsamcreativo.com\/galeria\/video\/#breadcrumb","itemListElement":[{"@type":"ListItem","position":1,"name":"Home","item":"https:\/\/igsamcreativo.com\/"},{"@type":"ListItem","position":2,"name":"Galer\u00eda","item":"https:\/\/igsamcreativo.com\/galeria\/"},{"@type":"ListItem","position":3,"name":"V\u00eddeo"}]},{"@type":"WebSite","@id":"https:\/\/igsamcreativo.com\/#website","url":"https:\/\/igsamcreativo.com\/","name":"igsamcreativo","description":"Estudio de fotograf\u00eda y v\u00eddeo en San Sebasti\u00e1n de los Reyes, especializado en books de actores y modelos, retratos profesionales y fotograf\u00eda para eventos en Madrid.","publisher":{"@id":"https:\/\/igsamcreativo.com\/#\/schema\/person\/838a11ccfcd03340701a979ffec44c5a"},"potentialAction":[{"@type":"SearchAction","target":{"@type":"EntryPoint","urlTemplate":"https:\/\/igsamcreativo.com\/?s={search_term_string}"},"query-input":{"@type":"PropertyValueSpecification","valueRequired":true,"valueName":"search_term_string"}}],"inLanguage":"en-GB"},{"@type":["Person","Organization"],"@id":"https:\/\/igsamcreativo.com\/#\/schema\/person\/838a11ccfcd03340701a979ffec44c5a","name":"Nacho","image":{"@type":"ImageObject","inLanguage":"en-GB","@id":"https:\/\/igsamcreativo.com\/wp-content\/uploads\/2021\/03\/my-business-logoblack.jpg","url":"https:\/\/igsamcreativo.com\/wp-content\/uploads\/2021\/03\/my-business-logoblack.jpg","contentUrl":"https:\/\/igsamcreativo.com\/wp-content\/uploads\/2021\/03\/my-business-logoblack.jpg","width":720,"height":720,"caption":"Nacho"},"logo":{"@id":"https:\/\/igsamcreativo.com\/wp-content\/uploads\/2021\/03\/my-business-logoblack.jpg"},"sameAs":["http:\/\/igsamcreativo.com"]}]}},"_links":{"self":[{"href":"https:\/\/igsamcreativo.com\/en\/wp-json\/wp\/v2\/pages\/2776","targetHints":{"allow":["GET"]}}],"collection":[{"href":"https:\/\/igsamcreativo.com\/en\/wp-json\/wp\/v2\/pages"}],"about":[{"href":"https:\/\/igsamcreativo.com\/en\/wp-json\/wp\/v2\/types\/page"}],"author":[{"embeddable":true,"href":"https:\/\/igsamcreativo.com\/en\/wp-json\/wp\/v2\/users\/1"}],"replies":[{"embeddable":true,"href":"https:\/\/igsamcreativo.com\/en\/wp-json\/wp\/v2\/comments?post=2776"}],"version-history":[{"count":25,"href":"https:\/\/igsamcreativo.com\/en\/wp-json\/wp\/v2\/pages\/2776\/revisions"}],"predecessor-version":[{"id":3476,"href":"https:\/\/igsamcreativo.com\/en\/wp-json\/wp\/v2\/pages\/2776\/revisions\/3476"}],"up":[{"embeddable":true,"href":"https:\/\/igsamcreativo.com\/en\/wp-json\/wp\/v2\/pages\/3466"}],"wp:attachment":[{"href":"https:\/\/igsamcreativo.com\/en\/wp-json\/wp\/v2\/media?parent=2776"}],"curies":[{"name":"wp","href":"https:\/\/api.w.org\/{rel}","templated":true}]}}